{"id":220,"date":"2019-06-13T17:49:58","date_gmt":"2019-06-13T15:49:58","guid":{"rendered":"http:\/\/guide-gnss.com\/?page_id=220"},"modified":"2024-04-18T12:15:03","modified_gmt":"2024-04-18T10:15:03","slug":"gnss-aeronautique-aviation","status":"publish","type":"page","link":"https:\/\/guide-gnss.com\/fr\/gnss-aeronautique-aviation\/","title":{"rendered":"GNSS a\u00e9ronautique"},"content":{"rendered":"<p>[et_pb_section fb_built=\u00a0\u00bb1&Prime; fullwidth=\u00a0\u00bbon\u00a0\u00bb _builder_version=\u00a0\u00bb4.16&Prime; saved_tabs=\u00a0\u00bball\u00a0\u00bb global_colors_info=\u00a0\u00bb{}\u00a0\u00bb][et_pb_fullwidth_header title=\u00a0\u00bbGNSS pour le secteur a\u00e9ronautique\u00a0\u00bb _builder_version=\u00a0\u00bb4.16&Prime; title_font=\u00a0\u00bbMontserrat|700|||||||\u00a0\u00bb title_text_align=\u00a0\u00bbcenter\u00a0\u00bb title_font_size=\u00a0\u00bb32px\u00a0\u00bb title_letter_spacing=\u00a0\u00bb3px\u00a0\u00bb subhead_font=\u00a0\u00bbMontserrat|600|||||||\u00a0\u00bb subhead_text_align=\u00a0\u00bbcenter\u00a0\u00bb subhead_font_size=\u00a0\u00bb20px\u00a0\u00bb use_background_color_gradient=\u00a0\u00bbon\u00a0\u00bb background_color_gradient_stops=\u00a0\u00bb#375882 0%|#4370a0 100%\u00a0\u00bb background_color_gradient_start=\u00a0\u00bb#375882&Prime; background_color_gradient_end=\u00a0\u00bb#4370a0&Prime; global_colors_info=\u00a0\u00bb{}\u00a0\u00bb]<\/p>\n<h2 style=\"text-align: center; font-size: 20px;\">Aviation l\u00e9g\u00e8re, voilures fixes, voilures tournantes<\/h2>\n<h3 style=\"text-align: center; font-size: 15px;\">&nbsp;<\/h3>\n<p>[\/et_pb_fullwidth_header][\/et_pb_section][et_pb_section fb_built=\u00a0\u00bb1&Prime; specialty=\u00a0\u00bbon\u00a0\u00bb _builder_version=\u00a0\u00bb4.16&Prime; custom_margin=\u00a0\u00bb||-32px|||\u00a0\u00bb global_colors_info=\u00a0\u00bb{}\u00a0\u00bb][et_pb_column type=\u00a0\u00bb1_2&Prime; _builder_version=\u00a0\u00bb4.16&Prime; custom_padding=\u00a0\u00bb|||\u00a0\u00bb global_colors_info=\u00a0\u00bb{}\u00a0\u00bb custom_padding__hover=\u00a0\u00bb|||\u00a0\u00bb][et_pb_text _builder_version=\u00a0\u00bb4.16&Prime; global_colors_info=\u00a0\u00bb{}\u00a0\u00bb]<\/p>\n<h2>Cas d&rsquo;utilisation du GNSS dans le domaine de l&rsquo;aeronautique<\/h2>\n<h3><\/h3>\n<h3>Aviation commerciale\u00a0<\/h3>\n<h3>Aviation d&rsquo;affaires<\/h3>\n<h3>Aviation de fret<\/h3>\n<p>&nbsp;<\/p>\n<h3>Aviation g\u00e9n\u00e9rale<\/h3>\n<ul>\n<li>Tourisme et aviation de loisirs<\/li>\n<li>Planeurs \/ ULM<\/li>\n<li>Avions d&rsquo;acrobaties\u00a0<\/li>\n<\/ul>\n<h3>Helicopt\u00e8res<\/h3>\n<ul>\n<li>S\u00e9curit\u00e9 et assistance<\/li>\n<li>Transports de personnes et de mat\u00e9riel<\/li>\n<li>Surveillance d&rsquo;ouvrages et de territoires<\/li>\n<li>Autres : \u00c9pandage, levage<\/li>\n<\/ul>\n<h3>UAV\/RPAS<\/h3>\n<ul>\n<li>Drones \u00e0 voilures fixes<\/li>\n<li>Drones \u00e0 voilures tournantes<\/li>\n<\/ul>\n<h3>Mat\u00e9riel de soutien au sol<\/h3>\n<ul>\n<li>Ravitailleurs\u00a0<\/li>\n<li>Remorqueurs et tracteurs \/ Chargeurs \u00e0 tapis roulant<\/li>\n<li>Autobus \/ Escaliers pour l&#8217;embarquement de passagers<\/li>\n<li>V\u00e9hicules d&rsquo;interventions et de secours\u00a0<\/li>\n<\/ul>\n<p>[\/et_pb_text][\/et_pb_column][et_pb_column type=\u00a0\u00bb1_2&Prime; specialty_columns=\u00a0\u00bb2&Prime; _builder_version=\u00a0\u00bb4.16&Prime; custom_padding=\u00a0\u00bb|||\u00a0\u00bb global_colors_info=\u00a0\u00bb{}\u00a0\u00bb custom_padding__hover=\u00a0\u00bb|||\u00a0\u00bb][et_pb_row_inner _builder_version=\u00a0\u00bb4.16&Prime; global_colors_info=\u00a0\u00bb{}\u00a0\u00bb][et_pb_column_inner saved_specialty_column_type=\u00a0\u00bb1_2&Prime; _builder_version=\u00a0\u00bb4.16&Prime; global_colors_info=\u00a0\u00bb{}\u00a0\u00bb][et_pb_image src=\u00a0\u00bbhttps:\/\/guide-gnss.com\/wp-content\/uploads\/2024\/01\/240124-gnss-aviation-2-scaled.jpg\u00a0\u00bb alt=\u00a0\u00bbGNSS aviation\u00a0\u00bb title_text=\u00a0\u00bbHelicopter Sunset Flight 2&Prime; _builder_version=\u00a0\u00bb4.21.0&Prime; global_colors_info=\u00a0\u00bb{}\u00a0\u00bb][\/et_pb_image][et_pb_image src=\u00a0\u00bbhttps:\/\/guide-gnss.com\/wp-content\/uploads\/2024\/01\/240124-gnss-aviation-scaled.jpg\u00a0\u00bb alt=\u00a0\u00bbGNSS aviation\u00a0\u00bb title_text=\u00a0\u00bb240124-gnss-aviation\u00a0\u00bb _builder_version=\u00a0\u00bb4.21.0&Prime; custom_margin=\u00a0\u00bb10px|||||\u00a0\u00bb custom_padding=\u00a0\u00bb24px|||||\u00a0\u00bb global_colors_info=\u00a0\u00bb{}\u00a0\u00bb][\/et_pb_image][et_pb_image src=\u00a0\u00bbhttps:\/\/guide-gnss.com\/wp-content\/uploads\/2024\/01\/240124-gnss-aviation-3.jpg\u00a0\u00bb alt=\u00a0\u00bbGNSS aviation\u00a0\u00bb title_text=\u00a0\u00bb240124-gnss-aviation-3&Prime; _builder_version=\u00a0\u00bb4.21.0&Prime; global_colors_info=\u00a0\u00bb{}\u00a0\u00bb][\/et_pb_image][\/et_pb_column_inner][\/et_pb_row_inner][et_pb_row_inner column_structure=\u00a0\u00bb1_2,1_2&Prime; use_custom_gutter=\u00a0\u00bbon\u00a0\u00bb gutter_width=\u00a0\u00bb1&Prime; _builder_version=\u00a0\u00bb4.16&Prime; background_color=\u00a0\u00bb#375882&Prime; custom_margin=\u00a0\u00bb18px|||||\u00a0\u00bb global_colors_info=\u00a0\u00bb{}\u00a0\u00bb][et_pb_column_inner type=\u00a0\u00bb1_2&Prime; saved_specialty_column_type=\u00a0\u00bb1_2&Prime; _builder_version=\u00a0\u00bb4.16&Prime; background_color=\u00a0\u00bb#375882&Prime; custom_padding=\u00a0\u00bb|||20px|false|false\u00a0\u00bb global_colors_info=\u00a0\u00bb{}\u00a0\u00bb][et_pb_image src=\u00a0\u00bbhttps:\/\/guide-gnss.com\/wp-content\/uploads\/2024\/04\/EUSPA-EO-et-GNSS.jpg\u00a0\u00bb title_text=\u00a0\u00bbEUSPA-EO et GNSS\u00a0\u00bb _builder_version=\u00a0\u00bb4.21.0&Prime; hover_enabled=\u00a0\u00bb0&Prime; global_colors_info=\u00a0\u00bb{}\u00a0\u00bb alt=\u00a0\u00bbEUSPA-EO et GNSS\u00a0\u00bb sticky_enabled=\u00a0\u00bb0&Prime;][\/et_pb_image][\/et_pb_column_inner][et_pb_column_inner type=\u00a0\u00bb1_2&Prime; saved_specialty_column_type=\u00a0\u00bb1_2&Prime; _builder_version=\u00a0\u00bb4.16&Prime; global_colors_info=\u00a0\u00bb{}\u00a0\u00bb][et_pb_button button_url=\u00a0\u00bbhttps:\/\/www.euspa.europa.eu\/sites\/default\/files\/euspa_market_report_2024.pdf\u00a0\u00bb button_text=\u00a0\u00bbRapport GSA &#8211; March\u00e9 du GNSS et applications\u00a0\u00bb button_alignment=\u00a0\u00bbleft\u00a0\u00bb _builder_version=\u00a0\u00bb4.21.0&Prime; custom_button=\u00a0\u00bbon\u00a0\u00bb button_text_color=\u00a0\u00bb#ffffff\u00a0\u00bb button_bg_color=\u00a0\u00bb#375882&Prime; button_border_width=\u00a0\u00bb0px\u00a0\u00bb button_border_color=\u00a0\u00bb#375882&Prime; button_icon_color=\u00a0\u00bb#ffffff\u00a0\u00bb button_on_hover=\u00a0\u00bboff\u00a0\u00bb custom_margin=\u00a0\u00bb|20px||20px|false|false\u00a0\u00bb custom_padding=\u00a0\u00bb|||20px|false|false\u00a0\u00bb hover_enabled=\u00a0\u00bb0&Prime; global_colors_info=\u00a0\u00bb{}\u00a0\u00bb url_new_window=\u00a0\u00bbon\u00a0\u00bb sticky_enabled=\u00a0\u00bb0&Prime;][\/et_pb_button][\/et_pb_column_inner][\/et_pb_row_inner][et_pb_row_inner _builder_version=\u00a0\u00bb4.16&Prime; global_colors_info=\u00a0\u00bb{}\u00a0\u00bb][et_pb_column_inner saved_specialty_column_type=\u00a0\u00bb1_2&Prime; _builder_version=\u00a0\u00bb4.16&Prime; global_colors_info=\u00a0\u00bb{}\u00a0\u00bb][et_pb_button button_url=\u00a0\u00bbhttp:\/\/www.path4flight.com\/\u00a0\u00bb button_text=\u00a0\u00bbD\u00e9couvrez le projet PATH4FLIGHT\u00a0\u00bb button_alignment=\u00a0\u00bbright\u00a0\u00bb _builder_version=\u00a0\u00bb4.16&Prime; custom_button=\u00a0\u00bbon\u00a0\u00bb button_text_color=\u00a0\u00bb#ffffff\u00a0\u00bb button_bg_color=\u00a0\u00bb#375882&Prime; button_icon=\u00a0\u00bb&#x39;||divi||400&Prime; button_icon_color=\u00a0\u00bb#ffffff\u00a0\u00bb button_on_hover=\u00a0\u00bboff\u00a0\u00bb global_colors_info=\u00a0\u00bb{}\u00a0\u00bb][\/et_pb_button][\/et_pb_column_inner][\/et_pb_row_inner][\/et_pb_column][\/et_pb_section][et_pb_section fb_built=\u00a0\u00bb1&Prime; _builder_version=\u00a0\u00bb4.16&Prime; _module_preset=\u00a0\u00bbdefault\u00a0\u00bb background_color=\u00a0\u00bb#57585a\u00a0\u00bb custom_padding=\u00a0\u00bb40px||41px|||\u00a0\u00bb global_colors_info=\u00a0\u00bb{}\u00a0\u00bb][et_pb_row _builder_version=\u00a0\u00bb4.16&Prime; _module_preset=\u00a0\u00bbdefault\u00a0\u00bb custom_margin=\u00a0\u00bb1px|auto||auto||\u00a0\u00bb global_colors_info=\u00a0\u00bb{}\u00a0\u00bb][et_pb_column type=\u00a0\u00bb4_4&Prime; _builder_version=\u00a0\u00bb4.16&Prime; _module_preset=\u00a0\u00bbdefault\u00a0\u00bb global_colors_info=\u00a0\u00bb{}\u00a0\u00bb][et_pb_text _builder_version=\u00a0\u00bb4.16&Prime; _module_preset=\u00a0\u00bbdefault\u00a0\u00bb global_colors_info=\u00a0\u00bb{}\u00a0\u00bb]<\/p>\n<h2 style=\"text-align: center;\"><span style=\"color: #ffffff;\"><span color=\"#ffffff\" style=\"color: #ffffff;\">Nos secteurs d&rsquo;intervention<\/span><\/span><\/h2>\n<p style=\"text-align: center;\"><span style=\"color: #ffffff;\"><\/span><\/p>\n<p style=\"text-align: center;\"><span style=\"color: #ffffff;\">Chaque cas d&rsquo;usage appelle ses propres solutions, fond\u00e9es principalement sur des crit\u00e8res techniques, financiers et de criticit\u00e9.<\/span><\/p>\n<p>[\/et_pb_text][\/et_pb_column][\/et_pb_row][et_pb_row column_structure=\u00a0\u00bb1_5,1_5,1_5,1_5,1_5&Prime; use_custom_gutter=\u00a0\u00bbon\u00a0\u00bb gutter_width=\u00a0\u00bb2&Prime; _builder_version=\u00a0\u00bb4.16&Prime; _module_preset=\u00a0\u00bbdefault\u00a0\u00bb custom_margin=\u00a0\u00bb-4px|auto||auto||\u00a0\u00bb custom_padding=\u00a0\u00bb2px|||||\u00a0\u00bb global_colors_info=\u00a0\u00bb{}\u00a0\u00bb][et_pb_column type=\u00a0\u00bb1_5&Prime; _builder_version=\u00a0\u00bb4.16&Prime; _module_preset=\u00a0\u00bbdefault\u00a0\u00bb global_colors_info=\u00a0\u00bb{}\u00a0\u00bb][et_pb_image src=\u00a0\u00bbhttps:\/\/guide-gnss.com\/wp-content\/uploads\/2020\/06\/Minimalist-21st-Birthday-Card.jpg\u00a0\u00bb title_text=\u00a0\u00bbMinimalist 21st Birthday Card\u00a0\u00bb url=\u00a0\u00bbhttps:\/\/guide-gnss.com\/fr\/gnss-transport-routier\/\u00a0\u00bb use_overlay=\u00a0\u00bbon\u00a0\u00bb overlay_icon_color=\u00a0\u00bb#ffffff\u00a0\u00bb hover_overlay_color=\u00a0\u00bb#375882&Prime; hover_icon=\u00a0\u00bb&#x39;||divi||400&Prime; _builder_version=\u00a0\u00bb4.16&Prime; _module_preset=\u00a0\u00bbdefault\u00a0\u00bb global_colors_info=\u00a0\u00bb{}\u00a0\u00bb][\/et_pb_image][et_pb_text _builder_version=\u00a0\u00bb4.16&Prime; _module_preset=\u00a0\u00bbdefault\u00a0\u00bb global_colors_info=\u00a0\u00bb{}\u00a0\u00bb]<\/p>\n<p style=\"text-align: center;\"><strong><span style=\"color: #ffffff;\">Automobile et transport routier<\/span><\/strong><\/p>\n<p>[\/et_pb_text][\/et_pb_column][et_pb_column type=\u00a0\u00bb1_5&Prime; _builder_version=\u00a0\u00bb4.16&Prime; _module_preset=\u00a0\u00bbdefault\u00a0\u00bb global_colors_info=\u00a0\u00bb{}\u00a0\u00bb][et_pb_image src=\u00a0\u00bbhttps:\/\/guide-gnss.com\/wp-content\/uploads\/2020\/06\/homepage_secteur_train.jpg\u00a0\u00bb title_text=\u00a0\u00bbhomepage_secteur_train\u00a0\u00bb url=\u00a0\u00bbhttps:\/\/guide-gnss.com\/fr\/gnss-ferroviaire\/\u00a0\u00bb use_overlay=\u00a0\u00bbon\u00a0\u00bb overlay_icon_color=\u00a0\u00bb#ffffff\u00a0\u00bb hover_overlay_color=\u00a0\u00bb#375882&Prime; hover_icon=\u00a0\u00bb&#x39;||divi||400&Prime; _builder_version=\u00a0\u00bb4.16&Prime; _module_preset=\u00a0\u00bbdefault\u00a0\u00bb global_colors_info=\u00a0\u00bb{}\u00a0\u00bb][\/et_pb_image][et_pb_text _builder_version=\u00a0\u00bb4.16&Prime; _module_preset=\u00a0\u00bbdefault\u00a0\u00bb global_colors_info=\u00a0\u00bb{}\u00a0\u00bb]<\/p>\n<p style=\"text-align: center;\"><strong><span style=\"color: #ffffff;\">Ferroviaire et tramway<\/span><\/strong><\/p>\n<p>[\/et_pb_text][\/et_pb_column][et_pb_column type=\u00a0\u00bb1_5&Prime; _builder_version=\u00a0\u00bb4.16&Prime; _module_preset=\u00a0\u00bbdefault\u00a0\u00bb global_colors_info=\u00a0\u00bb{}\u00a0\u00bb][et_pb_image src=\u00a0\u00bbhttps:\/\/guide-gnss.com\/wp-content\/uploads\/2020\/06\/homepage_secteur_fleuve.jpg\u00a0\u00bb title_text=\u00a0\u00bbhomepage_secteur_fleuve\u00a0\u00bb url=\u00a0\u00bbhttps:\/\/guide-gnss.com\/fr\/gnss-maritime-ports\/\u00a0\u00bb use_overlay=\u00a0\u00bbon\u00a0\u00bb overlay_icon_color=\u00a0\u00bb#ffffff\u00a0\u00bb hover_overlay_color=\u00a0\u00bb#375882&Prime; hover_icon=\u00a0\u00bb&#x39;||divi||400&Prime; _builder_version=\u00a0\u00bb4.16&Prime; _module_preset=\u00a0\u00bbdefault\u00a0\u00bb global_colors_info=\u00a0\u00bb{}\u00a0\u00bb][\/et_pb_image][et_pb_text _builder_version=\u00a0\u00bb4.16&Prime; _module_preset=\u00a0\u00bbdefault\u00a0\u00bb global_colors_info=\u00a0\u00bb{}\u00a0\u00bb]<\/p>\n<p style=\"text-align: center;\"><strong><span style=\"color: #ffffff;\">Maritime, portuaire et fluvial<\/span><\/strong><\/p>\n<p>[\/et_pb_text][\/et_pb_column][et_pb_column type=\u00a0\u00bb1_5&Prime; _builder_version=\u00a0\u00bb4.16&Prime; _module_preset=\u00a0\u00bbdefault\u00a0\u00bb global_colors_info=\u00a0\u00bb{}\u00a0\u00bb][et_pb_image src=\u00a0\u00bbhttps:\/\/guide-gnss.com\/wp-content\/uploads\/2020\/06\/homepage_secteur_agri.jpg\u00a0\u00bb title_text=\u00a0\u00bbhomepage_secteur_agri\u00a0\u00bb url=\u00a0\u00bbhttps:\/\/guide-gnss.com\/fr\/gnss-agriculture\/\u00a0\u00bb use_overlay=\u00a0\u00bbon\u00a0\u00bb overlay_icon_color=\u00a0\u00bb#ffffff\u00a0\u00bb hover_overlay_color=\u00a0\u00bb#375882&Prime; hover_icon=\u00a0\u00bb&#x39;||divi||400&Prime; _builder_version=\u00a0\u00bb4.16&Prime; _module_preset=\u00a0\u00bbdefault\u00a0\u00bb global_colors_info=\u00a0\u00bb{}\u00a0\u00bb][\/et_pb_image][et_pb_text _builder_version=\u00a0\u00bb4.16&Prime; _module_preset=\u00a0\u00bbdefault\u00a0\u00bb global_colors_info=\u00a0\u00bb{}\u00a0\u00bb]<\/p>\n<p style=\"text-align: center;\"><strong><span style=\"color: #ffffff;\">Agricole et engins automatis\u00e9s<\/span><\/strong><\/p>\n<p>[\/et_pb_text][\/et_pb_column][et_pb_column type=\u00a0\u00bb1_5&Prime; _builder_version=\u00a0\u00bb4.16&Prime; _module_preset=\u00a0\u00bbdefault\u00a0\u00bb global_colors_info=\u00a0\u00bb{}\u00a0\u00bb][et_pb_image src=\u00a0\u00bbhttps:\/\/guide-gnss.com\/wp-content\/uploads\/2020\/06\/homepage_secteur_aviationL.jpg\u00a0\u00bb title_text=\u00a0\u00bbhomepage_secteur_aviationL\u00a0\u00bb url=\u00a0\u00bbhttps:\/\/guide-gnss.com\/fr\/gnss-aeronautique-aviation\/\u00a0\u00bb use_overlay=\u00a0\u00bbon\u00a0\u00bb overlay_icon_color=\u00a0\u00bb#ffffff\u00a0\u00bb hover_overlay_color=\u00a0\u00bb#375882&Prime; hover_icon=\u00a0\u00bb&#x39;||divi||400&Prime; _builder_version=\u00a0\u00bb4.16&Prime; _module_preset=\u00a0\u00bbdefault\u00a0\u00bb global_colors_info=\u00a0\u00bb{}\u00a0\u00bb][\/et_pb_image][et_pb_text _builder_version=\u00a0\u00bb4.16&Prime; _module_preset=\u00a0\u00bbdefault\u00a0\u00bb global_colors_info=\u00a0\u00bb{}\u00a0\u00bb]<\/p>\n<p style=\"text-align: center;\"><strong><span style=\"color: #ffffff;\">Aviation l\u00e9g\u00e8re et drones<\/span><\/strong><\/p>\n<p>[\/et_pb_text][\/et_pb_column][\/et_pb_row][\/et_pb_section]<\/p>\n","protected":false},"excerpt":{"rendered":"<p>Aviation l\u00e9g\u00e8re, voilures fixes, voilures tournantes &nbsp;Cas d&rsquo;utilisation du GNSS dans le domaine de l&rsquo;aeronautique Aviation commerciale\u00a0 Aviation d&rsquo;affaires Aviation de fret &nbsp; Aviation g\u00e9n\u00e9rale Tourisme et aviation de loisirs Planeurs \/ ULM Avions d&rsquo;acrobaties\u00a0 Helicopt\u00e8res S\u00e9curit\u00e9 et assistance Transports de personnes et de mat\u00e9riel Surveillance d&rsquo;ouvrages et de territoires Autres : \u00c9pandage, levage UAV\/RPAS [&hellip;]<\/p>\n","protected":false},"author":1,"featured_media":9235,"parent":0,"menu_order":0,"comment_status":"closed","ping_status":"closed","template":"","meta":{"_et_pb_use_builder":"on","_et_pb_old_content":"","_et_gb_content_width":""},"yoast_head":"<!-- This site is optimized with the Yoast SEO plugin v20.11 - https:\/\/yoast.com\/wordpress\/plugins\/seo\/ -->\n<title>GNSS a\u00e9ronautique - GUIDE GNSS<\/title>\n<meta name=\"description\" content=\"A\u00e9ronautique GNSS, GUIDE offre une gamme compl\u00e8te de services avanc\u00e9s pour l&#039;aviation et l&#039;a\u00e9ronautique (aviation l\u00e9g\u00e8re, voilures etc.).\" \/>\n<meta name=\"robots\" content=\"index, follow, max-snippet:-1, max-image-preview:large, max-video-preview:-1\" \/>\n<link rel=\"canonical\" href=\"https:\/\/guide-gnss.com\/fr\/gnss-aeronautique-aviation\/\" \/>\n<meta property=\"og:locale\" content=\"fr_FR\" \/>\n<meta property=\"og:type\" content=\"article\" \/>\n<meta property=\"og:title\" content=\"GNSS a\u00e9ronautique - GUIDE GNSS\" \/>\n<meta property=\"og:description\" content=\"A\u00e9ronautique GNSS, GUIDE offre une gamme compl\u00e8te de services avanc\u00e9s pour l&#039;aviation et l&#039;a\u00e9ronautique (aviation l\u00e9g\u00e8re, voilures etc.).\" \/>\n<meta property=\"og:url\" content=\"https:\/\/guide-gnss.com\/fr\/gnss-aeronautique-aviation\/\" \/>\n<meta property=\"og:site_name\" content=\"GUIDE GNSS\" \/>\n<meta property=\"article:modified_time\" content=\"2024-04-18T10:15:03+00:00\" \/>\n<meta property=\"og:image\" content=\"https:\/\/guide-gnss.com\/wp-content\/uploads\/2024\/01\/240124-gnss-aviation-2-scaled.jpg\" \/>\n\t<meta property=\"og:image:width\" content=\"2560\" \/>\n\t<meta property=\"og:image:height\" content=\"1707\" \/>\n\t<meta property=\"og:image:type\" content=\"image\/jpeg\" \/>\n<meta name=\"twitter:card\" content=\"summary_large_image\" \/>\n<meta name=\"twitter:label1\" content=\"Dur\u00e9e de lecture estim\u00e9e\" \/>\n\t<meta name=\"twitter:data1\" content=\"2 minutes\" \/>\n<script type=\"application\/ld+json\" class=\"yoast-schema-graph\">{\"@context\":\"https:\/\/schema.org\",\"@graph\":[{\"@type\":\"WebPage\",\"@id\":\"https:\/\/guide-gnss.com\/fr\/gnss-aeronautique-aviation\/\",\"url\":\"https:\/\/guide-gnss.com\/fr\/gnss-aeronautique-aviation\/\",\"name\":\"GNSS a\u00e9ronautique - GUIDE GNSS\",\"isPartOf\":{\"@id\":\"https:\/\/guide-gnss.com\/#website\"},\"datePublished\":\"2019-06-13T15:49:58+00:00\",\"dateModified\":\"2024-04-18T10:15:03+00:00\",\"description\":\"A\u00e9ronautique GNSS, GUIDE offre une gamme compl\u00e8te de services avanc\u00e9s pour l'aviation et l'a\u00e9ronautique (aviation l\u00e9g\u00e8re, voilures etc.).\",\"breadcrumb\":{\"@id\":\"https:\/\/guide-gnss.com\/fr\/gnss-aeronautique-aviation\/#breadcrumb\"},\"inLanguage\":\"fr-FR\",\"potentialAction\":[{\"@type\":\"ReadAction\",\"target\":[\"https:\/\/guide-gnss.com\/fr\/gnss-aeronautique-aviation\/\"]}]},{\"@type\":\"BreadcrumbList\",\"@id\":\"https:\/\/guide-gnss.com\/fr\/gnss-aeronautique-aviation\/#breadcrumb\",\"itemListElement\":[{\"@type\":\"ListItem\",\"position\":1,\"name\":\"Accueil\",\"item\":\"https:\/\/guide-gnss.com\/fr\/\"},{\"@type\":\"ListItem\",\"position\":2,\"name\":\"Secteurs > Aviation\"}]},{\"@type\":\"WebSite\",\"@id\":\"https:\/\/guide-gnss.com\/#website\",\"url\":\"https:\/\/guide-gnss.com\/\",\"name\":\"GUIDE GNSS\",\"description\":\"Laboratoire d&#039;Essais en G\u00e9olocalisation GNSS \/ GPS\",\"publisher\":{\"@id\":\"https:\/\/guide-gnss.com\/#organization\"},\"potentialAction\":[{\"@type\":\"SearchAction\",\"target\":{\"@type\":\"EntryPoint\",\"urlTemplate\":\"https:\/\/guide-gnss.com\/?s={search_term_string}\"},\"query-input\":\"required name=search_term_string\"}],\"inLanguage\":\"fr-FR\"},{\"@type\":\"Organization\",\"@id\":\"https:\/\/guide-gnss.com\/#organization\",\"name\":\"GUIDE GNSS\",\"url\":\"https:\/\/guide-gnss.com\/\",\"logo\":{\"@type\":\"ImageObject\",\"inLanguage\":\"fr-FR\",\"@id\":\"https:\/\/guide-gnss.com\/#\/schema\/logo\/image\/\",\"url\":\"https:\/\/guide-gnss.com\/wp-content\/uploads\/2019\/06\/LogoGUIDE-300dpi-2.png\",\"contentUrl\":\"https:\/\/guide-gnss.com\/wp-content\/uploads\/2019\/06\/LogoGUIDE-300dpi-2.png\",\"width\":1181,\"height\":897,\"caption\":\"GUIDE GNSS\"},\"image\":{\"@id\":\"https:\/\/guide-gnss.com\/#\/schema\/logo\/image\/\"},\"sameAs\":[\"https:\/\/www.linkedin.com\/company\/guide-gnss\/\",\"https:\/\/www.youtube.com\/channel\/UCkgddF2NHnrQ9gf-cgTdVkA\"]}]}<\/script>\n<!-- \/ Yoast SEO plugin. -->","yoast_head_json":{"title":"GNSS a\u00e9ronautique - GUIDE GNSS","description":"A\u00e9ronautique GNSS, GUIDE offre une gamme compl\u00e8te de services avanc\u00e9s pour l'aviation et l'a\u00e9ronautique (aviation l\u00e9g\u00e8re, voilures etc.).","robots":{"index":"index","follow":"follow","max-snippet":"max-snippet:-1","max-image-preview":"max-image-preview:large","max-video-preview":"max-video-preview:-1"},"canonical":"https:\/\/guide-gnss.com\/fr\/gnss-aeronautique-aviation\/","og_locale":"fr_FR","og_type":"article","og_title":"GNSS a\u00e9ronautique - GUIDE GNSS","og_description":"A\u00e9ronautique GNSS, GUIDE offre une gamme compl\u00e8te de services avanc\u00e9s pour l'aviation et l'a\u00e9ronautique (aviation l\u00e9g\u00e8re, voilures etc.).","og_url":"https:\/\/guide-gnss.com\/fr\/gnss-aeronautique-aviation\/","og_site_name":"GUIDE GNSS","article_modified_time":"2024-04-18T10:15:03+00:00","og_image":[{"width":2560,"height":1707,"url":"https:\/\/guide-gnss.com\/wp-content\/uploads\/2024\/01\/240124-gnss-aviation-2-scaled.jpg","type":"image\/jpeg"}],"twitter_card":"summary_large_image","twitter_misc":{"Dur\u00e9e de lecture estim\u00e9e":"2 minutes"},"schema":{"@context":"https:\/\/schema.org","@graph":[{"@type":"WebPage","@id":"https:\/\/guide-gnss.com\/fr\/gnss-aeronautique-aviation\/","url":"https:\/\/guide-gnss.com\/fr\/gnss-aeronautique-aviation\/","name":"GNSS a\u00e9ronautique - GUIDE GNSS","isPartOf":{"@id":"https:\/\/guide-gnss.com\/#website"},"datePublished":"2019-06-13T15:49:58+00:00","dateModified":"2024-04-18T10:15:03+00:00","description":"A\u00e9ronautique GNSS, GUIDE offre une gamme compl\u00e8te de services avanc\u00e9s pour l'aviation et l'a\u00e9ronautique (aviation l\u00e9g\u00e8re, voilures etc.).","breadcrumb":{"@id":"https:\/\/guide-gnss.com\/fr\/gnss-aeronautique-aviation\/#breadcrumb"},"inLanguage":"fr-FR","potentialAction":[{"@type":"ReadAction","target":["https:\/\/guide-gnss.com\/fr\/gnss-aeronautique-aviation\/"]}]},{"@type":"BreadcrumbList","@id":"https:\/\/guide-gnss.com\/fr\/gnss-aeronautique-aviation\/#breadcrumb","itemListElement":[{"@type":"ListItem","position":1,"name":"Accueil","item":"https:\/\/guide-gnss.com\/fr\/"},{"@type":"ListItem","position":2,"name":"Secteurs > Aviation"}]},{"@type":"WebSite","@id":"https:\/\/guide-gnss.com\/#website","url":"https:\/\/guide-gnss.com\/","name":"GUIDE GNSS","description":"Laboratoire d&#039;Essais en G\u00e9olocalisation GNSS \/ GPS","publisher":{"@id":"https:\/\/guide-gnss.com\/#organization"},"potentialAction":[{"@type":"SearchAction","target":{"@type":"EntryPoint","urlTemplate":"https:\/\/guide-gnss.com\/?s={search_term_string}"},"query-input":"required name=search_term_string"}],"inLanguage":"fr-FR"},{"@type":"Organization","@id":"https:\/\/guide-gnss.com\/#organization","name":"GUIDE GNSS","url":"https:\/\/guide-gnss.com\/","logo":{"@type":"ImageObject","inLanguage":"fr-FR","@id":"https:\/\/guide-gnss.com\/#\/schema\/logo\/image\/","url":"https:\/\/guide-gnss.com\/wp-content\/uploads\/2019\/06\/LogoGUIDE-300dpi-2.png","contentUrl":"https:\/\/guide-gnss.com\/wp-content\/uploads\/2019\/06\/LogoGUIDE-300dpi-2.png","width":1181,"height":897,"caption":"GUIDE GNSS"},"image":{"@id":"https:\/\/guide-gnss.com\/#\/schema\/logo\/image\/"},"sameAs":["https:\/\/www.linkedin.com\/company\/guide-gnss\/","https:\/\/www.youtube.com\/channel\/UCkgddF2NHnrQ9gf-cgTdVkA"]}]}},"_links":{"self":[{"href":"https:\/\/guide-gnss.com\/fr\/wp-json\/wp\/v2\/pages\/220"}],"collection":[{"href":"https:\/\/guide-gnss.com\/fr\/wp-json\/wp\/v2\/pages"}],"about":[{"href":"https:\/\/guide-gnss.com\/fr\/wp-json\/wp\/v2\/types\/page"}],"author":[{"embeddable":true,"href":"https:\/\/guide-gnss.com\/fr\/wp-json\/wp\/v2\/users\/1"}],"replies":[{"embeddable":true,"href":"https:\/\/guide-gnss.com\/fr\/wp-json\/wp\/v2\/comments?post=220"}],"version-history":[{"count":70,"href":"https:\/\/guide-gnss.com\/fr\/wp-json\/wp\/v2\/pages\/220\/revisions"}],"predecessor-version":[{"id":9631,"href":"https:\/\/guide-gnss.com\/fr\/wp-json\/wp\/v2\/pages\/220\/revisions\/9631"}],"wp:featuredmedia":[{"embeddable":true,"href":"https:\/\/guide-gnss.com\/fr\/wp-json\/wp\/v2\/media\/9235"}],"wp:attachment":[{"href":"https:\/\/guide-gnss.com\/fr\/wp-json\/wp\/v2\/media?parent=220"}],"curies":[{"name":"wp","href":"https:\/\/api.w.org\/{rel}","templated":true}]}}