{"id":2625,"date":"2019-12-17T14:24:21","date_gmt":"2019-12-17T13:24:21","guid":{"rendered":"https:\/\/guide-gnss.com\/?page_id=2625"},"modified":"2024-10-15T13:54:17","modified_gmt":"2024-10-15T11:54:17","slug":"essais-gnss-simulateur-de-constellations","status":"publish","type":"page","link":"https:\/\/guide-gnss.com\/fr\/essais-gnss-simulateur-de-constellations\/","title":{"rendered":"Simulateur de constellations"},"content":{"rendered":"<p>[et_pb_section fb_built=\u00a0\u00bb1&Prime; fullwidth=\u00a0\u00bbon\u00a0\u00bb _builder_version=\u00a0\u00bb4.16&Prime; saved_tabs=\u00a0\u00bball\u00a0\u00bb global_colors_info=\u00a0\u00bb{}\u00a0\u00bb][et_pb_fullwidth_header title=\u00a0\u00bbEssais GNSS en Simulation\u00a0\u00bb _builder_version=\u00a0\u00bb4.16&Prime; title_font=\u00a0\u00bbMontserrat|700|||||||\u00a0\u00bb title_text_align=\u00a0\u00bbcenter\u00a0\u00bb title_font_size=\u00a0\u00bb32px\u00a0\u00bb title_letter_spacing=\u00a0\u00bb3px\u00a0\u00bb subhead_font=\u00a0\u00bbMontserrat|600|||||||\u00a0\u00bb subhead_text_align=\u00a0\u00bbcenter\u00a0\u00bb subhead_font_size=\u00a0\u00bb20px\u00a0\u00bb use_background_color_gradient=\u00a0\u00bbon\u00a0\u00bb background_color_gradient_stops=\u00a0\u00bb#375882 0%|#4370a0 100%\u00a0\u00bb background_color_gradient_start=\u00a0\u00bb#375882&Prime; background_color_gradient_end=\u00a0\u00bb#4370a0&Prime; background_image=\u00a0\u00bbhttps:\/\/guide-gnss.com\/wp-content\/uploads\/2021\/06\/guide-gnss-home-2021.png\u00a0\u00bb global_colors_info=\u00a0\u00bb{}\u00a0\u00bb]<\/p>\n<h2 style=\"text-align: center; font-size: 20px;\">Techniques d&rsquo;essais utilisant un simulateur de constellations pour g\u00e9n\u00e9rer des signaux GNSS synth\u00e9tiques<\/h2>\n<p>[\/et_pb_fullwidth_header][\/et_pb_section][et_pb_section fb_built=\u00a0\u00bb1&Prime; _builder_version=\u00a0\u00bb4.16&Prime; custom_padding=\u00a0\u00bb9px||10px|||\u00a0\u00bb global_colors_info=\u00a0\u00bb{}\u00a0\u00bb][et_pb_row _builder_version=\u00a0\u00bb4.16&Prime; global_colors_info=\u00a0\u00bb{}\u00a0\u00bb][et_pb_column type=\u00a0\u00bb4_4&Prime; _builder_version=\u00a0\u00bb4.16&Prime; global_colors_info=\u00a0\u00bb{}\u00a0\u00bb][et_pb_text _builder_version=\u00a0\u00bb4.21.0&Prime; custom_padding=\u00a0\u00bb9px|||||\u00a0\u00bb global_colors_info=\u00a0\u00bb{}\u00a0\u00bb]<\/p>\n<h2>En quoi consiste des essais avec un simulateur de constellations ?<\/h2>\n<p style=\"text-align: justify;\">La simulation de sc\u00e9narios GNSS au moyen de g\u00e9n\u00e9rateurs de constellation, s\u2019est toujours impos\u00e9e comme une alternative tr\u00e8s utile aux essais r\u00e9els dans le secteur de l\u2019a\u00e9ronautique ou tout autre b\u00e9n\u00e9ficiant d\u2019un environnement \u00e0 ciel ouvert.<\/p>\n<p style=\"text-align: justify;\">Les signaux GNSS destin\u00e9s aux tests sont synth\u00e9tis\u00e9s. Ils sont obtenus par le calcul et l\u2019impl\u00e9mentation de mod\u00e8les statistiques de propagation.<\/p>\n<p>[\/et_pb_text][\/et_pb_column][\/et_pb_row][\/et_pb_section][et_pb_section fb_built=\u00a0\u00bb1&Prime; _builder_version=\u00a0\u00bb4.16&Prime; custom_padding=\u00a0\u00bb8px||4px|||\u00a0\u00bb global_colors_info=\u00a0\u00bb{}\u00a0\u00bb][et_pb_row column_structure=\u00a0\u00bb1_2,1_2&Prime; _builder_version=\u00a0\u00bb4.16&Prime; global_colors_info=\u00a0\u00bb{}\u00a0\u00bb][et_pb_column type=\u00a0\u00bb1_2&Prime; _builder_version=\u00a0\u00bb4.16&Prime; global_colors_info=\u00a0\u00bb{}\u00a0\u00bb][et_pb_text _builder_version=\u00a0\u00bb4.21.0&Prime; global_colors_info=\u00a0\u00bb{}\u00a0\u00bb]<\/p>\n<h2>Pourquoi r\u00e9aliser des essais en Simulation GNSS?<\/h2>\n<p style=\"text-align: justify;\">Les analyses obtenues avec cette m\u00e9thode de tests fournissent notamment des r\u00e9sultats qui n\u2019auraient pas pu l\u2019\u00eatre autrement.<\/p>\n<p style=\"text-align: justify;\">Les sc\u00e9narios sont con\u00e7us de toute pi\u00e8ce pour \u00eatre ex\u00e9cut\u00e9s <span style=\"color: #0073d1;\">sous toutes les latitudes, dans le pass\u00e9 ou dans le futur<\/span>. Dans ce dernier cas, il est m\u00eame possible de simuler de nouveaux signaux et de nouvelles constellations.<\/p>\n<p style=\"text-align: justify;\">Les sessions de simulations permettent de gagner un temps pr\u00e9cieux <span style=\"color: #0073d1;\">en isolant les probl\u00e8mes<\/span> pour \u00e9valuer les terminaux GNSS dans un <span style=\"color: #0073d1;\">environnement synth\u00e9tique, simplifi\u00e9 et parfaitement ma\u00eetrise<\/span>. Les mesures de position dans des configurations r\u00e9elles, par exemple en milieu urbain, sont beaucoup plus complexes et les r\u00e9sultats diff\u00e8rent singuli\u00e8rement de ceux obtenus dans un environnement virtuel.<\/p>\n<p style=\"text-align: justify;\">L\u2019op\u00e9rateur du banc d\u2019essais est ainsi en mesure de lancer des sessions de simulation \u00e0 sa convenance. L\u2019instrumentation est <span style=\"color: #0073d1;\">rapidement programmable<\/span> pour concevoir des sc\u00e9narios basiques. Pour des simulations plus \u00e9labor\u00e9es, GUIDE d\u00e9veloppera les situations \u00e0 tester avec les mod\u00e8les disponibles.<\/p>\n<p style=\"text-align: justify;\">Les sc\u00e9narios \u00e0 base de signaux synth\u00e9tiques sont \u00e9galement\u00a0<span style=\"color: #0073d1;\">ex\u00e9cutables sur des bancs d&rsquo;essais de rejeux<\/span> (SDR Replayer) s&rsquo;ils sont num\u00e9ris\u00e9s dans un format compatible. Cette instrumentation est souvent moins on\u00e9reuse que celles int\u00e9grant un simulateur de constellations.<\/p>\n<p>[\/et_pb_text][et_pb_text _builder_version=\u00a0\u00bb4.16&Prime; global_colors_info=\u00a0\u00bb{}\u00a0\u00bb]<\/p>\n<h3><em>Synth\u00e8se :<\/em><\/h3>\n<ul>\n<li><em>Gain de temps ;<\/em><\/li>\n<li><em>Environnement simplifi\u00e9 et contr\u00f4lable ;<\/em><\/li>\n<li><em>Sc\u00e9narios simulant des parcours en tout lieu et \u00e0 toute \u00e9poque ;<\/em><\/li>\n<li><em>Sc\u00e9narios simulant des \u00e9v\u00e9nements redout\u00e9s la plupart du temps non observables.<\/em><\/li>\n<\/ul>\n<p>[\/et_pb_text][\/et_pb_column][et_pb_column type=\u00a0\u00bb1_2&Prime; _builder_version=\u00a0\u00bb4.16&Prime; global_colors_info=\u00a0\u00bb{}\u00a0\u00bb][et_pb_image src=\u00a0\u00bbhttps:\/\/guide-gnss.com\/wp-content\/uploads\/2020\/05\/OK-methodo-simulateur-pc.png\u00a0\u00bb alt=\u00a0\u00bbm\u00e9thode simulateur de constellations\u00a0\u00bb title_text=\u00a0\u00bbm\u00e9thode simulateur de constellations\u00a0\u00bb _builder_version=\u00a0\u00bb4.21.0&Prime; global_colors_info=\u00a0\u00bb{}\u00a0\u00bb][\/et_pb_image][et_pb_text _builder_version=\u00a0\u00bb4.21.0&Prime; _module_preset=\u00a0\u00bbdefault\u00a0\u00bb text_font_size=\u00a0\u00bb10px\u00a0\u00bb hover_enabled=\u00a0\u00bb0&Prime; sticky_enabled=\u00a0\u00bb0&Prime;]<\/p>\n<p style=\"text-align: center;\"><em>Figure 1 : Banc d&rsquo;essais simulation GNSS<\/em><\/p>\n<p>[\/et_pb_text][et_pb_image src=\u00a0\u00bbhttps:\/\/guide-gnss.com\/wp-content\/uploads\/2020\/05\/OKmethodo-simulateur-Image2.png\u00a0\u00bb alt=\u00a0\u00bbParcours simulateur de constellations\u00a0\u00bb title_text=\u00a0\u00bbsimulation GNSS\u00a0\u00bb _builder_version=\u00a0\u00bb4.21.0&Prime; hover_enabled=\u00a0\u00bb0&Prime; global_colors_info=\u00a0\u00bb{}\u00a0\u00bb sticky_enabled=\u00a0\u00bb0&Prime;][\/et_pb_image][et_pb_text _builder_version=\u00a0\u00bb4.21.0&Prime; text_font_size=\u00a0\u00bb10px\u00a0\u00bb hover_enabled=\u00a0\u00bb0&Prime; global_colors_info=\u00a0\u00bb{}\u00a0\u00bb sticky_enabled=\u00a0\u00bb0&Prime;]<\/p>\n<p style=\"text-align: center;\"><em>Figure 2 : Simulation GNSS (Cr\u00e9dit photos OKTAL &#8211; SE)<\/em><\/p>\n<p>[\/et_pb_text][\/et_pb_column][\/et_pb_row][\/et_pb_section][et_pb_section fb_built=\u00a0\u00bb1&Prime; _builder_version=\u00a0\u00bb4.16&Prime; custom_margin=\u00a0\u00bb|||0px|false|false\u00a0\u00bb custom_padding=\u00a0\u00bb0px||0px||false|false\u00a0\u00bb global_colors_info=\u00a0\u00bb{}\u00a0\u00bb][et_pb_row column_structure=\u00a0\u00bb1_2,1_2&Prime; _builder_version=\u00a0\u00bb4.16&Prime; module_alignment=\u00a0\u00bbcenter\u00a0\u00bb custom_margin=\u00a0\u00bb|0px||-44px|false|false\u00a0\u00bb global_colors_info=\u00a0\u00bb{}\u00a0\u00bb][et_pb_column type=\u00a0\u00bb1_2&Prime; _builder_version=\u00a0\u00bb4.16&Prime; global_colors_info=\u00a0\u00bb{}\u00a0\u00bb][et_pb_text _builder_version=\u00a0\u00bb4.21.0&Prime; global_colors_info=\u00a0\u00bb{}\u00a0\u00bb]<\/p>\n<h2>Quelles sont les sp\u00e9cificit\u00e9s des Essais avec\u00a0 Simulateur de constellations GNSS?<\/h2>\n<p style=\"text-align: justify;\">La simulation offre de nombreux avantages pour mettre au point des terminaux GNSS. Les sc\u00e9narios sont <span style=\"color: #0073d1;\">r\u00e9p\u00e9tables, reproductibles et adaptables.<\/span><\/p>\n<p style=\"text-align: justify;\">Le <span style=\"color: #0073d1;\">syst\u00e8me global du GNSS<\/span>\u00a0devient configurable pour, par exemple, \u00e9valuer l\u2019impact d\u2019une d\u00e9rive d\u2019horloge, une erreur de position d\u2019un satellite, la r\u00e9ception de messages de navigation erron\u00e9s ou encore des ph\u00e9nom\u00e8nes atmosph\u00e9riques extr\u00eames.<\/p>\n<p style=\"text-align: justify;\">L\u2019interfa\u00e7age d\u2019un g\u00e9n\u00e9rateur de constellation \u00e0 un logiciel de simulation bas\u00e9 sur des <span style=\"color: #0073d1;\">environnements virtuels en 3 dimensions<\/span> permet d\u2019\u00e9tudier les ph\u00e9nom\u00e8nes de multi-trajets et de dispersion dans des conditions suffisamment r\u00e9alistes.<\/p>\n<p style=\"text-align: justify;\">Les signaux GNSS sont seulement d\u00e9terministes. Les r\u00e9sultats sont disponibles, d\u00e8s la premi\u00e8re ex\u00e9cution du sc\u00e9nario.<\/p>\n<p>[\/et_pb_text][et_pb_text _builder_version=\u00a0\u00bb4.16&Prime; global_colors_info=\u00a0\u00bb{}\u00a0\u00bb]<\/p>\n<h3><em>Synth\u00e8se :<\/em><\/h3>\n<ul>\n<li><em>Donn\u00e9es : Reproductibilit\u00e9 et R\u00e9p\u00e9tabilit\u00e9 ;<\/em><\/li>\n<li><em>Sc\u00e9narios : r\u00e9alis\u00e9s sur mesure et adaptables ;<\/em><\/li>\n<li><em>Mesures : Pr\u00e9cise et uniquement d\u00e9terministe ;<\/em><\/li>\n<li><i>Erreurs : Simulation des erreurs redout\u00e9s du syst\u00e8me global (GNSS)<\/i><\/li>\n<\/ul>\n<p>[\/et_pb_text][\/et_pb_column][et_pb_column type=\u00a0\u00bb1_2&Prime; _builder_version=\u00a0\u00bb4.16&Prime; global_colors_info=\u00a0\u00bb{}\u00a0\u00bb][et_pb_image src=\u00a0\u00bbhttps:\/\/guide-gnss.com\/wp-content\/uploads\/2020\/05\/OK-methodo-simulateur-Image1.png\u00a0\u00bb alt=\u00a0\u00bbtest simulateur de constellations GUIDE GNSS\u00a0\u00bb title_text=\u00a0\u00bbM\u00e9thode Simulation GNSS\u00a0\u00bb _builder_version=\u00a0\u00bb4.21.0&Prime; hover_enabled=\u00a0\u00bb0&Prime; global_colors_info=\u00a0\u00bb{}\u00a0\u00bb sticky_enabled=\u00a0\u00bb0&Prime;][\/et_pb_image][et_pb_text _builder_version=\u00a0\u00bb4.21.0&Prime; text_font_size=\u00a0\u00bb10px\u00a0\u00bb hover_enabled=\u00a0\u00bb0&Prime; global_colors_info=\u00a0\u00bb{}\u00a0\u00bb sticky_enabled=\u00a0\u00bb0&Prime;]<\/p>\n<p style=\"text-align: center;\"><em>Figure 3 &#8211; Simulation GNSS 3D (Cr\u00e9dit OKTAL &#8211; SE)<\/em><\/p>\n<p>[\/et_pb_text][\/et_pb_column][\/et_pb_row][\/et_pb_section][et_pb_section fb_built=\u00a0\u00bb1&Prime; _builder_version=\u00a0\u00bb4.16&Prime; custom_padding=\u00a0\u00bb9px||7px|||\u00a0\u00bb global_colors_info=\u00a0\u00bb{}\u00a0\u00bb][et_pb_row column_structure=\u00a0\u00bb1_2,1_2&Prime; _builder_version=\u00a0\u00bb4.16&Prime; global_colors_info=\u00a0\u00bb{}\u00a0\u00bb][et_pb_column type=\u00a0\u00bb1_2&Prime; _builder_version=\u00a0\u00bb4.16&Prime; global_colors_info=\u00a0\u00bb{}\u00a0\u00bb][et_pb_text _builder_version=\u00a0\u00bb4.21.0&Prime; custom_margin=\u00a0\u00bb||12px|||\u00a0\u00bb custom_padding=\u00a0\u00bb||19px|||\u00a0\u00bb global_colors_info=\u00a0\u00bb{}\u00a0\u00bb]<\/p>\n<h2>Quelles sont les fonctions de base pour la Simulation GNSS?<\/h2>\n<p style=\"text-align: justify;\">Un g\u00e9n\u00e9rateur de constellations est en mesure de<span style=\"color: #0073d1;\"> simuler l\u2019ensemble des constellation GPS, GALILEO, GLONASS, BEIDOU<\/span> et celles couvrant des zones r\u00e9gionalis\u00e9es. Comme vu pr\u00e9c\u00e9demment, les outils de d\u00e9veloppement sont capables d\u2019intervenir sur les horloges, les orbites, les messages et les ph\u00e9nom\u00e8nes atmosph\u00e9riques.<\/p>\n<p style=\"text-align: justify;\">Bien entendu, <span style=\"color: #0073d1;\">le lieu, la date, l\u2019heure et la vitesse du v\u00e9hicule virtuel <\/span>sont d\u00e9finis dans le sc\u00e9nario. Selon les configurations, plusieurs patterns d\u2019antennes sont applicables et modifiables. La puissance des signaux sont modulables pour, par exemple, <span style=\"color: #0073d1;\">d\u00e9terminer le seuil de sensibilit\u00e9 <\/span>des terminaux sous tests.<\/p>\n<p>[\/et_pb_text][et_pb_text _builder_version=\u00a0\u00bb4.16&Prime; global_colors_info=\u00a0\u00bb{}\u00a0\u00bb]<\/p>\n<h3><em>Synth\u00e8se :<\/em><\/h3>\n<ul>\n<li style=\"list-style-type: none;\">\n<ul>\n<li style=\"list-style-type: none;\">\n<ul>\n<li><em>Contr\u00f4le du syst\u00e8me global (GNSS) ;<\/em><\/li>\n<li><em>Contr\u00f4le du lieu et des p\u00e9riodes ;<\/em><\/li>\n<li><i>Contr\u00f4les des principaux facteurs radiofr\u00e9quences.&nbsp;<\/i><\/li>\n<\/ul>\n<\/li>\n<\/ul>\n<\/li>\n<\/ul>\n<p>[\/et_pb_text][\/et_pb_column][et_pb_column type=\u00a0\u00bb1_2&Prime; _builder_version=\u00a0\u00bb4.16&Prime; global_colors_info=\u00a0\u00bb{}\u00a0\u00bb][et_pb_image src=\u00a0\u00bbhttps:\/\/guide-gnss.com\/wp-content\/uploads\/2019\/11\/StellaSimu-1024&#215;592.png\u00a0\u00bb alt=\u00a0\u00bbbase simulation GNSS simulateur constellations\u00a0\u00bb title_text=\u00a0\u00bbStellaSimu-1024&#215;592&Prime; _builder_version=\u00a0\u00bb4.21.0&Prime; global_colors_info=\u00a0\u00bb{}\u00a0\u00bb][\/et_pb_image][et_pb_text _builder_version=\u00a0\u00bb4.21.0&Prime; text_font_size=\u00a0\u00bb10px\u00a0\u00bb global_colors_info=\u00a0\u00bb{}\u00a0\u00bb]<\/p>\n<p style=\"text-align: center;\"><em>Cr\u00e9dit photo : <a href=\"https:\/\/m3systems.eu\/\" target=\"_blank\" rel=\"noopener\">M3 Systems<\/a><\/em><\/p>\n<p>[\/et_pb_text][\/et_pb_column][\/et_pb_row][\/et_pb_section][et_pb_section fb_built=\u00a0\u00bb1&Prime; _builder_version=\u00a0\u00bb4.16&Prime; background_color=\u00a0\u00bb#375882&Prime; custom_padding=\u00a0\u00bb5px||8px|||\u00a0\u00bb global_colors_info=\u00a0\u00bb{}\u00a0\u00bb][et_pb_row column_structure=\u00a0\u00bb1_2,1_6,1_6,1_6&Prime; _builder_version=\u00a0\u00bb4.16&Prime; global_colors_info=\u00a0\u00bb{}\u00a0\u00bb][et_pb_column type=\u00a0\u00bb1_2&Prime; _builder_version=\u00a0\u00bb4.16&Prime; global_colors_info=\u00a0\u00bb{}\u00a0\u00bb][et_pb_text _builder_version=\u00a0\u00bb4.16&Prime; global_colors_info=\u00a0\u00bb{}\u00a0\u00bb]<span style=\"color: #ffffff;\"><strong>D\u00e9couvrez \u00e9galement nos autres services autour de la m\u00e9trologie GNSS \/ GPS<\/strong><\/span>[\/et_pb_text][\/et_pb_column][et_pb_column type=\u00a0\u00bb1_6&Prime; _builder_version=\u00a0\u00bb4.16&Prime; global_colors_info=\u00a0\u00bb{}\u00a0\u00bb][et_pb_button button_url=\u00a0\u00bbhttps:\/\/guide-gnss.com\/fr\/methodologies-dessais\/\u00a0\u00bb button_text=\u00a0\u00bbM\u00e9thodologies des Essais GNSS\u00a0\u00bb _builder_version=\u00a0\u00bb4.16&Prime; custom_button=\u00a0\u00bbon\u00a0\u00bb button_text_color=\u00a0\u00bb#253b82&Prime; button_bg_color=\u00a0\u00bb#ffffff\u00a0\u00bb button_icon=\u00a0\u00bb&#x39;||divi||400&Prime; button_on_hover=\u00a0\u00bboff\u00a0\u00bb global_colors_info=\u00a0\u00bb{}\u00a0\u00bb][\/et_pb_button][\/et_pb_column][et_pb_column type=\u00a0\u00bb1_6&Prime; _builder_version=\u00a0\u00bb4.16&Prime; global_colors_info=\u00a0\u00bb{}\u00a0\u00bb][et_pb_button button_url=\u00a0\u00bbhttps:\/\/guide-gnss.com\/fr\/essais\/\u00a0\u00bb button_text=\u00a0\u00bbEssais GNSS in Situ\u00a0\u00bb _builder_version=\u00a0\u00bb4.16&Prime; custom_button=\u00a0\u00bbon\u00a0\u00bb button_text_color=\u00a0\u00bb#253b82&Prime; button_bg_color=\u00a0\u00bb#ffffff\u00a0\u00bb button_icon=\u00a0\u00bb&#x39;||divi||400&Prime; button_on_hover=\u00a0\u00bboff\u00a0\u00bb global_colors_info=\u00a0\u00bb{}\u00a0\u00bb][\/et_pb_button][\/et_pb_column][et_pb_column type=\u00a0\u00bb1_6&Prime; _builder_version=\u00a0\u00bb4.16&Prime; global_colors_info=\u00a0\u00bb{}\u00a0\u00bb][et_pb_button button_url=\u00a0\u00bbhttps:\/\/guide-gnss.com\/fr\/record-replay\/\u00a0\u00bb button_text=\u00a0\u00bbEssais GNSS en rejeu\u00a0\u00bb _builder_version=\u00a0\u00bb4.16&Prime; custom_button=\u00a0\u00bbon\u00a0\u00bb button_text_color=\u00a0\u00bb#253b82&Prime; button_bg_color=\u00a0\u00bb#ffffff\u00a0\u00bb button_icon=\u00a0\u00bb&#x39;||divi||400&Prime; button_on_hover=\u00a0\u00bboff\u00a0\u00bb global_colors_info=\u00a0\u00bb{}\u00a0\u00bb][\/et_pb_button][\/et_pb_column][\/et_pb_row][\/et_pb_section]<\/p>\n","protected":false},"excerpt":{"rendered":"<p>Techniques d&rsquo;essais utilisant un simulateur de constellations pour g\u00e9n\u00e9rer des signaux GNSS synth\u00e9tiquesEn quoi consiste des essais avec un simulateur de constellations ? La simulation de sc\u00e9narios GNSS au moyen de g\u00e9n\u00e9rateurs de constellation, s\u2019est toujours impos\u00e9e comme une alternative tr\u00e8s utile aux essais r\u00e9els dans le secteur de l\u2019a\u00e9ronautique ou tout autre b\u00e9n\u00e9ficiant d\u2019un [&hellip;]<\/p>\n","protected":false},"author":5,"featured_media":4881,"parent":0,"menu_order":0,"comment_status":"closed","ping_status":"closed","template":"","meta":{"_et_pb_use_builder":"on","_et_pb_old_content":"","_et_gb_content_width":""},"yoast_head":"<!-- This site is optimized with the Yoast SEO plugin v20.11 - https:\/\/yoast.com\/wordpress\/plugins\/seo\/ -->\n<title>Simulateur de constellations - GUIDE GNSS<\/title>\n<meta name=\"description\" content=\"Les tests GNSS utilisant un simulateur de constellations \u00e9valuent les terminaux GNSS dans un environnement parfaitement contr\u00f4l\u00e9.\" \/>\n<meta name=\"robots\" content=\"index, follow, max-snippet:-1, max-image-preview:large, max-video-preview:-1\" \/>\n<link rel=\"canonical\" href=\"https:\/\/guide-gnss.com\/fr\/essais-gnss-simulateur-de-constellations\/\" \/>\n<meta property=\"og:locale\" content=\"fr_FR\" \/>\n<meta property=\"og:type\" content=\"article\" \/>\n<meta property=\"og:title\" content=\"Simulateur de constellations - GUIDE GNSS\" \/>\n<meta property=\"og:description\" content=\"Les tests GNSS utilisant un simulateur de constellations \u00e9valuent les terminaux GNSS dans un environnement parfaitement contr\u00f4l\u00e9.\" \/>\n<meta property=\"og:url\" content=\"https:\/\/guide-gnss.com\/fr\/essais-gnss-simulateur-de-constellations\/\" \/>\n<meta property=\"og:site_name\" content=\"GUIDE GNSS\" \/>\n<meta property=\"article:modified_time\" content=\"2024-10-15T11:54:17+00:00\" \/>\n<meta property=\"og:image\" content=\"https:\/\/guide-gnss.com\/wp-content\/uploads\/2020\/05\/OKmethodo-simulateur-Image2.png\" \/>\n\t<meta property=\"og:image:width\" content=\"873\" \/>\n\t<meta property=\"og:image:height\" content=\"475\" \/>\n\t<meta property=\"og:image:type\" content=\"image\/png\" \/>\n<meta name=\"twitter:card\" content=\"summary_large_image\" \/>\n<meta name=\"twitter:label1\" content=\"Dur\u00e9e de lecture estim\u00e9e\" \/>\n\t<meta name=\"twitter:data1\" content=\"4 minutes\" \/>\n<script type=\"application\/ld+json\" class=\"yoast-schema-graph\">{\"@context\":\"https:\/\/schema.org\",\"@graph\":[{\"@type\":\"WebPage\",\"@id\":\"https:\/\/guide-gnss.com\/fr\/essais-gnss-simulateur-de-constellations\/\",\"url\":\"https:\/\/guide-gnss.com\/fr\/essais-gnss-simulateur-de-constellations\/\",\"name\":\"Simulateur de constellations - GUIDE GNSS\",\"isPartOf\":{\"@id\":\"https:\/\/guide-gnss.com\/#website\"},\"datePublished\":\"2019-12-17T13:24:21+00:00\",\"dateModified\":\"2024-10-15T11:54:17+00:00\",\"description\":\"Les tests GNSS utilisant un simulateur de constellations \u00e9valuent les terminaux GNSS dans un environnement parfaitement contr\u00f4l\u00e9.\",\"breadcrumb\":{\"@id\":\"https:\/\/guide-gnss.com\/fr\/essais-gnss-simulateur-de-constellations\/#breadcrumb\"},\"inLanguage\":\"fr-FR\",\"potentialAction\":[{\"@type\":\"ReadAction\",\"target\":[\"https:\/\/guide-gnss.com\/fr\/essais-gnss-simulateur-de-constellations\/\"]}]},{\"@type\":\"BreadcrumbList\",\"@id\":\"https:\/\/guide-gnss.com\/fr\/essais-gnss-simulateur-de-constellations\/#breadcrumb\",\"itemListElement\":[{\"@type\":\"ListItem\",\"position\":1,\"name\":\"Accueil\",\"item\":\"https:\/\/guide-gnss.com\/fr\/\"},{\"@type\":\"ListItem\",\"position\":2,\"name\":\"M\u00e9trologie GNSS > Simulateur de constellations\"}]},{\"@type\":\"WebSite\",\"@id\":\"https:\/\/guide-gnss.com\/#website\",\"url\":\"https:\/\/guide-gnss.com\/\",\"name\":\"GUIDE GNSS\",\"description\":\"Laboratoire d&#039;Essais en G\u00e9olocalisation GNSS \/ GPS\",\"publisher\":{\"@id\":\"https:\/\/guide-gnss.com\/#organization\"},\"potentialAction\":[{\"@type\":\"SearchAction\",\"target\":{\"@type\":\"EntryPoint\",\"urlTemplate\":\"https:\/\/guide-gnss.com\/?s={search_term_string}\"},\"query-input\":\"required name=search_term_string\"}],\"inLanguage\":\"fr-FR\"},{\"@type\":\"Organization\",\"@id\":\"https:\/\/guide-gnss.com\/#organization\",\"name\":\"GUIDE GNSS\",\"url\":\"https:\/\/guide-gnss.com\/\",\"logo\":{\"@type\":\"ImageObject\",\"inLanguage\":\"fr-FR\",\"@id\":\"https:\/\/guide-gnss.com\/#\/schema\/logo\/image\/\",\"url\":\"https:\/\/guide-gnss.com\/wp-content\/uploads\/2019\/06\/LogoGUIDE-300dpi-2.png\",\"contentUrl\":\"https:\/\/guide-gnss.com\/wp-content\/uploads\/2019\/06\/LogoGUIDE-300dpi-2.png\",\"width\":1181,\"height\":897,\"caption\":\"GUIDE GNSS\"},\"image\":{\"@id\":\"https:\/\/guide-gnss.com\/#\/schema\/logo\/image\/\"},\"sameAs\":[\"https:\/\/www.linkedin.com\/company\/guide-gnss\/\",\"https:\/\/www.youtube.com\/channel\/UCkgddF2NHnrQ9gf-cgTdVkA\"]}]}<\/script>\n<!-- \/ Yoast SEO plugin. -->","yoast_head_json":{"title":"Simulateur de constellations - GUIDE GNSS","description":"Les tests GNSS utilisant un simulateur de constellations \u00e9valuent les terminaux GNSS dans un environnement parfaitement contr\u00f4l\u00e9.","robots":{"index":"index","follow":"follow","max-snippet":"max-snippet:-1","max-image-preview":"max-image-preview:large","max-video-preview":"max-video-preview:-1"},"canonical":"https:\/\/guide-gnss.com\/fr\/essais-gnss-simulateur-de-constellations\/","og_locale":"fr_FR","og_type":"article","og_title":"Simulateur de constellations - GUIDE GNSS","og_description":"Les tests GNSS utilisant un simulateur de constellations \u00e9valuent les terminaux GNSS dans un environnement parfaitement contr\u00f4l\u00e9.","og_url":"https:\/\/guide-gnss.com\/fr\/essais-gnss-simulateur-de-constellations\/","og_site_name":"GUIDE GNSS","article_modified_time":"2024-10-15T11:54:17+00:00","og_image":[{"width":873,"height":475,"url":"https:\/\/guide-gnss.com\/wp-content\/uploads\/2020\/05\/OKmethodo-simulateur-Image2.png","type":"image\/png"}],"twitter_card":"summary_large_image","twitter_misc":{"Dur\u00e9e de lecture estim\u00e9e":"4 minutes"},"schema":{"@context":"https:\/\/schema.org","@graph":[{"@type":"WebPage","@id":"https:\/\/guide-gnss.com\/fr\/essais-gnss-simulateur-de-constellations\/","url":"https:\/\/guide-gnss.com\/fr\/essais-gnss-simulateur-de-constellations\/","name":"Simulateur de constellations - GUIDE GNSS","isPartOf":{"@id":"https:\/\/guide-gnss.com\/#website"},"datePublished":"2019-12-17T13:24:21+00:00","dateModified":"2024-10-15T11:54:17+00:00","description":"Les tests GNSS utilisant un simulateur de constellations \u00e9valuent les terminaux GNSS dans un environnement parfaitement contr\u00f4l\u00e9.","breadcrumb":{"@id":"https:\/\/guide-gnss.com\/fr\/essais-gnss-simulateur-de-constellations\/#breadcrumb"},"inLanguage":"fr-FR","potentialAction":[{"@type":"ReadAction","target":["https:\/\/guide-gnss.com\/fr\/essais-gnss-simulateur-de-constellations\/"]}]},{"@type":"BreadcrumbList","@id":"https:\/\/guide-gnss.com\/fr\/essais-gnss-simulateur-de-constellations\/#breadcrumb","itemListElement":[{"@type":"ListItem","position":1,"name":"Accueil","item":"https:\/\/guide-gnss.com\/fr\/"},{"@type":"ListItem","position":2,"name":"M\u00e9trologie GNSS > Simulateur de constellations"}]},{"@type":"WebSite","@id":"https:\/\/guide-gnss.com\/#website","url":"https:\/\/guide-gnss.com\/","name":"GUIDE GNSS","description":"Laboratoire d&#039;Essais en G\u00e9olocalisation GNSS \/ GPS","publisher":{"@id":"https:\/\/guide-gnss.com\/#organization"},"potentialAction":[{"@type":"SearchAction","target":{"@type":"EntryPoint","urlTemplate":"https:\/\/guide-gnss.com\/?s={search_term_string}"},"query-input":"required name=search_term_string"}],"inLanguage":"fr-FR"},{"@type":"Organization","@id":"https:\/\/guide-gnss.com\/#organization","name":"GUIDE GNSS","url":"https:\/\/guide-gnss.com\/","logo":{"@type":"ImageObject","inLanguage":"fr-FR","@id":"https:\/\/guide-gnss.com\/#\/schema\/logo\/image\/","url":"https:\/\/guide-gnss.com\/wp-content\/uploads\/2019\/06\/LogoGUIDE-300dpi-2.png","contentUrl":"https:\/\/guide-gnss.com\/wp-content\/uploads\/2019\/06\/LogoGUIDE-300dpi-2.png","width":1181,"height":897,"caption":"GUIDE GNSS"},"image":{"@id":"https:\/\/guide-gnss.com\/#\/schema\/logo\/image\/"},"sameAs":["https:\/\/www.linkedin.com\/company\/guide-gnss\/","https:\/\/www.youtube.com\/channel\/UCkgddF2NHnrQ9gf-cgTdVkA"]}]}},"_links":{"self":[{"href":"https:\/\/guide-gnss.com\/fr\/wp-json\/wp\/v2\/pages\/2625"}],"collection":[{"href":"https:\/\/guide-gnss.com\/fr\/wp-json\/wp\/v2\/pages"}],"about":[{"href":"https:\/\/guide-gnss.com\/fr\/wp-json\/wp\/v2\/types\/page"}],"author":[{"embeddable":true,"href":"https:\/\/guide-gnss.com\/fr\/wp-json\/wp\/v2\/users\/5"}],"replies":[{"embeddable":true,"href":"https:\/\/guide-gnss.com\/fr\/wp-json\/wp\/v2\/comments?post=2625"}],"version-history":[{"count":44,"href":"https:\/\/guide-gnss.com\/fr\/wp-json\/wp\/v2\/pages\/2625\/revisions"}],"predecessor-version":[{"id":10030,"href":"https:\/\/guide-gnss.com\/fr\/wp-json\/wp\/v2\/pages\/2625\/revisions\/10030"}],"wp:featuredmedia":[{"embeddable":true,"href":"https:\/\/guide-gnss.com\/fr\/wp-json\/wp\/v2\/media\/4881"}],"wp:attachment":[{"href":"https:\/\/guide-gnss.com\/fr\/wp-json\/wp\/v2\/media?parent=2625"}],"curies":[{"name":"wp","href":"https:\/\/api.w.org\/{rel}","templated":true}]}}