{"id":2633,"date":"2019-12-17T15:29:48","date_gmt":"2019-12-17T14:29:48","guid":{"rendered":"https:\/\/guide-gnss.com\/?page_id=2633"},"modified":"2024-03-21T14:52:41","modified_gmt":"2024-03-21T13:52:41","slug":"ingenierie-essais","status":"publish","type":"page","link":"https:\/\/guide-gnss.com\/fr\/ingenierie-essais\/","title":{"rendered":"Ing\u00e9nierie d&rsquo;Essais en G\u00e9olocalisation"},"content":{"rendered":"<p>[et_pb_section fb_built=\u00a0\u00bb1&Prime; fullwidth=\u00a0\u00bbon\u00a0\u00bb _builder_version=\u00a0\u00bb4.16&Prime; saved_tabs=\u00a0\u00bball\u00a0\u00bb global_colors_info=\u00a0\u00bb{}\u00a0\u00bb][et_pb_fullwidth_header title=\u00a0\u00bbIng\u00e9nierie d&rsquo;Essais en G\u00e9olocalisation\u00a0\u00bb _builder_version=\u00a0\u00bb4.16&Prime; title_font=\u00a0\u00bbMontserrat|700|||||||\u00a0\u00bb title_text_align=\u00a0\u00bbcenter\u00a0\u00bb title_font_size=\u00a0\u00bb32px\u00a0\u00bb title_letter_spacing=\u00a0\u00bb3px\u00a0\u00bb subhead_font=\u00a0\u00bbMontserrat|600|||||||\u00a0\u00bb subhead_text_align=\u00a0\u00bbcenter\u00a0\u00bb subhead_font_size=\u00a0\u00bb20px\u00a0\u00bb background_enable_color=\u00a0\u00bboff\u00a0\u00bb background_image=\u00a0\u00bbhttps:\/\/guide-gnss.com\/wp-content\/uploads\/2021\/06\/guide-gnss-home-2021.png\u00a0\u00bb global_colors_info=\u00a0\u00bb{}\u00a0\u00bb]<\/p>\n<h2 style=\"text-align: center; font-size: 20px;\">Processus qualit\u00e9 pour obtenir des r\u00e9sultats d&rsquo;essais GNSS pr\u00e9cis et fiables<\/h2>\n<p>[\/et_pb_fullwidth_header][\/et_pb_section][et_pb_section fb_built=\u00a0\u00bb1&Prime; _builder_version=\u00a0\u00bb4.16&Prime; custom_padding=\u00a0\u00bb9px||21px|||\u00a0\u00bb global_colors_info=\u00a0\u00bb{}\u00a0\u00bb][et_pb_row column_structure=\u00a0\u00bb1_2,1_2&Prime; _builder_version=\u00a0\u00bb4.16&Prime; global_colors_info=\u00a0\u00bb{}\u00a0\u00bb][et_pb_column type=\u00a0\u00bb1_2&Prime; _builder_version=\u00a0\u00bb4.16&Prime; global_colors_info=\u00a0\u00bb{}\u00a0\u00bb][et_pb_text _builder_version=\u00a0\u00bb4.21.0&Prime; hover_enabled=\u00a0\u00bb0&Prime; global_colors_info=\u00a0\u00bb{}\u00a0\u00bb sticky_enabled=\u00a0\u00bb0&Prime;]<\/p>\n<h2>Les 3 Etapes des essais GNSS<\/h2>\n<p style=\"text-align: justify;\">L\u2019ing\u00e9nierie d\u2019essais porte sur toutes les activit\u00e9s requises pour mener \u00e0 bien des campagnes de mesures. Elles se d\u00e9composent essentiellement en 3 \u00e9tapes\u00a0:<\/p>\n<ul style=\"text-align: justify;\">\n<li>Pr\u00e9paration des campagnes d\u2019essais<\/li>\n<li>Production des donn\u00e9es essais<\/li>\n<li>Exploitation des donn\u00e9es d\u2019essais<\/li>\n<\/ul>\n<p style=\"text-align: justify;\">Cette prestation s\u2019appuie sur des comp\u00e9tences \u00e9prouv\u00e9es dans le domaine de la g\u00e9olocalisation et dans celui de la m\u00e9trologie (l\u00e9gale). Les services rendus garantissent les conditions de r\u00e9ussite des mesurages attendus et ils se justifient tout particuli\u00e8rement quand les enjeux sont av\u00e9r\u00e9s.<\/p>\n<p>[\/et_pb_text][\/et_pb_column][et_pb_column type=\u00a0\u00bb1_2&Prime; _builder_version=\u00a0\u00bb4.16&Prime; global_colors_info=\u00a0\u00bb{}\u00a0\u00bb][et_pb_image src=\u00a0\u00bbhttps:\/\/guide-gnss.com\/wp-content\/uploads\/2019\/11\/GNSS-GUIDE-Test-Verification-2.jpg\u00a0\u00bb _builder_version=\u00a0\u00bb4.16&Prime; global_colors_info=\u00a0\u00bb{}\u00a0\u00bb][\/et_pb_image][\/et_pb_column][\/et_pb_row][\/et_pb_section][et_pb_section fb_built=\u00a0\u00bb1&Prime; _builder_version=\u00a0\u00bb4.16&Prime; custom_padding=\u00a0\u00bb9px||21px|||\u00a0\u00bb global_colors_info=\u00a0\u00bb{}\u00a0\u00bb][et_pb_row column_structure=\u00a0\u00bb1_2,1_2&Prime; _builder_version=\u00a0\u00bb4.16&Prime; global_colors_info=\u00a0\u00bb{}\u00a0\u00bb][et_pb_column type=\u00a0\u00bb1_2&Prime; _builder_version=\u00a0\u00bb4.16&Prime; global_colors_info=\u00a0\u00bb{}\u00a0\u00bb][et_pb_text _builder_version=\u00a0\u00bb4.21.0&Prime; hover_enabled=\u00a0\u00bb0&Prime; global_colors_info=\u00a0\u00bb{}\u00a0\u00bb sticky_enabled=\u00a0\u00bb0&Prime;]<\/p>\n<h2>Objectifs des essais GNSS<\/h2>\n<p style=\"text-align: justify;\">L\u2019ing\u00e9nierie d\u2019essais constitue le socle des services propos\u00e9s par le laboratoire GUIDE. Votre organisation en tirera des b\u00e9n\u00e9fices d\u00e9terminant pour vos propres activit\u00e9s\u00a0:<\/p>\n<ul>\n<li style=\"text-align: justify;\"><span style=\"color: #0073d1;\">S\u00e9curiser vos investissements industriels et commerciaux<\/span> avec des solutions performantes et bien adapt\u00e9es aux exigences de vos clients\u00a0;<\/li>\n<li style=\"text-align: justify;\"><span style=\"color: #ff0000;\"><span style=\"color: #0073d1;\">Valider et Positionner les performances de vos solutions<\/span><\/span> par des essais op\u00e9r\u00e9s avec un laboratoire sp\u00e9cialis\u00e9 \u2013 NB.\u00a0: D\u00e9marquez vous des comp\u00e9titeurs adeptes des affirmations libres\u00a0;<\/li>\n<li style=\"text-align: justify;\"><span style=\"color: #0073d1;\">R\u00e9duire vos temps de d\u00e9veloppement<\/span>\u00a0;<\/li>\n<li style=\"text-align: justify;\"><span style=\"color: #0073d1;\">Organiser le management de la performance de vos solutions<\/span>, notamment en optimisant l\u2019efficience de vos designs\u00a0;<\/li>\n<li style=\"text-align: justify;\"><span style=\"color: #0073d1;\">Comparer les performances de vos solutions<\/span>, d\u2019une version \u00e0 une autre, d\u2019un param\u00e9trage \u00e0 un autre, d\u2019un de vos mod\u00e8les avec celui d\u2019un autre constructeur, etc.<\/li>\n<\/ul>\n<p>[\/et_pb_text][\/et_pb_column][et_pb_column type=\u00a0\u00bb1_2&Prime; _builder_version=\u00a0\u00bb4.16&Prime; global_colors_info=\u00a0\u00bb{}\u00a0\u00bb][et_pb_image src=\u00a0\u00bbhttps:\/\/guide-gnss.com\/wp-content\/uploads\/2019\/11\/GNSS-GUIDE-GCAR-Test-Operation.jpg\u00a0\u00bb _builder_version=\u00a0\u00bb4.16&Prime; global_colors_info=\u00a0\u00bb{}\u00a0\u00bb][\/et_pb_image][\/et_pb_column][\/et_pb_row][\/et_pb_section][et_pb_section fb_built=\u00a0\u00bb1&Prime; _builder_version=\u00a0\u00bb4.16&Prime; custom_padding=\u00a0\u00bb8px||6px|||\u00a0\u00bb global_colors_info=\u00a0\u00bb{}\u00a0\u00bb][et_pb_row column_structure=\u00a0\u00bb1_2,1_2&Prime; _builder_version=\u00a0\u00bb4.16&Prime; global_colors_info=\u00a0\u00bb{}\u00a0\u00bb][et_pb_column type=\u00a0\u00bb1_2&Prime; _builder_version=\u00a0\u00bb4.16&Prime; global_colors_info=\u00a0\u00bb{}\u00a0\u00bb][et_pb_text _builder_version=\u00a0\u00bb4.21.0&Prime; custom_padding=\u00a0\u00bb0px|||||\u00a0\u00bb hover_enabled=\u00a0\u00bb0&Prime; global_colors_info=\u00a0\u00bb{}\u00a0\u00bb sticky_enabled=\u00a0\u00bb0&Prime;]<\/p>\n<h2>NOS SOLUTIONS pour les essais GNSS<\/h2>\n<p style=\"text-align: justify;\">L\u2019ing\u00e9nierie d\u2019essais cadre les op\u00e9rations d\u2019essais pour offrir des services ayant les avantages suivants\u00a0:<\/p>\n<ul>\n<li style=\"text-align: justify;\"><span style=\"color: #0073d1;\">M\u00e9thodologies d\u2019essais valid\u00e9es<\/span> assurant une tra\u00e7abilit\u00e9 des r\u00e9sultats et une reproductibilit\u00e9\/r\u00e9p\u00e9tabilit\u00e9 des mesurages. Les r\u00e9f\u00e9rentiels Europ\u00e9ens sont notamment appliqu\u00e9s. Les normes EN16803-1, -2, -3 sont la synth\u00e8se des bonnes pratiques et le consensus des experts dans le domaine\u00a0;<\/li>\n<li style=\"text-align: justify;\"><span style=\"color: #0073d1;\">Mesurages pr\u00e9cis et fiables des donn\u00e9es<\/span> issues des instrumentations et des solutions sous tests ;<\/li>\n<li style=\"text-align: justify;\"><span style=\"color: #0073d1;\">Diagnostics<\/span> fond\u00e9s sur des bases d\u2019analyses s\u00fbrs et pr\u00e9cises\u00a0;<\/li>\n<li style=\"text-align: justify;\"><span style=\"color: #0073d1;\">Campagnes d\u2019essais repr\u00e9sentatives<\/span> car r\u00e9alis\u00e9es dans des conditions et des environnements similaires \u00e0 ceux rencontr\u00e9s par vos clients\u00a0;<\/li>\n<li style=\"text-align: justify;\"><span style=\"color: #0073d1;\">R\u00e9ponse aux besoins des march\u00e9s<\/span> structur\u00e9s ou en passe de le devenir.<\/li>\n<\/ul>\n<p>[\/et_pb_text][\/et_pb_column][et_pb_column type=\u00a0\u00bb1_2&Prime; _builder_version=\u00a0\u00bb4.16&Prime; global_colors_info=\u00a0\u00bb{}\u00a0\u00bb][et_pb_image src=\u00a0\u00bbhttps:\/\/guide-gnss.com\/wp-content\/uploads\/2019\/11\/GNSS-Vehicle-Smartphone-test-1.jpg\u00a0\u00bb _builder_version=\u00a0\u00bb4.16&Prime; global_colors_info=\u00a0\u00bb{}\u00a0\u00bb][\/et_pb_image][\/et_pb_column][\/et_pb_row][\/et_pb_section][et_pb_section fb_built=\u00a0\u00bb1&Prime; _builder_version=\u00a0\u00bb4.16&Prime; custom_padding=\u00a0\u00bb7px||18px|||\u00a0\u00bb global_colors_info=\u00a0\u00bb{}\u00a0\u00bb][et_pb_row column_structure=\u00a0\u00bb1_2,1_2&Prime; _builder_version=\u00a0\u00bb4.16&Prime; global_colors_info=\u00a0\u00bb{}\u00a0\u00bb][et_pb_column type=\u00a0\u00bb1_2&Prime; _builder_version=\u00a0\u00bb4.16&Prime; global_colors_info=\u00a0\u00bb{}\u00a0\u00bb][et_pb_text _builder_version=\u00a0\u00bb4.16&Prime; global_colors_info=\u00a0\u00bb{}\u00a0\u00bb]<\/p>\n<h2>SERVICES RENDUS par les essais GNSS<\/h2>\n<h3><strong>Sp\u00e9cification des m\u00e9thodes d\u2019essais GNSS [1,2]<\/strong><\/h3>\n<ul>\n<li>D\u00e9finition des besoins \u00e0 satisfaire<\/li>\n<li>D\u00e9finition des mesurages, des cas d\u2019essais et de la nature des r\u00e9sultats attendus<\/li>\n<li>S\u00e9lection des M\u00e9thodologies d\u2019essais reconnue ou Non reconnue<\/li>\n<\/ul>\n<h3><strong>Planification des essais GNSS [3]<\/strong><\/h3>\n<ul>\n<li>Identification et prise en main des solutions sous test (DUT)<\/li>\n<li>Identification des moyens m\u00e9trologiques utilis\u00e9s et des personnels impliqu\u00e9s dans la conduire des essais<\/li>\n<li>Identification des environnements et des plateformes d\u2019essais<\/li>\n<li>Identification et gestion des risques<\/li>\n<li>D\u00e9finition du mod\u00e8le du rapport d\u2019essais<\/li>\n<\/ul>\n<h3><strong>Production des essais GNSS [4]<\/strong><\/h3>\n<ul>\n<li>Mise en \u0153uvre des essais dans les conditions pr\u00e9vues dans le plan d\u2019essais<\/li>\n<li>Mise en \u0153uvre des proc\u00e9dures pour la bonne r\u00e9alisation des essais<\/li>\n<li>Mise en \u0153uvre des proc\u00e9dures de suivi des essais et de tra\u00e7abilit\u00e9 des donn\u00e9es<\/li>\n<\/ul>\n<h3><strong>Traitements et analyses des donn\u00e9es d\u2019essais GNSS [5]<\/strong><\/h3>\n<ul>\n<li>Traitement des donn\u00e9es dans des formats exploitables<\/li>\n<li>Traitement des donn\u00e9es pour d\u00e9terminer les distributions statistiques des mesures<\/li>\n<li>Interpr\u00e9tation et analyse des mesures<\/li>\n<\/ul>\n<h3><strong>Rapport d\u2019essais GNSS [6,7]<\/strong><\/h3>\n<ul>\n<li>Caract\u00e9risation des performances avec des m\u00e9triques reconnues<\/li>\n<li>Diagnostics et Recommandations<\/li>\n<li>Certification des r\u00e9sultats<\/li>\n<\/ul>\n<p>[\/et_pb_text][\/et_pb_column][et_pb_column type=\u00a0\u00bb1_2&Prime; _builder_version=\u00a0\u00bb4.16&Prime; global_colors_info=\u00a0\u00bb{}\u00a0\u00bb][et_pb_image src=\u00a0\u00bbhttps:\/\/guide-gnss.com\/wp-content\/uploads\/2019\/10\/V-SHAPED-MODEL-FOR-TEST-ENGINEERING.png\u00a0\u00bb _builder_version=\u00a0\u00bb4.21.0&Prime; hover_enabled=\u00a0\u00bb0&Prime; global_colors_info=\u00a0\u00bb{}\u00a0\u00bb show_in_lightbox=\u00a0\u00bbon\u00a0\u00bb sticky_enabled=\u00a0\u00bb0&Prime;][\/et_pb_image][et_pb_text _builder_version=\u00a0\u00bb4.16&Prime; text_font_size=\u00a0\u00bb10px\u00a0\u00bb global_colors_info=\u00a0\u00bb{}\u00a0\u00bb]<\/p>\n<p style=\"text-align: center;\"><em>Figure 1 \u2013 Courbe en V des \u00e9tapes de l\u2019Ing\u00e9nierie d\u2019essais<\/em><\/p>\n<p>[\/et_pb_text][\/et_pb_column][\/et_pb_row][\/et_pb_section][et_pb_section fb_built=\u00a0\u00bb1&Prime; _builder_version=\u00a0\u00bb4.16&Prime; background_color=\u00a0\u00bb#375882&Prime; custom_padding=\u00a0\u00bb5px||8px|||\u00a0\u00bb global_colors_info=\u00a0\u00bb{}\u00a0\u00bb][et_pb_row column_structure=\u00a0\u00bb3_5,1_5,1_5&Prime; _builder_version=\u00a0\u00bb4.16&Prime; global_colors_info=\u00a0\u00bb{}\u00a0\u00bb][et_pb_column type=\u00a0\u00bb3_5&Prime; _builder_version=\u00a0\u00bb4.16&Prime; global_colors_info=\u00a0\u00bb{}\u00a0\u00bb][et_pb_text _builder_version=\u00a0\u00bb4.16&Prime; global_colors_info=\u00a0\u00bb{}\u00a0\u00bb]<span style=\"color: #ffffff;\"><strong>D\u00e9couvrez \u00e9galement nos autres services autour des essais GNSS \/ GPS<\/strong><\/span>[\/et_pb_text][\/et_pb_column][et_pb_column type=\u00a0\u00bb1_5&Prime; _builder_version=\u00a0\u00bb4.16&Prime; global_colors_info=\u00a0\u00bb{}\u00a0\u00bb][et_pb_button button_url=\u00a0\u00bbhttps:\/\/guide-gnss.com\/fr\/ingenierie-des-moyens-essais\/\u00a0\u00bb button_text=\u00a0\u00bbIng\u00e9nierie des moyens d&rsquo;essais\u00a0\u00bb _builder_version=\u00a0\u00bb4.16&Prime; custom_button=\u00a0\u00bbon\u00a0\u00bb button_text_color=\u00a0\u00bb#253b82&Prime; button_bg_color=\u00a0\u00bb#ffffff\u00a0\u00bb button_icon=\u00a0\u00bb&#x39;||divi||400&Prime; button_on_hover=\u00a0\u00bboff\u00a0\u00bb global_colors_info=\u00a0\u00bb{}\u00a0\u00bb][\/et_pb_button][\/et_pb_column][et_pb_column type=\u00a0\u00bb1_5&Prime; _builder_version=\u00a0\u00bb4.16&Prime; global_colors_info=\u00a0\u00bb{}\u00a0\u00bb][et_pb_button button_url=\u00a0\u00bbhttps:\/\/guide-gnss.com\/fr\/ingenierie-de-la-performance\/\u00a0\u00bb button_text=\u00a0\u00bbIng\u00e9nierie de la performance\u00a0\u00bb _builder_version=\u00a0\u00bb4.16&Prime; custom_button=\u00a0\u00bbon\u00a0\u00bb button_text_color=\u00a0\u00bb#253b82&Prime; button_bg_color=\u00a0\u00bb#ffffff\u00a0\u00bb button_icon=\u00a0\u00bb&#x39;||divi||400&Prime; button_on_hover=\u00a0\u00bboff\u00a0\u00bb global_colors_info=\u00a0\u00bb{}\u00a0\u00bb][\/et_pb_button][\/et_pb_column][\/et_pb_row][\/et_pb_section]<\/p>\n","protected":false},"excerpt":{"rendered":"<p>Processus qualit\u00e9 pour obtenir des r\u00e9sultats d&rsquo;essais GNSS pr\u00e9cis et fiablesLes 3 Etapes des essais GNSS L\u2019ing\u00e9nierie d\u2019essais porte sur toutes les activit\u00e9s requises pour mener \u00e0 bien des campagnes de mesures. Elles se d\u00e9composent essentiellement en 3 \u00e9tapes\u00a0: Pr\u00e9paration des campagnes d\u2019essais Production des donn\u00e9es essais Exploitation des donn\u00e9es d\u2019essais Cette prestation s\u2019appuie sur [&hellip;]<\/p>\n","protected":false},"author":5,"featured_media":0,"parent":0,"menu_order":0,"comment_status":"closed","ping_status":"closed","template":"","meta":{"_et_pb_use_builder":"on","_et_pb_old_content":"","_et_gb_content_width":""},"yoast_head":"<!-- This site is optimized with the Yoast SEO plugin v20.11 - https:\/\/yoast.com\/wordpress\/plugins\/seo\/ -->\n<title>Ing\u00e9nierie d&#039;Essais en G\u00e9olocalisation - GUIDE GNSS<\/title>\n<meta name=\"description\" content=\"Le service d&#039;Ing\u00e9nierie d&#039;Essais de Guide GNSS fournit des m\u00e9thodologies de tests valid\u00e9es, des mesures fiables, des analyses pr\u00e9cises.\" \/>\n<meta name=\"robots\" content=\"index, follow, max-snippet:-1, max-image-preview:large, max-video-preview:-1\" \/>\n<link rel=\"canonical\" href=\"https:\/\/guide-gnss.com\/fr\/ingenierie-essais\/\" \/>\n<meta property=\"og:locale\" content=\"fr_FR\" \/>\n<meta property=\"og:type\" content=\"article\" \/>\n<meta property=\"og:title\" content=\"Ing\u00e9nierie d&#039;Essais en G\u00e9olocalisation - GUIDE GNSS\" \/>\n<meta property=\"og:description\" content=\"Le service d&#039;Ing\u00e9nierie d&#039;Essais de Guide GNSS fournit des m\u00e9thodologies de tests valid\u00e9es, des mesures fiables, des analyses pr\u00e9cises.\" \/>\n<meta property=\"og:url\" content=\"https:\/\/guide-gnss.com\/fr\/ingenierie-essais\/\" \/>\n<meta property=\"og:site_name\" content=\"GUIDE GNSS\" \/>\n<meta property=\"article:modified_time\" content=\"2024-03-21T13:52:41+00:00\" \/>\n<meta name=\"twitter:card\" content=\"summary_large_image\" \/>\n<meta name=\"twitter:label1\" content=\"Dur\u00e9e de lecture estim\u00e9e\" \/>\n\t<meta name=\"twitter:data1\" content=\"3 minutes\" \/>\n<script type=\"application\/ld+json\" class=\"yoast-schema-graph\">{\"@context\":\"https:\/\/schema.org\",\"@graph\":[{\"@type\":\"WebPage\",\"@id\":\"https:\/\/guide-gnss.com\/fr\/ingenierie-essais\/\",\"url\":\"https:\/\/guide-gnss.com\/fr\/ingenierie-essais\/\",\"name\":\"Ing\u00e9nierie d'Essais en G\u00e9olocalisation - GUIDE GNSS\",\"isPartOf\":{\"@id\":\"https:\/\/guide-gnss.com\/#website\"},\"datePublished\":\"2019-12-17T14:29:48+00:00\",\"dateModified\":\"2024-03-21T13:52:41+00:00\",\"description\":\"Le service d'Ing\u00e9nierie d'Essais de Guide GNSS fournit des m\u00e9thodologies de tests valid\u00e9es, des mesures fiables, des analyses pr\u00e9cises.\",\"breadcrumb\":{\"@id\":\"https:\/\/guide-gnss.com\/fr\/ingenierie-essais\/#breadcrumb\"},\"inLanguage\":\"fr-FR\",\"potentialAction\":[{\"@type\":\"ReadAction\",\"target\":[\"https:\/\/guide-gnss.com\/fr\/ingenierie-essais\/\"]}]},{\"@type\":\"BreadcrumbList\",\"@id\":\"https:\/\/guide-gnss.com\/fr\/ingenierie-essais\/#breadcrumb\",\"itemListElement\":[{\"@type\":\"ListItem\",\"position\":1,\"name\":\"Accueil\",\"item\":\"https:\/\/guide-gnss.com\/fr\/\"},{\"@type\":\"ListItem\",\"position\":2,\"name\":\"Services > Ing\u00e9nierie d'Essais\"}]},{\"@type\":\"WebSite\",\"@id\":\"https:\/\/guide-gnss.com\/#website\",\"url\":\"https:\/\/guide-gnss.com\/\",\"name\":\"GUIDE GNSS\",\"description\":\"Laboratoire d&#039;Essais en G\u00e9olocalisation GNSS \/ GPS\",\"publisher\":{\"@id\":\"https:\/\/guide-gnss.com\/#organization\"},\"potentialAction\":[{\"@type\":\"SearchAction\",\"target\":{\"@type\":\"EntryPoint\",\"urlTemplate\":\"https:\/\/guide-gnss.com\/?s={search_term_string}\"},\"query-input\":\"required name=search_term_string\"}],\"inLanguage\":\"fr-FR\"},{\"@type\":\"Organization\",\"@id\":\"https:\/\/guide-gnss.com\/#organization\",\"name\":\"GUIDE GNSS\",\"url\":\"https:\/\/guide-gnss.com\/\",\"logo\":{\"@type\":\"ImageObject\",\"inLanguage\":\"fr-FR\",\"@id\":\"https:\/\/guide-gnss.com\/#\/schema\/logo\/image\/\",\"url\":\"https:\/\/guide-gnss.com\/wp-content\/uploads\/2019\/06\/LogoGUIDE-300dpi-2.png\",\"contentUrl\":\"https:\/\/guide-gnss.com\/wp-content\/uploads\/2019\/06\/LogoGUIDE-300dpi-2.png\",\"width\":1181,\"height\":897,\"caption\":\"GUIDE GNSS\"},\"image\":{\"@id\":\"https:\/\/guide-gnss.com\/#\/schema\/logo\/image\/\"},\"sameAs\":[\"https:\/\/www.linkedin.com\/company\/guide-gnss\/\",\"https:\/\/www.youtube.com\/channel\/UCkgddF2NHnrQ9gf-cgTdVkA\"]}]}<\/script>\n<!-- \/ Yoast SEO plugin. -->","yoast_head_json":{"title":"Ing\u00e9nierie d'Essais en G\u00e9olocalisation - GUIDE GNSS","description":"Le service d'Ing\u00e9nierie d'Essais de Guide GNSS fournit des m\u00e9thodologies de tests valid\u00e9es, des mesures fiables, des analyses pr\u00e9cises.","robots":{"index":"index","follow":"follow","max-snippet":"max-snippet:-1","max-image-preview":"max-image-preview:large","max-video-preview":"max-video-preview:-1"},"canonical":"https:\/\/guide-gnss.com\/fr\/ingenierie-essais\/","og_locale":"fr_FR","og_type":"article","og_title":"Ing\u00e9nierie d'Essais en G\u00e9olocalisation - GUIDE GNSS","og_description":"Le service d'Ing\u00e9nierie d'Essais de Guide GNSS fournit des m\u00e9thodologies de tests valid\u00e9es, des mesures fiables, des analyses pr\u00e9cises.","og_url":"https:\/\/guide-gnss.com\/fr\/ingenierie-essais\/","og_site_name":"GUIDE GNSS","article_modified_time":"2024-03-21T13:52:41+00:00","twitter_card":"summary_large_image","twitter_misc":{"Dur\u00e9e de lecture estim\u00e9e":"3 minutes"},"schema":{"@context":"https:\/\/schema.org","@graph":[{"@type":"WebPage","@id":"https:\/\/guide-gnss.com\/fr\/ingenierie-essais\/","url":"https:\/\/guide-gnss.com\/fr\/ingenierie-essais\/","name":"Ing\u00e9nierie d'Essais en G\u00e9olocalisation - GUIDE GNSS","isPartOf":{"@id":"https:\/\/guide-gnss.com\/#website"},"datePublished":"2019-12-17T14:29:48+00:00","dateModified":"2024-03-21T13:52:41+00:00","description":"Le service d'Ing\u00e9nierie d'Essais de Guide GNSS fournit des m\u00e9thodologies de tests valid\u00e9es, des mesures fiables, des analyses pr\u00e9cises.","breadcrumb":{"@id":"https:\/\/guide-gnss.com\/fr\/ingenierie-essais\/#breadcrumb"},"inLanguage":"fr-FR","potentialAction":[{"@type":"ReadAction","target":["https:\/\/guide-gnss.com\/fr\/ingenierie-essais\/"]}]},{"@type":"BreadcrumbList","@id":"https:\/\/guide-gnss.com\/fr\/ingenierie-essais\/#breadcrumb","itemListElement":[{"@type":"ListItem","position":1,"name":"Accueil","item":"https:\/\/guide-gnss.com\/fr\/"},{"@type":"ListItem","position":2,"name":"Services > Ing\u00e9nierie d'Essais"}]},{"@type":"WebSite","@id":"https:\/\/guide-gnss.com\/#website","url":"https:\/\/guide-gnss.com\/","name":"GUIDE GNSS","description":"Laboratoire d&#039;Essais en G\u00e9olocalisation GNSS \/ GPS","publisher":{"@id":"https:\/\/guide-gnss.com\/#organization"},"potentialAction":[{"@type":"SearchAction","target":{"@type":"EntryPoint","urlTemplate":"https:\/\/guide-gnss.com\/?s={search_term_string}"},"query-input":"required name=search_term_string"}],"inLanguage":"fr-FR"},{"@type":"Organization","@id":"https:\/\/guide-gnss.com\/#organization","name":"GUIDE GNSS","url":"https:\/\/guide-gnss.com\/","logo":{"@type":"ImageObject","inLanguage":"fr-FR","@id":"https:\/\/guide-gnss.com\/#\/schema\/logo\/image\/","url":"https:\/\/guide-gnss.com\/wp-content\/uploads\/2019\/06\/LogoGUIDE-300dpi-2.png","contentUrl":"https:\/\/guide-gnss.com\/wp-content\/uploads\/2019\/06\/LogoGUIDE-300dpi-2.png","width":1181,"height":897,"caption":"GUIDE GNSS"},"image":{"@id":"https:\/\/guide-gnss.com\/#\/schema\/logo\/image\/"},"sameAs":["https:\/\/www.linkedin.com\/company\/guide-gnss\/","https:\/\/www.youtube.com\/channel\/UCkgddF2NHnrQ9gf-cgTdVkA"]}]}},"_links":{"self":[{"href":"https:\/\/guide-gnss.com\/fr\/wp-json\/wp\/v2\/pages\/2633"}],"collection":[{"href":"https:\/\/guide-gnss.com\/fr\/wp-json\/wp\/v2\/pages"}],"about":[{"href":"https:\/\/guide-gnss.com\/fr\/wp-json\/wp\/v2\/types\/page"}],"author":[{"embeddable":true,"href":"https:\/\/guide-gnss.com\/fr\/wp-json\/wp\/v2\/users\/5"}],"replies":[{"embeddable":true,"href":"https:\/\/guide-gnss.com\/fr\/wp-json\/wp\/v2\/comments?post=2633"}],"version-history":[{"count":35,"href":"https:\/\/guide-gnss.com\/fr\/wp-json\/wp\/v2\/pages\/2633\/revisions"}],"predecessor-version":[{"id":9422,"href":"https:\/\/guide-gnss.com\/fr\/wp-json\/wp\/v2\/pages\/2633\/revisions\/9422"}],"wp:attachment":[{"href":"https:\/\/guide-gnss.com\/fr\/wp-json\/wp\/v2\/media?parent=2633"}],"curies":[{"name":"wp","href":"https:\/\/api.w.org\/{rel}","templated":true}]}}