{"id":2642,"date":"2019-12-17T15:35:08","date_gmt":"2019-12-17T14:35:08","guid":{"rendered":"https:\/\/guide-gnss.com\/?page_id=2642"},"modified":"2024-03-21T16:40:30","modified_gmt":"2024-03-21T15:40:30","slug":"ingenierie-des-moyens-essais","status":"publish","type":"page","link":"https:\/\/guide-gnss.com\/fr\/ingenierie-des-moyens-essais\/","title":{"rendered":"Ing\u00e9nierie des Moyens d&rsquo;Essais en G\u00e9olocalisation"},"content":{"rendered":"<p>[et_pb_section fb_built=\u00a0\u00bb1&Prime; fullwidth=\u00a0\u00bbon\u00a0\u00bb _builder_version=\u00a0\u00bb4.16&Prime; saved_tabs=\u00a0\u00bball\u00a0\u00bb global_colors_info=\u00a0\u00bb{}\u00a0\u00bb][et_pb_fullwidth_header title=\u00a0\u00bbIng\u00e9nierie des Moyens d&rsquo;Essais en G\u00e9olocalisation\u00a0\u00bb _builder_version=\u00a0\u00bb4.16&Prime; title_font=\u00a0\u00bbMontserrat|700|||||||\u00a0\u00bb title_text_align=\u00a0\u00bbcenter\u00a0\u00bb title_font_size=\u00a0\u00bb32px\u00a0\u00bb title_letter_spacing=\u00a0\u00bb3px\u00a0\u00bb subhead_font=\u00a0\u00bbMontserrat|600|||||||\u00a0\u00bb subhead_text_align=\u00a0\u00bbcenter\u00a0\u00bb subhead_font_size=\u00a0\u00bb20px\u00a0\u00bb background_image=\u00a0\u00bbhttps:\/\/guide-gnss.com\/wp-content\/uploads\/2021\/06\/guide-gnss-home-2021.png\u00a0\u00bb global_colors_info=\u00a0\u00bb{}\u00a0\u00bb]<\/p>\n<h2 style=\"text-align: center; font-size: 20px;\">Processus d&rsquo;accompagnement pour internaliser et ma\u00eetriser vos essais GNSS<\/h2>\n<p>[\/et_pb_fullwidth_header][\/et_pb_section][et_pb_section fb_built=\u00a0\u00bb1&Prime; _builder_version=\u00a0\u00bb4.16&Prime; custom_padding=\u00a0\u00bb||9px|||\u00a0\u00bb global_colors_info=\u00a0\u00bb{}\u00a0\u00bb][et_pb_row _builder_version=\u00a0\u00bb4.16&Prime; custom_margin=\u00a0\u00bb-23px|auto||auto||\u00a0\u00bb custom_padding=\u00a0\u00bb||0px|||\u00a0\u00bb global_colors_info=\u00a0\u00bb{}\u00a0\u00bb][et_pb_column type=\u00a0\u00bb4_4&Prime; _builder_version=\u00a0\u00bb4.16&Prime; global_colors_info=\u00a0\u00bb{}\u00a0\u00bb][et_pb_text _builder_version=\u00a0\u00bb4.16&Prime; global_colors_info=\u00a0\u00bb{}\u00a0\u00bb]<\/p>\n<h2>Moyens d&rsquo;Essais dans vos Locaux<\/h2>\n<p>L\u2019ing\u00e9nierie des moyens d\u2019essais porte sur toutes les activit\u00e9s susceptibles de faciliter la mise en \u0153uvre d\u2019essais GNSS au sein des entreprises.<\/p>\n<p>[\/et_pb_text][et_pb_text _builder_version=\u00a0\u00bb4.21.0&Prime; hover_enabled=\u00a0\u00bb0&Prime; global_colors_info=\u00a0\u00bb{}\u00a0\u00bb sticky_enabled=\u00a0\u00bb0&Prime;]<\/p>\n<p style=\"text-align: justify;\"><span style=\"font-size: 15px;\">L&rsquo;ing\u00e9nierie des moyens d&rsquo;essais se d\u00e9compose essentiellement en 4 \u00e9tapes\u00a0:<\/span><\/p>\n<ul style=\"text-align: justify;\">\n<li>D\u00e9finition des <span style=\"color: #0073d1;\">moyens m\u00e9trologiques<\/span> pour tester des terminaux GNSS dans vos locaux ;<\/li>\n<li>R\u00e9alisation et distribution de <span style=\"color: #0073d1;\">sc\u00e9narios d\u2019essais<\/span> destin\u00e9s \u00e0 reconstituer des environnements d\u2019essais\u00a0num\u00e9ris\u00e9s sur le terrain;<\/li>\n<li>D\u00e9veloppement et distribution d\u2019<span style=\"color: #0073d1;\">outils de traitement et d&rsquo;analyse<\/span> des donn\u00e9es d&rsquo;essais ;<\/li>\n<li><span style=\"color: #0073d1;\">Formation <\/span>sur les moyens d&rsquo;essais;<\/li>\n<\/ul>\n<p style=\"text-align: justify;\">Ces prestations s\u2019appuient sur des comp\u00e9tences \u00e9prouv\u00e9es dans le domaine de la g\u00e9olocalisation et dans celui de la m\u00e9trologie (l\u00e9gale). Les services rendus garantissent les conditions de r\u00e9ussite des mesurages attendus.<\/p>\n<p>[\/et_pb_text][\/et_pb_column][\/et_pb_row][\/et_pb_section][et_pb_section fb_built=\u00a0\u00bb1&Prime; _builder_version=\u00a0\u00bb4.16&Prime; custom_padding=\u00a0\u00bb11px||10px|||\u00a0\u00bb global_colors_info=\u00a0\u00bb{}\u00a0\u00bb][et_pb_row column_structure=\u00a0\u00bb1_2,1_2&Prime; _builder_version=\u00a0\u00bb4.16&Prime; global_colors_info=\u00a0\u00bb{}\u00a0\u00bb][et_pb_column type=\u00a0\u00bb1_2&Prime; _builder_version=\u00a0\u00bb4.16&Prime; global_colors_info=\u00a0\u00bb{}\u00a0\u00bb][et_pb_text _builder_version=\u00a0\u00bb4.21.0&Prime; custom_padding=\u00a0\u00bb5px|||||\u00a0\u00bb hover_enabled=\u00a0\u00bb0&Prime; global_colors_info=\u00a0\u00bb{}\u00a0\u00bb sticky_enabled=\u00a0\u00bb0&Prime;]<\/p>\n<h2 style=\"text-align: left;\">Essais GNSS Solutions \u00e9prouv\u00e9es<\/h2>\n<p style=\"text-align: justify;\">L\u2019ing\u00e9nierie des moyens d\u2019essais fournit les m\u00e9thodes, les sc\u00e9narios et les outils d\u2019analyses pour \u00e9valuer vous-m\u00eame vos solutions avec les avantages suivants\u00a0:<\/p>\n<p style=\"text-align: justify;\">\n<ul>\n<li style=\"text-align: justify;\">Les <span style=\"color: #0073d1;\">instruments de rejeux<\/span> (SDR replayers) restituent des signaux GNSS originaux, des signaux simul\u00e9s par des g\u00e9n\u00e9rateurs de constellations ou des g\u00e9n\u00e9rateurs d\u2019interf\u00e9rents.<\/li>\n<li style=\"text-align: justify;\">Reconstituer des <span style=\"color: #0073d1;\">environnements GNSS r\u00e9alistes<\/span> en rejouant des signaux pr\u00e9alablement num\u00e9ris\u00e9s dans le monde r\u00e9el.<\/li>\n<li style=\"text-align: justify;\">Exploitez des <span style=\"color: #0073d1;\">donn\u00e9es d\u2019essais num\u00e9ris\u00e9es et des trajectoires de r\u00e9f\u00e9rences <\/span>collect\u00e9es avec rigueur et valid\u00e9es;<\/li>\n<li style=\"text-align: justify;\">Choisissez (ou faites r\u00e9alisez) des sc\u00e9narios d\u2019essais en <span style=\"color: #0073d1;\">coh\u00e9rence avec vos objectifs<\/span> m\u00e9trologiques\u00a0;<\/li>\n<li style=\"text-align: justify;\">R\u00e9it\u00e9rez \u00e0 volont\u00e9s les rejeux d\u2019un m\u00eame sc\u00e9nario\u00a0pour discriminer les <span style=\"color: #0073d1;\">erreurs de Justesse et de Fid\u00e9lit\u00e9<\/span>\u00a0;<\/li>\n<li style=\"text-align: justify;\"><span style=\"color: #0073d1;\">Comparer des mesures<\/span> de solutions obtenues \u00e0 base des m\u00eames signaux GNSS\u00a0;<\/li>\n<li style=\"text-align: justify;\">Utiliser des <span style=\"color: #0073d1;\">outils d\u2019analyses valid\u00e9es<\/span>\u00a0et\u00a0capables de rapprocher les diff\u00e9rentes\u00a0 mesures obtenues \u00e0 l\u2019aide d\u2019un m\u00eame sc\u00e9nario.<\/li>\n<\/ul>\n<p>[\/et_pb_text][\/et_pb_column][et_pb_column type=\u00a0\u00bb1_2&Prime; _builder_version=\u00a0\u00bb4.16&Prime; global_colors_info=\u00a0\u00bb{}\u00a0\u00bb][et_pb_image src=\u00a0\u00bbhttps:\/\/guide-gnss.com\/wp-content\/uploads\/2019\/10\/GNSS-GUIDE-Testing-instrumentation.jpg\u00a0\u00bb _builder_version=\u00a0\u00bb4.16&Prime; global_colors_info=\u00a0\u00bb{}\u00a0\u00bb][\/et_pb_image][\/et_pb_column][\/et_pb_row][\/et_pb_section][et_pb_section fb_built=\u00a0\u00bb1&Prime; _builder_version=\u00a0\u00bb4.16&Prime; custom_padding=\u00a0\u00bb8px||12px|||\u00a0\u00bb global_colors_info=\u00a0\u00bb{}\u00a0\u00bb][et_pb_row column_structure=\u00a0\u00bb1_2,1_2&Prime; _builder_version=\u00a0\u00bb4.16&Prime; global_colors_info=\u00a0\u00bb{}\u00a0\u00bb][et_pb_column type=\u00a0\u00bb1_2&Prime; _builder_version=\u00a0\u00bb4.16&Prime; global_colors_info=\u00a0\u00bb{}\u00a0\u00bb][et_pb_text _builder_version=\u00a0\u00bb4.21.0&Prime; hover_enabled=\u00a0\u00bb0&Prime; global_colors_info=\u00a0\u00bb{}\u00a0\u00bb sticky_enabled=\u00a0\u00bb0&Prime;]<\/p>\n<h2>Services rendus par les essais GNSS (GPS \/ Galileo)<\/h2>\n<p style=\"text-align: justify;\"><b>D\u00e9finition des moyens de m\u00e9trologies :<\/b><\/p>\n<ul style=\"text-align: justify;\">\n<li>D\u00e9finition du niveau d\u2019exigence sur les r\u00e9sultats\u00a0;<\/li>\n<li>S\u00e9lection des instruments d\u2019essais susceptibles de satisfaire aux exigences m\u00e9trologiques.<\/li>\n<\/ul>\n<p style=\"text-align: justify;\"><b>R\u00e9alisation et distribution de sc\u00e9narios d\u2019essais constitu\u00e9s de signaux ou de donn\u00e9es \u00e0\u00a0<\/b><b>rejouer :<\/b><\/p>\n<ul style=\"text-align: justify;\">\n<li>D\u00e9finition et planification de campagnes de num\u00e9risation adhoc\u00a0;<\/li>\n<li>Fourniture de sc\u00e9narios d\u2019essais.<\/li>\n<\/ul>\n<p style=\"text-align: justify;\"><b>D\u00e9veloppement et distribution d\u2019outils d\u2019analyses :<br \/><\/b><\/p>\n<ul>\n<li style=\"text-align: justify;\">D\u00e9finition des outils d\u2019analyses des donn\u00e9es\u00a0;<\/li>\n<li style=\"text-align: justify;\">D\u00e9finition des outils de traitement des donn\u00e9es\u00a0 afin de les rendre compatibles avec les outils d\u2019analyse;<\/li>\n<li style=\"text-align: justify;\">D\u00e9veloppement d\u2019algorithmes de fonctions statistiques.<\/li>\n<\/ul>\n<p>[\/et_pb_text][\/et_pb_column][et_pb_column type=\u00a0\u00bb1_2&Prime; _builder_version=\u00a0\u00bb4.16&Prime; global_colors_info=\u00a0\u00bb{}\u00a0\u00bb][et_pb_image src=\u00a0\u00bbhttps:\/\/guide-gnss.com\/wp-content\/uploads\/2019\/10\/GNSS_GCAR_Test-Vehicle.jpg\u00a0\u00bb _builder_version=\u00a0\u00bb4.16&Prime; global_colors_info=\u00a0\u00bb{}\u00a0\u00bb][\/et_pb_image][\/et_pb_column][\/et_pb_row][\/et_pb_section][et_pb_section fb_built=\u00a0\u00bb1&Prime; _builder_version=\u00a0\u00bb4.16&Prime; background_color=\u00a0\u00bb#375882&Prime; custom_padding=\u00a0\u00bb5px||8px|||\u00a0\u00bb global_colors_info=\u00a0\u00bb{}\u00a0\u00bb][et_pb_row column_structure=\u00a0\u00bb3_5,1_5,1_5&Prime; _builder_version=\u00a0\u00bb4.16&Prime; global_colors_info=\u00a0\u00bb{}\u00a0\u00bb][et_pb_column type=\u00a0\u00bb3_5&Prime; _builder_version=\u00a0\u00bb4.16&Prime; global_colors_info=\u00a0\u00bb{}\u00a0\u00bb][et_pb_text _builder_version=\u00a0\u00bb4.21.0&Prime; hover_enabled=\u00a0\u00bb0&Prime; global_colors_info=\u00a0\u00bb{}\u00a0\u00bb sticky_enabled=\u00a0\u00bb0&Prime;]<\/p>\n<p><span style=\"color: #ffffff;\"><strong>D\u00e9couvrez \u00e9galement nos autres services autour des essais GNSS<\/p>\n<p><\/strong><\/span><\/p>\n<p>[\/et_pb_text][\/et_pb_column][et_pb_column type=\u00a0\u00bb1_5&Prime; _builder_version=\u00a0\u00bb4.16&Prime; global_colors_info=\u00a0\u00bb{}\u00a0\u00bb][et_pb_button button_url=\u00a0\u00bbhttps:\/\/guide-gnss.com\/fr\/ingenierie-essais\/\u00a0\u00bb button_text=\u00a0\u00bbIng\u00e9nierie des essais GNSS\u00a0\u00bb _builder_version=\u00a0\u00bb4.21.0&Prime; custom_button=\u00a0\u00bbon\u00a0\u00bb button_text_color=\u00a0\u00bb#253b82&Prime; button_bg_color=\u00a0\u00bb#ffffff\u00a0\u00bb button_icon=\u00a0\u00bb&#x39;||divi||400&Prime; button_on_hover=\u00a0\u00bboff\u00a0\u00bb hover_enabled=\u00a0\u00bb0&Prime; global_colors_info=\u00a0\u00bb{}\u00a0\u00bb sticky_enabled=\u00a0\u00bb0&Prime;][\/et_pb_button][\/et_pb_column][et_pb_column type=\u00a0\u00bb1_5&Prime; _builder_version=\u00a0\u00bb4.16&Prime; global_colors_info=\u00a0\u00bb{}\u00a0\u00bb][et_pb_button button_url=\u00a0\u00bbhttps:\/\/guide-gnss.com\/fr\/ingenierie-de-la-performance\/\u00a0\u00bb button_text=\u00a0\u00bbIng\u00e9nierie de la performance\u00a0\u00bb _builder_version=\u00a0\u00bb4.16&Prime; custom_button=\u00a0\u00bbon\u00a0\u00bb button_text_color=\u00a0\u00bb#253b82&Prime; button_bg_color=\u00a0\u00bb#ffffff\u00a0\u00bb button_icon=\u00a0\u00bb&#x39;||divi||400&Prime; button_on_hover=\u00a0\u00bboff\u00a0\u00bb global_colors_info=\u00a0\u00bb{}\u00a0\u00bb][\/et_pb_button][\/et_pb_column][\/et_pb_row][\/et_pb_section]<\/p>\n","protected":false},"excerpt":{"rendered":"<p>Processus d&rsquo;accompagnement pour internaliser et ma\u00eetriser vos essais GNSSMoyens d&rsquo;Essais dans vos Locaux L\u2019ing\u00e9nierie des moyens d\u2019essais porte sur toutes les activit\u00e9s susceptibles de faciliter la mise en \u0153uvre d\u2019essais GNSS au sein des entreprises.L&rsquo;ing\u00e9nierie des moyens d&rsquo;essais se d\u00e9compose essentiellement en 4 \u00e9tapes\u00a0: D\u00e9finition des moyens m\u00e9trologiques pour tester des terminaux GNSS dans vos [&hellip;]<\/p>\n","protected":false},"author":5,"featured_media":2287,"parent":0,"menu_order":0,"comment_status":"closed","ping_status":"closed","template":"","meta":{"_et_pb_use_builder":"on","_et_pb_old_content":"","_et_gb_content_width":""},"yoast_head":"<!-- This site is optimized with the Yoast SEO plugin v20.11 - https:\/\/yoast.com\/wordpress\/plugins\/seo\/ -->\n<title>Ing\u00e9nierie des Moyens d&#039;Essais en G\u00e9olocalisation - GUIDE GNSS<\/title>\n<meta name=\"description\" content=\"L&#039;Ing\u00e9nierie des Moyens d&#039;Essais couvre toutes les activit\u00e9s de mise en \u0153uvre des mesures GNSS au sein des entreprises.\" \/>\n<meta name=\"robots\" content=\"index, follow, max-snippet:-1, max-image-preview:large, max-video-preview:-1\" \/>\n<link rel=\"canonical\" href=\"https:\/\/guide-gnss.com\/fr\/ingenierie-des-moyens-essais\/\" \/>\n<meta property=\"og:locale\" content=\"fr_FR\" \/>\n<meta property=\"og:type\" content=\"article\" \/>\n<meta property=\"og:title\" content=\"Ing\u00e9nierie des Moyens d&#039;Essais en G\u00e9olocalisation - GUIDE GNSS\" \/>\n<meta property=\"og:description\" content=\"L&#039;Ing\u00e9nierie des Moyens d&#039;Essais couvre toutes les activit\u00e9s de mise en \u0153uvre des mesures GNSS au sein des entreprises.\" \/>\n<meta property=\"og:url\" content=\"https:\/\/guide-gnss.com\/fr\/ingenierie-des-moyens-essais\/\" \/>\n<meta property=\"og:site_name\" content=\"GUIDE GNSS\" \/>\n<meta property=\"article:modified_time\" content=\"2024-03-21T15:40:30+00:00\" \/>\n<meta property=\"og:image\" content=\"https:\/\/guide-gnss.com\/wp-content\/uploads\/2019\/11\/GUIDE-Saint-Paul-l\u00e8s-Dax.png\" \/>\n\t<meta property=\"og:image:width\" content=\"1419\" \/>\n\t<meta property=\"og:image:height\" content=\"1073\" \/>\n\t<meta property=\"og:image:type\" content=\"image\/png\" \/>\n<meta name=\"twitter:card\" content=\"summary_large_image\" \/>\n<meta name=\"twitter:label1\" content=\"Dur\u00e9e de lecture estim\u00e9e\" \/>\n\t<meta name=\"twitter:data1\" content=\"3 minutes\" \/>\n<script type=\"application\/ld+json\" class=\"yoast-schema-graph\">{\"@context\":\"https:\/\/schema.org\",\"@graph\":[{\"@type\":\"WebPage\",\"@id\":\"https:\/\/guide-gnss.com\/fr\/ingenierie-des-moyens-essais\/\",\"url\":\"https:\/\/guide-gnss.com\/fr\/ingenierie-des-moyens-essais\/\",\"name\":\"Ing\u00e9nierie des Moyens d'Essais en G\u00e9olocalisation - GUIDE GNSS\",\"isPartOf\":{\"@id\":\"https:\/\/guide-gnss.com\/#website\"},\"datePublished\":\"2019-12-17T14:35:08+00:00\",\"dateModified\":\"2024-03-21T15:40:30+00:00\",\"description\":\"L'Ing\u00e9nierie des Moyens d'Essais couvre toutes les activit\u00e9s de mise en \u0153uvre des mesures GNSS au sein des entreprises.\",\"breadcrumb\":{\"@id\":\"https:\/\/guide-gnss.com\/fr\/ingenierie-des-moyens-essais\/#breadcrumb\"},\"inLanguage\":\"fr-FR\",\"potentialAction\":[{\"@type\":\"ReadAction\",\"target\":[\"https:\/\/guide-gnss.com\/fr\/ingenierie-des-moyens-essais\/\"]}]},{\"@type\":\"BreadcrumbList\",\"@id\":\"https:\/\/guide-gnss.com\/fr\/ingenierie-des-moyens-essais\/#breadcrumb\",\"itemListElement\":[{\"@type\":\"ListItem\",\"position\":1,\"name\":\"Accueil\",\"item\":\"https:\/\/guide-gnss.com\/fr\/\"},{\"@type\":\"ListItem\",\"position\":2,\"name\":\"Services > Ing\u00e9nierie des Moyens d'Essais\"}]},{\"@type\":\"WebSite\",\"@id\":\"https:\/\/guide-gnss.com\/#website\",\"url\":\"https:\/\/guide-gnss.com\/\",\"name\":\"GUIDE GNSS\",\"description\":\"Laboratoire d&#039;Essais en G\u00e9olocalisation GNSS \/ GPS\",\"publisher\":{\"@id\":\"https:\/\/guide-gnss.com\/#organization\"},\"potentialAction\":[{\"@type\":\"SearchAction\",\"target\":{\"@type\":\"EntryPoint\",\"urlTemplate\":\"https:\/\/guide-gnss.com\/?s={search_term_string}\"},\"query-input\":\"required name=search_term_string\"}],\"inLanguage\":\"fr-FR\"},{\"@type\":\"Organization\",\"@id\":\"https:\/\/guide-gnss.com\/#organization\",\"name\":\"GUIDE GNSS\",\"url\":\"https:\/\/guide-gnss.com\/\",\"logo\":{\"@type\":\"ImageObject\",\"inLanguage\":\"fr-FR\",\"@id\":\"https:\/\/guide-gnss.com\/#\/schema\/logo\/image\/\",\"url\":\"https:\/\/guide-gnss.com\/wp-content\/uploads\/2019\/06\/LogoGUIDE-300dpi-2.png\",\"contentUrl\":\"https:\/\/guide-gnss.com\/wp-content\/uploads\/2019\/06\/LogoGUIDE-300dpi-2.png\",\"width\":1181,\"height\":897,\"caption\":\"GUIDE GNSS\"},\"image\":{\"@id\":\"https:\/\/guide-gnss.com\/#\/schema\/logo\/image\/\"},\"sameAs\":[\"https:\/\/www.linkedin.com\/company\/guide-gnss\/\",\"https:\/\/www.youtube.com\/channel\/UCkgddF2NHnrQ9gf-cgTdVkA\"]}]}<\/script>\n<!-- \/ Yoast SEO plugin. -->","yoast_head_json":{"title":"Ing\u00e9nierie des Moyens d'Essais en G\u00e9olocalisation - GUIDE GNSS","description":"L'Ing\u00e9nierie des Moyens d'Essais couvre toutes les activit\u00e9s de mise en \u0153uvre des mesures GNSS au sein des entreprises.","robots":{"index":"index","follow":"follow","max-snippet":"max-snippet:-1","max-image-preview":"max-image-preview:large","max-video-preview":"max-video-preview:-1"},"canonical":"https:\/\/guide-gnss.com\/fr\/ingenierie-des-moyens-essais\/","og_locale":"fr_FR","og_type":"article","og_title":"Ing\u00e9nierie des Moyens d'Essais en G\u00e9olocalisation - GUIDE GNSS","og_description":"L'Ing\u00e9nierie des Moyens d'Essais couvre toutes les activit\u00e9s de mise en \u0153uvre des mesures GNSS au sein des entreprises.","og_url":"https:\/\/guide-gnss.com\/fr\/ingenierie-des-moyens-essais\/","og_site_name":"GUIDE GNSS","article_modified_time":"2024-03-21T15:40:30+00:00","og_image":[{"width":1419,"height":1073,"url":"https:\/\/guide-gnss.com\/wp-content\/uploads\/2019\/11\/GUIDE-Saint-Paul-l\u00e8s-Dax.png","type":"image\/png"}],"twitter_card":"summary_large_image","twitter_misc":{"Dur\u00e9e de lecture estim\u00e9e":"3 minutes"},"schema":{"@context":"https:\/\/schema.org","@graph":[{"@type":"WebPage","@id":"https:\/\/guide-gnss.com\/fr\/ingenierie-des-moyens-essais\/","url":"https:\/\/guide-gnss.com\/fr\/ingenierie-des-moyens-essais\/","name":"Ing\u00e9nierie des Moyens d'Essais en G\u00e9olocalisation - GUIDE GNSS","isPartOf":{"@id":"https:\/\/guide-gnss.com\/#website"},"datePublished":"2019-12-17T14:35:08+00:00","dateModified":"2024-03-21T15:40:30+00:00","description":"L'Ing\u00e9nierie des Moyens d'Essais couvre toutes les activit\u00e9s de mise en \u0153uvre des mesures GNSS au sein des entreprises.","breadcrumb":{"@id":"https:\/\/guide-gnss.com\/fr\/ingenierie-des-moyens-essais\/#breadcrumb"},"inLanguage":"fr-FR","potentialAction":[{"@type":"ReadAction","target":["https:\/\/guide-gnss.com\/fr\/ingenierie-des-moyens-essais\/"]}]},{"@type":"BreadcrumbList","@id":"https:\/\/guide-gnss.com\/fr\/ingenierie-des-moyens-essais\/#breadcrumb","itemListElement":[{"@type":"ListItem","position":1,"name":"Accueil","item":"https:\/\/guide-gnss.com\/fr\/"},{"@type":"ListItem","position":2,"name":"Services > Ing\u00e9nierie des Moyens d'Essais"}]},{"@type":"WebSite","@id":"https:\/\/guide-gnss.com\/#website","url":"https:\/\/guide-gnss.com\/","name":"GUIDE GNSS","description":"Laboratoire d&#039;Essais en G\u00e9olocalisation GNSS \/ GPS","publisher":{"@id":"https:\/\/guide-gnss.com\/#organization"},"potentialAction":[{"@type":"SearchAction","target":{"@type":"EntryPoint","urlTemplate":"https:\/\/guide-gnss.com\/?s={search_term_string}"},"query-input":"required name=search_term_string"}],"inLanguage":"fr-FR"},{"@type":"Organization","@id":"https:\/\/guide-gnss.com\/#organization","name":"GUIDE GNSS","url":"https:\/\/guide-gnss.com\/","logo":{"@type":"ImageObject","inLanguage":"fr-FR","@id":"https:\/\/guide-gnss.com\/#\/schema\/logo\/image\/","url":"https:\/\/guide-gnss.com\/wp-content\/uploads\/2019\/06\/LogoGUIDE-300dpi-2.png","contentUrl":"https:\/\/guide-gnss.com\/wp-content\/uploads\/2019\/06\/LogoGUIDE-300dpi-2.png","width":1181,"height":897,"caption":"GUIDE GNSS"},"image":{"@id":"https:\/\/guide-gnss.com\/#\/schema\/logo\/image\/"},"sameAs":["https:\/\/www.linkedin.com\/company\/guide-gnss\/","https:\/\/www.youtube.com\/channel\/UCkgddF2NHnrQ9gf-cgTdVkA"]}]}},"_links":{"self":[{"href":"https:\/\/guide-gnss.com\/fr\/wp-json\/wp\/v2\/pages\/2642"}],"collection":[{"href":"https:\/\/guide-gnss.com\/fr\/wp-json\/wp\/v2\/pages"}],"about":[{"href":"https:\/\/guide-gnss.com\/fr\/wp-json\/wp\/v2\/types\/page"}],"author":[{"embeddable":true,"href":"https:\/\/guide-gnss.com\/fr\/wp-json\/wp\/v2\/users\/5"}],"replies":[{"embeddable":true,"href":"https:\/\/guide-gnss.com\/fr\/wp-json\/wp\/v2\/comments?post=2642"}],"version-history":[{"count":50,"href":"https:\/\/guide-gnss.com\/fr\/wp-json\/wp\/v2\/pages\/2642\/revisions"}],"predecessor-version":[{"id":9453,"href":"https:\/\/guide-gnss.com\/fr\/wp-json\/wp\/v2\/pages\/2642\/revisions\/9453"}],"wp:featuredmedia":[{"embeddable":true,"href":"https:\/\/guide-gnss.com\/fr\/wp-json\/wp\/v2\/media\/2287"}],"wp:attachment":[{"href":"https:\/\/guide-gnss.com\/fr\/wp-json\/wp\/v2\/media?parent=2642"}],"curies":[{"name":"wp","href":"https:\/\/api.w.org\/{rel}","templated":true}]}}