{"id":2650,"date":"2019-12-17T15:39:13","date_gmt":"2019-12-17T14:39:13","guid":{"rendered":"https:\/\/guide-gnss.com\/?page_id=2650"},"modified":"2024-10-15T13:31:57","modified_gmt":"2024-10-15T11:31:57","slug":"ingenierie-de-la-performance-gnss","status":"publish","type":"page","link":"https:\/\/guide-gnss.com\/fr\/ingenierie-de-la-performance-gnss\/","title":{"rendered":"Ing\u00e9nierie de la performance"},"content":{"rendered":"<p>[et_pb_section fb_built=\u00a0\u00bb1&Prime; fullwidth=\u00a0\u00bbon\u00a0\u00bb _builder_version=\u00a0\u00bb4.16&Prime; saved_tabs=\u00a0\u00bball\u00a0\u00bb global_colors_info=\u00a0\u00bb{}\u00a0\u00bb][et_pb_fullwidth_header title=\u00a0\u00bbIng\u00e9nierie de la performance en g\u00e9olocalisation\u00a0\u00bb _builder_version=\u00a0\u00bb4.16&Prime; title_font=\u00a0\u00bbMontserrat|700|||||||\u00a0\u00bb title_text_align=\u00a0\u00bbcenter\u00a0\u00bb title_font_size=\u00a0\u00bb32px\u00a0\u00bb title_letter_spacing=\u00a0\u00bb3px\u00a0\u00bb subhead_font=\u00a0\u00bbMontserrat|600|||||||\u00a0\u00bb subhead_text_align=\u00a0\u00bbcenter\u00a0\u00bb subhead_font_size=\u00a0\u00bb20px\u00a0\u00bb use_background_color_gradient=\u00a0\u00bbon\u00a0\u00bb background_color_gradient_stops=\u00a0\u00bb#375882 0%|#4370a0 100%\u00a0\u00bb background_color_gradient_start=\u00a0\u00bb#375882&Prime; background_color_gradient_end=\u00a0\u00bb#4370a0&Prime; background_image=\u00a0\u00bbhttps:\/\/guide-gnss.com\/wp-content\/uploads\/2021\/06\/guide-gnss-home-2021.png\u00a0\u00bb global_colors_info=\u00a0\u00bb{}\u00a0\u00bb]<\/p>\n<h2 style=\"text-align: center; font-size: 20px;\">Processus d&rsquo;accompagnement pour exploiter les technologies GNSS sur vos applications<\/h2>\n<p>[\/et_pb_fullwidth_header][\/et_pb_section][et_pb_section fb_built=\u00a0\u00bb1&Prime; _builder_version=\u00a0\u00bb4.16&Prime; custom_padding=\u00a0\u00bb5px||2px|||\u00a0\u00bb global_colors_info=\u00a0\u00bb{}\u00a0\u00bb][et_pb_row column_structure=\u00a0\u00bb1_2,1_2&Prime; _builder_version=\u00a0\u00bb4.16&Prime; global_colors_info=\u00a0\u00bb{}\u00a0\u00bb][et_pb_column type=\u00a0\u00bb1_2&Prime; _builder_version=\u00a0\u00bb4.16&Prime; global_colors_info=\u00a0\u00bb{}\u00a0\u00bb][et_pb_text _builder_version=\u00a0\u00bb4.21.0&Prime; text_font=\u00a0\u00bbMontserrat||||||||\u00a0\u00bb custom_padding=\u00a0\u00bb6px|||||\u00a0\u00bb global_colors_info=\u00a0\u00bb{}\u00a0\u00bb]<\/p>\n<h2>Quels sont les avantages des essais GNSS ?<\/h2>\n<p style=\"text-align: justify;\">L\u2019ing\u00e9nierie de la performance porte sur toutes les activit\u00e9s requises pour acc\u00e9l\u00e9rer les travaux de d\u00e9veloppement, am\u00e9liorer les conditions de mises en \u0153uvre ou r\u00e9duire les co\u00fbts d\u2019utilisation des technologies \u00e0 base de GNSS.<\/p>\n<p style=\"text-align: justify;\">Elles se d\u00e9composent essentiellement en 3 ensembles de services\u00a0:<\/p>\n<ul style=\"text-align: justify;\">\n<li>Management des <span style=\"color: #0073d1;\">technologies GNSS<\/span> ;<\/li>\n<li><span style=\"color: #0073d1;\">Assistance <\/span>\u00e0 la ma\u00eetrise d\u2019ouvrage ;<\/li>\n<li>Etudes, <span style=\"color: #0073d1;\">Conseils <\/span>et Travaux de R&amp;D.<\/li>\n<\/ul>\n<p style=\"text-align: justify;\">Ces prestations s\u2019appuient sur des comp\u00e9tences \u00e9prouv\u00e9es dans le domaine de la g\u00e9olocalisation et dans celui de la m\u00e9trologie.<\/p>\n<p style=\"text-align: justify;\">Les services rendus viennent en soutien \u00e0 des entit\u00e9s non sp\u00e9cialis\u00e9es dans le domaine du GNSS et voulant int\u00e9grer les technologies attenantes dans leurs activit\u00e9s. A dessein, GUIDE met ainsi \u00e0 leurs dispositions ses comp\u00e9tences, son exp\u00e9rience, son instrumentation et ses contacts.<\/p>\n<p>[\/et_pb_text][\/et_pb_column][et_pb_column type=\u00a0\u00bb1_2&Prime; _builder_version=\u00a0\u00bb4.16&Prime; global_colors_info=\u00a0\u00bb{}\u00a0\u00bb][et_pb_image src=\u00a0\u00bbhttps:\/\/guide-gnss.com\/wp-content\/uploads\/2022\/11\/GNSS-GUIDE-Ingenierie-Performance1-scaled.jpg\u00a0\u00bb alt=\u00a0\u00bbGNSS performance\u00a0\u00bb title_text=\u00a0\u00bbAssistance GNSS\u00a0\u00bb _builder_version=\u00a0\u00bb4.21.0&Prime; hover_enabled=\u00a0\u00bb0&Prime; global_colors_info=\u00a0\u00bb{}\u00a0\u00bb sticky_enabled=\u00a0\u00bb0&Prime;][\/et_pb_image][et_pb_text _builder_version=\u00a0\u00bb4.21.0&Prime; _module_preset=\u00a0\u00bbdefault\u00a0\u00bb text_font_size=\u00a0\u00bb10px\u00a0\u00bb hover_enabled=\u00a0\u00bb0&Prime; sticky_enabled=\u00a0\u00bb0&Prime;]<\/p>\n<p style=\"text-align: center;\"><em>Figure 1 &#8211; Assistance GNSS<\/em><\/p>\n<p>[\/et_pb_text][\/et_pb_column][\/et_pb_row][\/et_pb_section][et_pb_section fb_built=\u00a0\u00bb1&Prime; _builder_version=\u00a0\u00bb4.16&Prime; custom_padding=\u00a0\u00bb7px||5px|||\u00a0\u00bb global_colors_info=\u00a0\u00bb{}\u00a0\u00bb][et_pb_row column_structure=\u00a0\u00bb1_2,1_2&Prime; _builder_version=\u00a0\u00bb4.16&Prime; global_colors_info=\u00a0\u00bb{}\u00a0\u00bb][et_pb_column type=\u00a0\u00bb1_2&Prime; _builder_version=\u00a0\u00bb4.16&Prime; global_colors_info=\u00a0\u00bb{}\u00a0\u00bb][et_pb_text _builder_version=\u00a0\u00bb4.21.0&Prime; text_font=\u00a0\u00bbMontserrat||||||||\u00a0\u00bb custom_padding=\u00a0\u00bb14px|||||\u00a0\u00bb global_colors_info=\u00a0\u00bb{}\u00a0\u00bb]<\/p>\n<h2>5 b\u00e9n\u00e9fices aux essais GNSS<\/h2>\n<p style=\"text-align: justify;\">L\u2019ing\u00e9nierie de la Performance de GUIDE couvre un large spectre de services incluant ceux pr\u00e9c\u00e9demment list\u00e9s pour les prestations d\u2019essais et des moyens d\u2019essais.<\/p>\n<p><strong>Les 5 b\u00e9n\u00e9fices d&rsquo;\u00eatre accompagn\u00e9 dans vos essais\u00a0 :<\/strong><\/p>\n<ul>\n<li><span style=\"color: #0073d1;\">Clarifier vos besoins<\/span> et en optant pour des solutions couvrant toutes vos exigences \u00e0 court et moyen termes\u00a0;<\/li>\n<li><span style=\"color: #0073d1;\">S\u00e9curiser vos investissements<\/span> industriels et commerciaux avec des solutions efficientes en coh\u00e9rence avec vos objectifs\u00a0;<\/li>\n<li><span style=\"color: #0073d1;\">Optimiser vos temps de R&amp;D<\/span> et de consultations des fournisseurs potentiels\u00a0;<\/li>\n<li><span style=\"color: #0073d1;\">R\u00e9duire vos co\u00fbts d\u2019achats<\/span>, d\u2019exploitations et de maintenance.<\/li>\n<li><span style=\"color: #0073d1;\">Acc\u00e9der \u00e0 des nouveaux services\/fonctionnalit\u00e9s<\/span> destin\u00e9s \u00e0 enrichir vos activit\u00e9s.<\/li>\n<\/ul>\n<p>[\/et_pb_text][\/et_pb_column][et_pb_column type=\u00a0\u00bb1_2&Prime; _builder_version=\u00a0\u00bb4.16&Prime; global_colors_info=\u00a0\u00bb{}\u00a0\u00bb][et_pb_image src=\u00a0\u00bbhttps:\/\/guide-gnss.com\/wp-content\/uploads\/2024\/01\/240124-gnss-ingenierie-performance-3.jpg\u00a0\u00bb alt=\u00a0\u00bbGNSS performance R&#038;D\u00a0\u00bb title_text=\u00a0\u00bbR&#038;D GNSS\u00a0\u00bb _builder_version=\u00a0\u00bb4.21.0&Prime; hover_enabled=\u00a0\u00bb0&Prime; global_colors_info=\u00a0\u00bb{}\u00a0\u00bb sticky_enabled=\u00a0\u00bb0&Prime;][\/et_pb_image][et_pb_text _builder_version=\u00a0\u00bb4.21.0&Prime; _module_preset=\u00a0\u00bbdefault\u00a0\u00bb text_font_size=\u00a0\u00bb10px\u00a0\u00bb hover_enabled=\u00a0\u00bb0&Prime; sticky_enabled=\u00a0\u00bb0&Prime;]<\/p>\n<p style=\"text-align: center;\"><em>Figure 2 \u2013 R&amp;D GNSS<\/em><\/p>\n<p>[\/et_pb_text][\/et_pb_column][\/et_pb_row][\/et_pb_section][et_pb_section fb_built=\u00a0\u00bb1&Prime; _builder_version=\u00a0\u00bb4.16&Prime; custom_padding=\u00a0\u00bb7px||6px|||\u00a0\u00bb global_colors_info=\u00a0\u00bb{}\u00a0\u00bb][et_pb_row column_structure=\u00a0\u00bb1_2,1_2&Prime; _builder_version=\u00a0\u00bb4.16&Prime; global_colors_info=\u00a0\u00bb{}\u00a0\u00bb][et_pb_column type=\u00a0\u00bb1_2&Prime; _builder_version=\u00a0\u00bb4.16&Prime; global_colors_info=\u00a0\u00bb{}\u00a0\u00bb][et_pb_text _builder_version=\u00a0\u00bb4.21.0&Prime; text_font=\u00a0\u00bbMontserrat||||||||\u00a0\u00bb global_colors_info=\u00a0\u00bb{}\u00a0\u00bb]<\/p>\n<h2>Nos solutions pour vous accompagner dans vos essais GNSS<\/h2>\n<p style=\"text-align: justify;\">L\u2019ing\u00e9nierie de la performance regroupe les prestations d\u2019\u00e9tude et de conseil du Laboratoire d\u2019essais GUIDE visant \u00e0 vous offrir ces avantages :<\/p>\n<ul>\n<li>Une expertise op\u00e9rationnelle des technologies GNSS pour les <span style=\"color: #0073d1;\">\u00e9valuer r\u00e9guli\u00e8rement<\/span>\u00a0;<\/li>\n<li>Une expertise op\u00e9rationnelle de la m\u00e9trologie GNSS avec des <span style=\"color: #0073d1;\">m\u00e9thodologies de pointe <\/span>notamment bas\u00e9es sur les normes EN16803.<\/li>\n<li>Une capacit\u00e9 op\u00e9rationnelle d\u2019<span style=\"color: #0073d1;\">\u00e9valuation et d\u2019analyse<\/span> des solutions GNSS \u00e9tudi\u00e9es\u00a0; une d\u00e9ontologie professionnelle, cadr\u00e9e par les exigences de l\u2019ISO17025, pour travailler en toute <span style=\"color: #0073d1;\">ind\u00e9pendance <\/span>et de <span style=\"color: #0073d1;\">mani\u00e8re impartiale<\/span>.<\/li>\n<\/ul>\n<p>[\/et_pb_text][\/et_pb_column][et_pb_column type=\u00a0\u00bb1_2&Prime; _builder_version=\u00a0\u00bb4.16&Prime; global_colors_info=\u00a0\u00bb{}\u00a0\u00bb][et_pb_image src=\u00a0\u00bbhttps:\/\/guide-gnss.com\/wp-content\/uploads\/2024\/01\/240124-gnss-ingenierie-performance-scaled.jpg\u00a0\u00bb alt=\u00a0\u00bbperformance GNSS\u00a0\u00bb title_text=\u00a0\u00bbperformance GNSS\u00a0\u00bb _builder_version=\u00a0\u00bb4.21.0&Prime; hover_enabled=\u00a0\u00bb0&Prime; global_colors_info=\u00a0\u00bb{}\u00a0\u00bb sticky_enabled=\u00a0\u00bb0&Prime;][\/et_pb_image][et_pb_text _builder_version=\u00a0\u00bb4.21.0&Prime; _module_preset=\u00a0\u00bbdefault\u00a0\u00bb text_font_size=\u00a0\u00bb10px\u00a0\u00bb hover_enabled=\u00a0\u00bb0&Prime; sticky_enabled=\u00a0\u00bb0&Prime;]<\/p>\n<p style=\"text-align: center;\"><em>Figure 3 \u2013 Am\u00e9liorations du GNSS<\/em><\/p>\n<p>[\/et_pb_text][\/et_pb_column][\/et_pb_row][\/et_pb_section][et_pb_section fb_built=\u00a0\u00bb1&Prime; _builder_version=\u00a0\u00bb4.16&Prime; custom_padding=\u00a0\u00bb6px||11px|||\u00a0\u00bb global_colors_info=\u00a0\u00bb{}\u00a0\u00bb][et_pb_row column_structure=\u00a0\u00bb1_2,1_2&Prime; _builder_version=\u00a0\u00bb4.16&Prime; global_colors_info=\u00a0\u00bb{}\u00a0\u00bb][et_pb_column type=\u00a0\u00bb1_2&Prime; _builder_version=\u00a0\u00bb4.16&Prime; global_colors_info=\u00a0\u00bb{}\u00a0\u00bb][et_pb_text _builder_version=\u00a0\u00bb4.21.0&Prime; text_font=\u00a0\u00bbMontserrat||||||||\u00a0\u00bb global_colors_info=\u00a0\u00bb{}\u00a0\u00bb]<\/p>\n<h2>LES SERVICES RENDUS par les technologies GNSS<\/h2>\n<p><strong>Management des technologies GNSS :<\/strong><\/p>\n<ul>\n<li style=\"text-align: left;\">Am\u00e9lioration de la Pr\u00e9cision et de la Disponibilit\u00e9 ;<\/li>\n<li style=\"text-align: left;\">Am\u00e9lioration des solutions d\u2019hybridation et de leurs param\u00e9trages ;<\/li>\n<li style=\"text-align: left;\">Am\u00e9lioration du bilan \u00e9conomique des terminaux GNSS ;<\/li>\n<li style=\"text-align: left;\">Am\u00e9lioration du niveau de service des applications ;<\/li>\n<li style=\"text-align: left;\">Am\u00e9lioration de p\u00e9rennit\u00e9 et la maintenabilit\u00e9 des terminaux GNSS.<\/li>\n<\/ul>\n<p><strong>Assistance \u00e0 la ma\u00eetrise d\u2019ouvrage<\/strong><\/p>\n<ul>\n<li>Aide \u00e0 l\u2019expressions des besoins :<br \/>\u2013\u00a0<em>D\u00e9finition des besoins et des r\u00e9sultats ;<br \/><\/em><em>\u2013 D\u00e9finition des objectifs et de moyens\u00a0;<br \/><\/em><em>\u2013 R\u00e9daction des sp\u00e9cifications techniques.\u00a0<\/em><\/li>\n<\/ul>\n<ul>\n<li>Aide au choix des\u00a0solutions techniques :<br \/><em>\u2013 V\u00e9rification documentaire de la conformit\u00e9 aux sp\u00e9cifications\u00a0;<br \/><\/em><em>\u2013 Caract\u00e9risation des performances (ISO17025\/EN16803)\u00a0;<br \/><\/em><em>\u2013 Validation de l\u2019int\u00e9gration finale.<\/em><\/li>\n<\/ul>\n<ul>\n<li>Aide \u00e0 l\u2019\u00e9valuation fonctionnelle des applications :<br \/><em>\u2013 Etude d\u2019opportunit\u00e9 et de faisabilit\u00e9\u00a0;<br \/><\/em><em>\u2013 D\u00e9finition et r\u00e9alisation de sc\u00e9narios\u00a0;<br \/><\/em><em>\u2013 Interpr\u00e9tation des r\u00e9sultats et recommandations.<\/em><\/li>\n<\/ul>\n<p><strong>Etudes, Conseils &amp; Travaux de R&amp;D<\/strong><\/p>\n<p>[\/et_pb_text][\/et_pb_column][et_pb_column type=\u00a0\u00bb1_2&Prime; _builder_version=\u00a0\u00bb4.16&Prime; global_colors_info=\u00a0\u00bb{}\u00a0\u00bb][et_pb_image src=\u00a0\u00bbhttps:\/\/guide-gnss.com\/wp-content\/uploads\/2024\/01\/240124-gnss-ingenierie-performance-4-scaled.jpg\u00a0\u00bb alt=\u00a0\u00bbconception et conseil GNSS\u00a0\u00bb title_text=\u00a0\u00bbconception et conseil GNSS\u00a0\u00bb _builder_version=\u00a0\u00bb4.21.0&Prime; hover_enabled=\u00a0\u00bb0&Prime; global_colors_info=\u00a0\u00bb{}\u00a0\u00bb sticky_enabled=\u00a0\u00bb0&Prime;][\/et_pb_image][et_pb_text _builder_version=\u00a0\u00bb4.21.0&Prime; _module_preset=\u00a0\u00bbdefault\u00a0\u00bb text_font_size=\u00a0\u00bb10px\u00a0\u00bb hover_enabled=\u00a0\u00bb0&Prime; sticky_enabled=\u00a0\u00bb0&Prime;]<\/p>\n<p style=\"text-align: center;\"><em>Figure 4 \u2013 Conception et conseil GNSS<\/em><\/p>\n<p>[\/et_pb_text][\/et_pb_column][\/et_pb_row][\/et_pb_section][et_pb_section fb_built=\u00a0\u00bb1&Prime; _builder_version=\u00a0\u00bb4.16&Prime; background_color=\u00a0\u00bb#375882&Prime; custom_padding=\u00a0\u00bb5px||8px|||\u00a0\u00bb global_colors_info=\u00a0\u00bb{}\u00a0\u00bb][et_pb_row column_structure=\u00a0\u00bb3_5,1_5,1_5&Prime; _builder_version=\u00a0\u00bb4.16&Prime; global_colors_info=\u00a0\u00bb{}\u00a0\u00bb][et_pb_column type=\u00a0\u00bb3_5&Prime; _builder_version=\u00a0\u00bb4.16&Prime; global_colors_info=\u00a0\u00bb{}\u00a0\u00bb][et_pb_text _builder_version=\u00a0\u00bb4.16&Prime; global_colors_info=\u00a0\u00bb{}\u00a0\u00bb]<span style=\"color: #ffffff;\"><strong><\/strong><\/span><\/p>\n<p><span style=\"color: #ffffff;\"><strong><\/strong><\/span><\/p>\n<p><span style=\"color: #ffffff;\"><strong>D\u00e9couvrez \u00e9galement nos autres services autour des essais GNSS \/ GPS<\/strong><\/span>[\/et_pb_text][\/et_pb_column][et_pb_column type=\u00a0\u00bb1_5&Prime; _builder_version=\u00a0\u00bb4.16&Prime; global_colors_info=\u00a0\u00bb{}\u00a0\u00bb][et_pb_button button_url=\u00a0\u00bbhttps:\/\/guide-gnss.com\/fr\/ingenierie-essais\/\u00a0\u00bb button_text=\u00a0\u00bbIng\u00e9nierie des essais GNSS\u00a0\u00bb _builder_version=\u00a0\u00bb4.21.0&Prime; custom_button=\u00a0\u00bbon\u00a0\u00bb button_text_color=\u00a0\u00bb#253b82&Prime; button_bg_color=\u00a0\u00bb#ffffff\u00a0\u00bb button_icon=\u00a0\u00bb&#x39;||divi||400&Prime; button_on_hover=\u00a0\u00bboff\u00a0\u00bb global_colors_info=\u00a0\u00bb{}\u00a0\u00bb][\/et_pb_button][\/et_pb_column][et_pb_column type=\u00a0\u00bb1_5&Prime; _builder_version=\u00a0\u00bb4.16&Prime; global_colors_info=\u00a0\u00bb{}\u00a0\u00bb][et_pb_button button_url=\u00a0\u00bbhttps:\/\/guide-gnss.com\/fr\/ingenierie-des-moyens-essais\/\u00a0\u00bb button_text=\u00a0\u00bbIng\u00e9nierie des moyens d&rsquo;essais\u00a0\u00bb _builder_version=\u00a0\u00bb4.16&Prime; custom_button=\u00a0\u00bbon\u00a0\u00bb button_text_color=\u00a0\u00bb#253b82&Prime; button_bg_color=\u00a0\u00bb#ffffff\u00a0\u00bb button_icon=\u00a0\u00bb&#x39;||divi||400&Prime; button_on_hover=\u00a0\u00bboff\u00a0\u00bb global_colors_info=\u00a0\u00bb{}\u00a0\u00bb][\/et_pb_button][\/et_pb_column][\/et_pb_row][\/et_pb_section]<\/p>\n","protected":false},"excerpt":{"rendered":"<p>Processus d&rsquo;accompagnement pour exploiter les technologies GNSS sur vos applicationsQuels sont les avantages des essais GNSS ? L\u2019ing\u00e9nierie de la performance porte sur toutes les activit\u00e9s requises pour acc\u00e9l\u00e9rer les travaux de d\u00e9veloppement, am\u00e9liorer les conditions de mises en \u0153uvre ou r\u00e9duire les co\u00fbts d\u2019utilisation des technologies \u00e0 base de GNSS. Elles se d\u00e9composent essentiellement [&hellip;]<\/p>\n","protected":false},"author":5,"featured_media":9287,"parent":0,"menu_order":0,"comment_status":"closed","ping_status":"closed","template":"","meta":{"_et_pb_use_builder":"on","_et_pb_old_content":"","_et_gb_content_width":""},"yoast_head":"<!-- This site is optimized with the Yoast SEO plugin v20.11 - https:\/\/yoast.com\/wordpress\/plugins\/seo\/ -->\n<title>Ing\u00e9nierie de la performance - GUIDE GNSS<\/title>\n<meta name=\"description\" content=\"Les solutions d&#039;Ing\u00e9nierie de la Performance propos\u00e9es par Guide GNSS sont con\u00e7ues pour vous aider dans vos tests de g\u00e9olocalisation.\" \/>\n<meta name=\"robots\" content=\"index, follow, max-snippet:-1, max-image-preview:large, max-video-preview:-1\" \/>\n<link rel=\"canonical\" href=\"https:\/\/guide-gnss.com\/fr\/ingenierie-de-la-performance-gnss\/\" \/>\n<meta property=\"og:locale\" content=\"fr_FR\" \/>\n<meta property=\"og:type\" content=\"article\" \/>\n<meta property=\"og:title\" content=\"Ing\u00e9nierie de la performance - GUIDE GNSS\" \/>\n<meta property=\"og:description\" content=\"Les solutions d&#039;Ing\u00e9nierie de la Performance propos\u00e9es par Guide GNSS sont con\u00e7ues pour vous aider dans vos tests de g\u00e9olocalisation.\" \/>\n<meta property=\"og:url\" content=\"https:\/\/guide-gnss.com\/fr\/ingenierie-de-la-performance-gnss\/\" \/>\n<meta property=\"og:site_name\" content=\"GUIDE GNSS\" \/>\n<meta property=\"article:modified_time\" content=\"2024-10-15T11:31:57+00:00\" \/>\n<meta property=\"og:image\" content=\"https:\/\/guide-gnss.com\/wp-content\/uploads\/2024\/01\/240124-gnss-ingenierie-performance-2-scaled.jpg\" \/>\n\t<meta property=\"og:image:width\" content=\"2560\" \/>\n\t<meta property=\"og:image:height\" content=\"1707\" \/>\n\t<meta property=\"og:image:type\" content=\"image\/jpeg\" \/>\n<meta name=\"twitter:card\" content=\"summary_large_image\" \/>\n<meta name=\"twitter:label1\" content=\"Dur\u00e9e de lecture estim\u00e9e\" \/>\n\t<meta name=\"twitter:data1\" content=\"4 minutes\" \/>\n<script type=\"application\/ld+json\" class=\"yoast-schema-graph\">{\"@context\":\"https:\/\/schema.org\",\"@graph\":[{\"@type\":\"WebPage\",\"@id\":\"https:\/\/guide-gnss.com\/fr\/ingenierie-de-la-performance-gnss\/\",\"url\":\"https:\/\/guide-gnss.com\/fr\/ingenierie-de-la-performance-gnss\/\",\"name\":\"Ing\u00e9nierie de la performance - GUIDE GNSS\",\"isPartOf\":{\"@id\":\"https:\/\/guide-gnss.com\/#website\"},\"datePublished\":\"2019-12-17T14:39:13+00:00\",\"dateModified\":\"2024-10-15T11:31:57+00:00\",\"description\":\"Les solutions d'Ing\u00e9nierie de la Performance propos\u00e9es par Guide GNSS sont con\u00e7ues pour vous aider dans vos tests de g\u00e9olocalisation.\",\"breadcrumb\":{\"@id\":\"https:\/\/guide-gnss.com\/fr\/ingenierie-de-la-performance-gnss\/#breadcrumb\"},\"inLanguage\":\"fr-FR\",\"potentialAction\":[{\"@type\":\"ReadAction\",\"target\":[\"https:\/\/guide-gnss.com\/fr\/ingenierie-de-la-performance-gnss\/\"]}]},{\"@type\":\"BreadcrumbList\",\"@id\":\"https:\/\/guide-gnss.com\/fr\/ingenierie-de-la-performance-gnss\/#breadcrumb\",\"itemListElement\":[{\"@type\":\"ListItem\",\"position\":1,\"name\":\"Accueil\",\"item\":\"https:\/\/guide-gnss.com\/fr\/\"},{\"@type\":\"ListItem\",\"position\":2,\"name\":\"Services > Ing\u00e9nierie de la performance\"}]},{\"@type\":\"WebSite\",\"@id\":\"https:\/\/guide-gnss.com\/#website\",\"url\":\"https:\/\/guide-gnss.com\/\",\"name\":\"GUIDE GNSS\",\"description\":\"Laboratoire d&#039;Essais en G\u00e9olocalisation GNSS \/ GPS\",\"publisher\":{\"@id\":\"https:\/\/guide-gnss.com\/#organization\"},\"potentialAction\":[{\"@type\":\"SearchAction\",\"target\":{\"@type\":\"EntryPoint\",\"urlTemplate\":\"https:\/\/guide-gnss.com\/?s={search_term_string}\"},\"query-input\":\"required name=search_term_string\"}],\"inLanguage\":\"fr-FR\"},{\"@type\":\"Organization\",\"@id\":\"https:\/\/guide-gnss.com\/#organization\",\"name\":\"GUIDE GNSS\",\"url\":\"https:\/\/guide-gnss.com\/\",\"logo\":{\"@type\":\"ImageObject\",\"inLanguage\":\"fr-FR\",\"@id\":\"https:\/\/guide-gnss.com\/#\/schema\/logo\/image\/\",\"url\":\"https:\/\/guide-gnss.com\/wp-content\/uploads\/2019\/06\/LogoGUIDE-300dpi-2.png\",\"contentUrl\":\"https:\/\/guide-gnss.com\/wp-content\/uploads\/2019\/06\/LogoGUIDE-300dpi-2.png\",\"width\":1181,\"height\":897,\"caption\":\"GUIDE GNSS\"},\"image\":{\"@id\":\"https:\/\/guide-gnss.com\/#\/schema\/logo\/image\/\"},\"sameAs\":[\"https:\/\/www.linkedin.com\/company\/guide-gnss\/\",\"https:\/\/www.youtube.com\/channel\/UCkgddF2NHnrQ9gf-cgTdVkA\"]}]}<\/script>\n<!-- \/ Yoast SEO plugin. -->","yoast_head_json":{"title":"Ing\u00e9nierie de la performance - GUIDE GNSS","description":"Les solutions d'Ing\u00e9nierie de la Performance propos\u00e9es par Guide GNSS sont con\u00e7ues pour vous aider dans vos tests de g\u00e9olocalisation.","robots":{"index":"index","follow":"follow","max-snippet":"max-snippet:-1","max-image-preview":"max-image-preview:large","max-video-preview":"max-video-preview:-1"},"canonical":"https:\/\/guide-gnss.com\/fr\/ingenierie-de-la-performance-gnss\/","og_locale":"fr_FR","og_type":"article","og_title":"Ing\u00e9nierie de la performance - GUIDE GNSS","og_description":"Les solutions d'Ing\u00e9nierie de la Performance propos\u00e9es par Guide GNSS sont con\u00e7ues pour vous aider dans vos tests de g\u00e9olocalisation.","og_url":"https:\/\/guide-gnss.com\/fr\/ingenierie-de-la-performance-gnss\/","og_site_name":"GUIDE GNSS","article_modified_time":"2024-10-15T11:31:57+00:00","og_image":[{"width":2560,"height":1707,"url":"https:\/\/guide-gnss.com\/wp-content\/uploads\/2024\/01\/240124-gnss-ingenierie-performance-2-scaled.jpg","type":"image\/jpeg"}],"twitter_card":"summary_large_image","twitter_misc":{"Dur\u00e9e de lecture estim\u00e9e":"4 minutes"},"schema":{"@context":"https:\/\/schema.org","@graph":[{"@type":"WebPage","@id":"https:\/\/guide-gnss.com\/fr\/ingenierie-de-la-performance-gnss\/","url":"https:\/\/guide-gnss.com\/fr\/ingenierie-de-la-performance-gnss\/","name":"Ing\u00e9nierie de la performance - GUIDE GNSS","isPartOf":{"@id":"https:\/\/guide-gnss.com\/#website"},"datePublished":"2019-12-17T14:39:13+00:00","dateModified":"2024-10-15T11:31:57+00:00","description":"Les solutions d'Ing\u00e9nierie de la Performance propos\u00e9es par Guide GNSS sont con\u00e7ues pour vous aider dans vos tests de g\u00e9olocalisation.","breadcrumb":{"@id":"https:\/\/guide-gnss.com\/fr\/ingenierie-de-la-performance-gnss\/#breadcrumb"},"inLanguage":"fr-FR","potentialAction":[{"@type":"ReadAction","target":["https:\/\/guide-gnss.com\/fr\/ingenierie-de-la-performance-gnss\/"]}]},{"@type":"BreadcrumbList","@id":"https:\/\/guide-gnss.com\/fr\/ingenierie-de-la-performance-gnss\/#breadcrumb","itemListElement":[{"@type":"ListItem","position":1,"name":"Accueil","item":"https:\/\/guide-gnss.com\/fr\/"},{"@type":"ListItem","position":2,"name":"Services > Ing\u00e9nierie de la performance"}]},{"@type":"WebSite","@id":"https:\/\/guide-gnss.com\/#website","url":"https:\/\/guide-gnss.com\/","name":"GUIDE GNSS","description":"Laboratoire d&#039;Essais en G\u00e9olocalisation GNSS \/ GPS","publisher":{"@id":"https:\/\/guide-gnss.com\/#organization"},"potentialAction":[{"@type":"SearchAction","target":{"@type":"EntryPoint","urlTemplate":"https:\/\/guide-gnss.com\/?s={search_term_string}"},"query-input":"required name=search_term_string"}],"inLanguage":"fr-FR"},{"@type":"Organization","@id":"https:\/\/guide-gnss.com\/#organization","name":"GUIDE GNSS","url":"https:\/\/guide-gnss.com\/","logo":{"@type":"ImageObject","inLanguage":"fr-FR","@id":"https:\/\/guide-gnss.com\/#\/schema\/logo\/image\/","url":"https:\/\/guide-gnss.com\/wp-content\/uploads\/2019\/06\/LogoGUIDE-300dpi-2.png","contentUrl":"https:\/\/guide-gnss.com\/wp-content\/uploads\/2019\/06\/LogoGUIDE-300dpi-2.png","width":1181,"height":897,"caption":"GUIDE GNSS"},"image":{"@id":"https:\/\/guide-gnss.com\/#\/schema\/logo\/image\/"},"sameAs":["https:\/\/www.linkedin.com\/company\/guide-gnss\/","https:\/\/www.youtube.com\/channel\/UCkgddF2NHnrQ9gf-cgTdVkA"]}]}},"_links":{"self":[{"href":"https:\/\/guide-gnss.com\/fr\/wp-json\/wp\/v2\/pages\/2650"}],"collection":[{"href":"https:\/\/guide-gnss.com\/fr\/wp-json\/wp\/v2\/pages"}],"about":[{"href":"https:\/\/guide-gnss.com\/fr\/wp-json\/wp\/v2\/types\/page"}],"author":[{"embeddable":true,"href":"https:\/\/guide-gnss.com\/fr\/wp-json\/wp\/v2\/users\/5"}],"replies":[{"embeddable":true,"href":"https:\/\/guide-gnss.com\/fr\/wp-json\/wp\/v2\/comments?post=2650"}],"version-history":[{"count":49,"href":"https:\/\/guide-gnss.com\/fr\/wp-json\/wp\/v2\/pages\/2650\/revisions"}],"predecessor-version":[{"id":10004,"href":"https:\/\/guide-gnss.com\/fr\/wp-json\/wp\/v2\/pages\/2650\/revisions\/10004"}],"wp:featuredmedia":[{"embeddable":true,"href":"https:\/\/guide-gnss.com\/fr\/wp-json\/wp\/v2\/media\/9287"}],"wp:attachment":[{"href":"https:\/\/guide-gnss.com\/fr\/wp-json\/wp\/v2\/media?parent=2650"}],"curies":[{"name":"wp","href":"https:\/\/api.w.org\/{rel}","templated":true}]}}