{"id":6076,"date":"2020-12-21T11:13:36","date_gmt":"2020-12-21T10:13:36","guid":{"rendered":"https:\/\/guide-gnss.com\/?page_id=6076"},"modified":"2024-03-28T13:26:35","modified_gmt":"2024-03-28T12:26:35","slug":"rejeux-signaux-gnss","status":"publish","type":"page","link":"https:\/\/guide-gnss.com\/fr\/rejeux-signaux-gnss\/","title":{"rendered":"Ing\u00e9nierie des Moyens d&rsquo;Essais &#8211; Rejeux signaux GNSS"},"content":{"rendered":"<p>[et_pb_section fb_built=\u00a0\u00bb1&Prime; fullwidth=\u00a0\u00bbon\u00a0\u00bb _builder_version=\u00a0\u00bb4.16&Prime; saved_tabs=\u00a0\u00bball\u00a0\u00bb global_colors_info=\u00a0\u00bb{}\u00a0\u00bb][et_pb_fullwidth_header title=\u00a0\u00bbSyst\u00e8me de rejeux de signaux GNSS\u00a0\u00bb _builder_version=\u00a0\u00bb4.16&Prime; title_font=\u00a0\u00bbMontserrat|700|||||||\u00a0\u00bb title_text_align=\u00a0\u00bbcenter\u00a0\u00bb title_font_size=\u00a0\u00bb32px\u00a0\u00bb title_letter_spacing=\u00a0\u00bb3px\u00a0\u00bb subhead_font=\u00a0\u00bbMontserrat|600|||||||\u00a0\u00bb subhead_text_align=\u00a0\u00bbcenter\u00a0\u00bb subhead_font_size=\u00a0\u00bb20px\u00a0\u00bb use_background_color_gradient=\u00a0\u00bbon\u00a0\u00bb background_color_gradient_stops=\u00a0\u00bb#375882 0%|#4370a0 100%\u00a0\u00bb background_color_gradient_start=\u00a0\u00bb#375882&Prime; background_color_gradient_end=\u00a0\u00bb#4370a0&Prime; global_colors_info=\u00a0\u00bb{}\u00a0\u00bb]<\/p>\n<h2 style=\"text-align: center; font-size: 20px;\">\u00c9valuer la qualit\u00e9 des mesures de position de vos terminaux GNSS<\/h2>\n<p>[\/et_pb_fullwidth_header][\/et_pb_section][et_pb_section fb_built=\u00a0\u00bb1&Prime; _builder_version=\u00a0\u00bb4.16&Prime; _module_preset=\u00a0\u00bbdefault\u00a0\u00bb custom_padding=\u00a0\u00bb34px||0px|||\u00a0\u00bb global_colors_info=\u00a0\u00bb{}\u00a0\u00bb][et_pb_row _builder_version=\u00a0\u00bb4.16&Prime; _module_preset=\u00a0\u00bbdefault\u00a0\u00bb custom_padding=\u00a0\u00bb||0px|||\u00a0\u00bb global_colors_info=\u00a0\u00bb{}\u00a0\u00bb][et_pb_column type=\u00a0\u00bb4_4&Prime; _builder_version=\u00a0\u00bb4.16&Prime; _module_preset=\u00a0\u00bbdefault\u00a0\u00bb global_colors_info=\u00a0\u00bb{}\u00a0\u00bb][et_pb_image src=\u00a0\u00bbhttps:\/\/guide-gnss.com\/wp-content\/uploads\/2020\/12\/IQDATA-FEDER.jpg\u00a0\u00bb title_text=\u00a0\u00bbIQDATA-FEDER\u00a0\u00bb _builder_version=\u00a0\u00bb4.16&Prime; _module_preset=\u00a0\u00bbdefault\u00a0\u00bb width=\u00a0\u00bb56%\u00a0\u00bb module_alignment=\u00a0\u00bbcenter\u00a0\u00bb global_colors_info=\u00a0\u00bb{}\u00a0\u00bb][\/et_pb_image][et_pb_text _builder_version=\u00a0\u00bb4.16&Prime; _module_preset=\u00a0\u00bbdefault\u00a0\u00bb global_colors_info=\u00a0\u00bb{}\u00a0\u00bb]<\/p>\n<p style=\"text-align: justify;\">La technique du \u00ab Record &amp; Replay \u00bb est une solution de m\u00e9trologie \u00e0 part enti\u00e8re et aujourd\u2019hui reconnue par la s\u00e9rie des normes EN16803. Son utilisation est bas\u00e9e sur deux jeux de donn\u00e9es \u00e9talons, l\u2019une visant \u00e0 restituer des signaux GNSS num\u00e9ris\u00e9s et l\u2019autre fournissant la v\u00e9rit\u00e9 terrain du parcours r\u00e9ellement suivi par le v\u00e9hicule de collecte.<\/p>\n<p style=\"text-align: justify;\">Le syst\u00e8me de rejeux de signaux GNSS propos\u00e9 par GUIDE et ses partenaires vous est destin\u00e9. Il s\u2019installe dans vos propres locaux et s\u2019interface avec une biblioth\u00e8que de sc\u00e9narios de m\u00e9trologie. Chaque sc\u00e9nario adresse des probl\u00e9matiques de tests diff\u00e9rentes.<\/p>\n<p style=\"text-align: justify;\">Ces jeux de donn\u00e9es sont ainsi rejou\u00e9s sur des bancs d\u00e9di\u00e9s pour reconstituer les environnements GNSS en laboratoire, \u00e9valuer et comparer des terminaux GNSS avec leurs diff\u00e9rentes configurations.<\/p>\n<p style=\"text-align: justify;\"><span>Cette technique de m\u00e9trologie vous permet de :\u00a0<\/span><\/p>\n<ul>\n<li><strong>Disposer de sc\u00e9narios fiables, collect\u00e9s par un laboratoire d\u2019essais sp\u00e9cialis\u00e9 sur cette technique ;<\/strong><\/li>\n<li><strong>Tester vos terminaux avec des signaux GNSS num\u00e9ris\u00e9s, parfaitement repr\u00e9sentatifs du monde r\u00e9el ;<\/strong><\/li>\n<li><strong>Resynth\u00e9tiser \u00e0 volont\u00e9 des signaux GNSS identiques d\u2019un rejeu \u00e0 un autre ;<\/strong><\/li>\n<li><strong>Gagner du temps dans la mise en \u0153uvre rapide et facile des essais ;<\/strong><\/li>\n<li><strong>Limiter vos investissements aux bancs d\u2019essais ;<\/strong><\/li>\n<li><strong>G\u00e9rer le risque avec des essais toujours r\u00e9ussis ;<\/strong><\/li>\n<\/ul>\n<p>[\/et_pb_text][\/et_pb_column][\/et_pb_row][et_pb_row column_structure=\u00a0\u00bb1_2,1_2&Prime; _builder_version=\u00a0\u00bb4.16&Prime; _module_preset=\u00a0\u00bbdefault\u00a0\u00bb custom_padding=\u00a0\u00bb0px||15px|||\u00a0\u00bb global_colors_info=\u00a0\u00bb{}\u00a0\u00bb][et_pb_column type=\u00a0\u00bb1_2&Prime; _builder_version=\u00a0\u00bb4.16&Prime; _module_preset=\u00a0\u00bbdefault\u00a0\u00bb global_colors_info=\u00a0\u00bb{}\u00a0\u00bb][et_pb_text _builder_version=\u00a0\u00bb4.16&Prime; _module_preset=\u00a0\u00bbdefault\u00a0\u00bb global_colors_info=\u00a0\u00bb{}\u00a0\u00bb]<\/p>\n<p>Ce syst\u00e8me de m\u00e9trologie est constitu\u00e9 des services suivants\u00a0:<\/p>\n<p>[\/et_pb_text][\/et_pb_column][et_pb_column type=\u00a0\u00bb1_2&Prime; _builder_version=\u00a0\u00bb4.16&Prime; _module_preset=\u00a0\u00bbdefault\u00a0\u00bb global_colors_info=\u00a0\u00bb{}\u00a0\u00bb][et_pb_button button_url=\u00a0\u00bbhttps:\/\/guide-gnss.com\/wp-content\/uploads\/2021\/01\/guide-info-iqdata-full-2-scaled.jpg\u00a0\u00bb button_text=\u00a0\u00bbVisualiser l&rsquo;infographie\u00a0\u00bb _builder_version=\u00a0\u00bb4.16&Prime; _module_preset=\u00a0\u00bbdefault\u00a0\u00bb global_colors_info=\u00a0\u00bb{}\u00a0\u00bb][\/et_pb_button][\/et_pb_column][\/et_pb_row][\/et_pb_section][et_pb_section fb_built=\u00a0\u00bb1&Prime; _builder_version=\u00a0\u00bb4.16&Prime; custom_padding=\u00a0\u00bb5px||50px||false|false\u00a0\u00bb global_colors_info=\u00a0\u00bb{}\u00a0\u00bb][et_pb_row column_structure=\u00a0\u00bb1_2,1_2&Prime; _builder_version=\u00a0\u00bb4.16&Prime; custom_padding=\u00a0\u00bb0px||20px||false|false\u00a0\u00bb global_colors_info=\u00a0\u00bb{}\u00a0\u00bb][et_pb_column type=\u00a0\u00bb1_2&Prime; _builder_version=\u00a0\u00bb4.16&Prime; global_colors_info=\u00a0\u00bb{}\u00a0\u00bb][et_pb_text _builder_version=\u00a0\u00bb4.16&Prime; _module_preset=\u00a0\u00bbdefault\u00a0\u00bb custom_padding=\u00a0\u00bb0px|||||\u00a0\u00bb global_colors_info=\u00a0\u00bb{}\u00a0\u00bb]<\/p>\n<h2>PRODUCTION de sc\u00e9narios<\/h2>\n<p style=\"text-align: justify;\">Apr\u00e8s une planification \u00e9tudi\u00e9e de la collecte, GUIDE installe son instrumentation \u00e0 bord d\u2019un v\u00e9hicule typique de l\u2019usage vis\u00e9.<\/p>\n<p style=\"text-align: justify;\">Les campagnes d&rsquo;essais consistent \u00e0 num\u00e9riser les signaux GNSS, enregistrer les messages de services de correction et les mesures des capteurs contribuant \u00e0 l\u2019am\u00e9lioration les positions.<\/p>\n<p style=\"text-align: justify;\">GUIDE propose\u00a0 des sc\u00e9narios constitu\u00e9s des donn\u00e9es suivantes :<\/p>\n<ul>\n<li style=\"text-align: justify;\">Signaux GNSS num\u00e9ris\u00e9s avec ou sans service de corrections ;<\/li>\n<li style=\"text-align: justify;\">V\u00e9rit\u00e9 terrain avec ses incertitudes de mesures ;<\/li>\n<li style=\"text-align: justify;\">Vid\u00e9os du parcours et des masquages a\u00e9riens (Fish-eye) ;<\/li>\n<li style=\"text-align: justify;\">Mesures de position d&rsquo;autres r\u00e9cepteurs (comparaisons rapides).<\/li>\n<\/ul>\n<p>[\/et_pb_text][\/et_pb_column][et_pb_column type=\u00a0\u00bb1_2&Prime; _builder_version=\u00a0\u00bb4.16&Prime; global_colors_info=\u00a0\u00bb{}\u00a0\u00bb][et_pb_image src=\u00a0\u00bbhttps:\/\/guide-gnss.com\/wp-content\/uploads\/2020\/12\/guide-info-1-2.jpg\u00a0\u00bb title_text=\u00a0\u00bbguide-info-1&Prime; _builder_version=\u00a0\u00bb4.16&Prime; _module_preset=\u00a0\u00bbdefault\u00a0\u00bb global_colors_info=\u00a0\u00bb{}\u00a0\u00bb][\/et_pb_image][\/et_pb_column][\/et_pb_row][et_pb_row column_structure=\u00a0\u00bb1_2,1_2&Prime; _builder_version=\u00a0\u00bb4.16&Prime; custom_padding=\u00a0\u00bb0px||30px||false|false\u00a0\u00bb global_colors_info=\u00a0\u00bb{}\u00a0\u00bb][et_pb_column type=\u00a0\u00bb1_2&Prime; _builder_version=\u00a0\u00bb4.16&Prime; global_colors_info=\u00a0\u00bb{}\u00a0\u00bb][et_pb_text _builder_version=\u00a0\u00bb4.16&Prime; _module_preset=\u00a0\u00bbdefault\u00a0\u00bb global_colors_info=\u00a0\u00bb{}\u00a0\u00bb]<\/p>\n<h2>Distribution de sc\u00e9narios<\/h2>\n<p style=\"text-align: justify;\">Les sc\u00e9narios sont document\u00e9s et mis en ligne pour \u00eatre t\u00e9l\u00e9charg\u00e9s sur un site marchand d\u00e9di\u00e9.<\/p>\n<p style=\"text-align: justify;\">Une biblioth\u00e8que de sc\u00e9narios est ainsi offerte :<\/p>\n<ul>\n<li style=\"text-align: justify;\">Configurations vari\u00e9es<\/li>\n<li style=\"text-align: justify;\">Disponibilit\u00e9 imm\u00e9diate<\/li>\n<li style=\"text-align: justify;\">Utilisable \u00e0 un co\u00fbt tr\u00e8s abordable<\/li>\n<\/ul>\n<p>[\/et_pb_text][\/et_pb_column][et_pb_column type=\u00a0\u00bb1_2&Prime; _builder_version=\u00a0\u00bb4.16&Prime; global_colors_info=\u00a0\u00bb{}\u00a0\u00bb][et_pb_image src=\u00a0\u00bbhttps:\/\/guide-gnss.com\/wp-content\/uploads\/2020\/12\/guide-info-2-2.jpg\u00a0\u00bb title_text=\u00a0\u00bbguide-info-2&Prime; _builder_version=\u00a0\u00bb4.16&Prime; _module_preset=\u00a0\u00bbdefault\u00a0\u00bb global_colors_info=\u00a0\u00bb{}\u00a0\u00bb][\/et_pb_image][\/et_pb_column][\/et_pb_row][et_pb_row column_structure=\u00a0\u00bb1_2,1_2&Prime; _builder_version=\u00a0\u00bb4.16&Prime; custom_padding=\u00a0\u00bb0px||30px||false|false\u00a0\u00bb global_colors_info=\u00a0\u00bb{}\u00a0\u00bb][et_pb_column type=\u00a0\u00bb1_2&Prime; _builder_version=\u00a0\u00bb4.16&Prime; global_colors_info=\u00a0\u00bb{}\u00a0\u00bb][et_pb_text _builder_version=\u00a0\u00bb4.16&Prime; _module_preset=\u00a0\u00bbdefault\u00a0\u00bb global_colors_info=\u00a0\u00bb{}\u00a0\u00bb]<\/p>\n<h2>Rejeux de sc\u00e9narios<\/h2>\n<p style=\"text-align: justify;\">Les signaux GNSS et les autres mesures pr\u00e9alablement num\u00e9ris\u00e9es dans le monde r\u00e9el sont restitu\u00e9s \u00e0 l&rsquo;identique.<\/p>\n<p style=\"text-align: justify;\">Les bancs d\u2019essais valid\u00e9s par GUIDE sont con\u00e7us pour fournir :<\/p>\n<ul>\n<li style=\"text-align: justify;\">Des signaux et des mesures reproductibles, c\u2019est-\u00e0-dire \u00e9quivalents d\u2019un rejeu \u00e0 un autre.<\/li>\n<li style=\"text-align: justify;\">Des sessions de rejeux r\u00e9p\u00e9tables, notamment pour d\u00e9terminer la dispersion statistique des mesures de performance ;<\/li>\n<li style=\"text-align: justify;\">Des op\u00e9rations d\u2019essais \u00e0 l\u2019unit\u00e9 pour les rendre abordables au plus grand nombre d\u2019utilisateurs ;<\/li>\n<\/ul>\n<p>[\/et_pb_text][\/et_pb_column][et_pb_column type=\u00a0\u00bb1_2&Prime; _builder_version=\u00a0\u00bb4.16&Prime; global_colors_info=\u00a0\u00bb{}\u00a0\u00bb][et_pb_image src=\u00a0\u00bbhttps:\/\/guide-gnss.com\/wp-content\/uploads\/2020\/12\/guide-info-3-2.jpg\u00a0\u00bb title_text=\u00a0\u00bbguide-info-3&Prime; _builder_version=\u00a0\u00bb4.16&Prime; _module_preset=\u00a0\u00bbdefault\u00a0\u00bb global_colors_info=\u00a0\u00bb{}\u00a0\u00bb][\/et_pb_image][\/et_pb_column][\/et_pb_row][et_pb_row column_structure=\u00a0\u00bb1_2,1_2&Prime; _builder_version=\u00a0\u00bb4.16&Prime; custom_padding=\u00a0\u00bb0px||30px||false|false\u00a0\u00bb global_colors_info=\u00a0\u00bb{}\u00a0\u00bb][et_pb_column type=\u00a0\u00bb1_2&Prime; _builder_version=\u00a0\u00bb4.16&Prime; global_colors_info=\u00a0\u00bb{}\u00a0\u00bb][et_pb_text _builder_version=\u00a0\u00bb4.16&Prime; _module_preset=\u00a0\u00bbdefault\u00a0\u00bb global_colors_info=\u00a0\u00bb{}\u00a0\u00bb]<\/p>\n<h2>Automatisation des rejeux de sc\u00e9narios<\/h2>\n<p style=\"text-align: justify;\">La qualit\u00e9 des analyses de performances d\u00e9pend en grande partie de la r\u00e9p\u00e9titivit\u00e9 des sessions de rejeux, pour localiser les biais et les dispersions de positions.<\/p>\n<p style=\"text-align: justify;\">Le service d\u2019automatisation des op\u00e9rations d\u2019essais est con\u00e7u pour lib\u00e9rer l\u2019op\u00e9rateur de t\u00e2ches fastidieuses et empreintes d\u2019al\u00e9as.<\/p>\n<p style=\"text-align: justify;\">Ses fonctions permettent de :<\/p>\n<ul>\n<li style=\"text-align: justify;\">Param\u00e9trer les r\u00e9cepteurs GNSS, conform\u00e9ment aux d\u00e9finitions du plan d\u2019essais ;<\/li>\n<li style=\"text-align: justify;\">Synchroniser les rejeux des signaux GNSS et d&rsquo;autres donn\u00e9es ;<\/li>\n<li style=\"text-align: justify;\">Nommer et enregistrer les mesures de position des r\u00e9cepteurs ;<\/li>\n<\/ul>\n<p>[\/et_pb_text][\/et_pb_column][et_pb_column type=\u00a0\u00bb1_2&Prime; _builder_version=\u00a0\u00bb4.16&Prime; global_colors_info=\u00a0\u00bb{}\u00a0\u00bb][et_pb_image src=\u00a0\u00bbhttps:\/\/guide-gnss.com\/wp-content\/uploads\/2020\/12\/guide-info-4-2.jpg\u00a0\u00bb title_text=\u00a0\u00bbguide-info-4&Prime; _builder_version=\u00a0\u00bb4.16&Prime; _module_preset=\u00a0\u00bbdefault\u00a0\u00bb global_colors_info=\u00a0\u00bb{}\u00a0\u00bb][\/et_pb_image][\/et_pb_column][\/et_pb_row][et_pb_row column_structure=\u00a0\u00bb1_2,1_2&Prime; _builder_version=\u00a0\u00bb4.16&Prime; custom_padding=\u00a0\u00bb0px||0px||false|false\u00a0\u00bb global_colors_info=\u00a0\u00bb{}\u00a0\u00bb][et_pb_column type=\u00a0\u00bb1_2&Prime; _builder_version=\u00a0\u00bb4.16&Prime; global_colors_info=\u00a0\u00bb{}\u00a0\u00bb][et_pb_text _builder_version=\u00a0\u00bb4.16&Prime; _module_preset=\u00a0\u00bbdefault\u00a0\u00bb global_colors_info=\u00a0\u00bb{}\u00a0\u00bb]<\/p>\n<h2>Analyse des rejeux du sc\u00e9nario<\/h2>\n<p style=\"text-align: justify;\">La technique de m\u00e9trologie du rejeu de signaux GNSS implique des traitements et des repr\u00e9sentations statistiques issues de nombreuses mesures de position.<\/p>\n<p style=\"text-align: justify;\">Pour faciliter l\u2019analyse de ces donn\u00e9es et l\u2019\u00e9tablissement des rapports d\u2019essais attenants, GUIDE fournit des outils adapt\u00e9s et valid\u00e9s afin de :<\/p>\n<ul>\n<li style=\"text-align: justify;\">Convertir les donn\u00e9es dans un format exploitable ;<\/li>\n<li style=\"text-align: justify;\">Tracer des graphiques d\u2019analyses ;<\/li>\n<li style=\"text-align: justify;\">Comparer les performances de plusieurs solutions ;<\/li>\n<\/ul>\n<p>[\/et_pb_text][\/et_pb_column][et_pb_column type=\u00a0\u00bb1_2&Prime; _builder_version=\u00a0\u00bb4.16&Prime; global_colors_info=\u00a0\u00bb{}\u00a0\u00bb][et_pb_image src=\u00a0\u00bbhttps:\/\/guide-gnss.com\/wp-content\/uploads\/2020\/12\/guide-info-5-3.jpg\u00a0\u00bb title_text=\u00a0\u00bbguide-info-5&Prime; _builder_version=\u00a0\u00bb4.16&Prime; _module_preset=\u00a0\u00bbdefault\u00a0\u00bb global_colors_info=\u00a0\u00bb{}\u00a0\u00bb][\/et_pb_image][\/et_pb_column][\/et_pb_row][\/et_pb_section]<\/p>\n","protected":false},"excerpt":{"rendered":"<p>\u00c9valuer la qualit\u00e9 des mesures de position de vos terminaux GNSSLa technique du \u00ab Record &amp; Replay \u00bb est une solution de m\u00e9trologie \u00e0 part enti\u00e8re et aujourd\u2019hui reconnue par la s\u00e9rie des normes EN16803. Son utilisation est bas\u00e9e sur deux jeux de donn\u00e9es \u00e9talons, l\u2019une visant \u00e0 restituer des signaux GNSS num\u00e9ris\u00e9s et l\u2019autre [&hellip;]<\/p>\n","protected":false},"author":5,"featured_media":0,"parent":0,"menu_order":0,"comment_status":"closed","ping_status":"closed","template":"","meta":{"_et_pb_use_builder":"on","_et_pb_old_content":"","_et_gb_content_width":""},"yoast_head":"<!-- This site is optimized with the Yoast SEO plugin v20.11 - https:\/\/yoast.com\/wordpress\/plugins\/seo\/ -->\n<title>Ing\u00e9nierie des Moyens d&#039;Essais - Rejeux signaux GNSS - GUIDE GNSS<\/title>\n<meta name=\"description\" content=\"Le syst\u00e8me de rejeux de signaux GNSS de GUIDE vous permet d&#039;\u00e9valuer la qualit\u00e9 des mesures de position de vos terminaux GNSS.\" \/>\n<meta name=\"robots\" content=\"index, follow, max-snippet:-1, max-image-preview:large, max-video-preview:-1\" \/>\n<link rel=\"canonical\" href=\"https:\/\/guide-gnss.com\/fr\/rejeux-signaux-gnss\/\" \/>\n<meta property=\"og:locale\" content=\"fr_FR\" \/>\n<meta property=\"og:type\" content=\"article\" \/>\n<meta property=\"og:title\" content=\"Ing\u00e9nierie des Moyens d&#039;Essais - Rejeux signaux GNSS - GUIDE GNSS\" \/>\n<meta property=\"og:description\" content=\"Le syst\u00e8me de rejeux de signaux GNSS de GUIDE vous permet d&#039;\u00e9valuer la qualit\u00e9 des mesures de position de vos terminaux GNSS.\" \/>\n<meta property=\"og:url\" content=\"https:\/\/guide-gnss.com\/fr\/rejeux-signaux-gnss\/\" \/>\n<meta property=\"og:site_name\" content=\"GUIDE GNSS\" \/>\n<meta property=\"article:modified_time\" content=\"2024-03-28T12:26:35+00:00\" \/>\n<meta name=\"twitter:card\" content=\"summary_large_image\" \/>\n<meta name=\"twitter:label1\" content=\"Dur\u00e9e de lecture estim\u00e9e\" \/>\n\t<meta name=\"twitter:data1\" content=\"4 minutes\" \/>\n<script type=\"application\/ld+json\" class=\"yoast-schema-graph\">{\"@context\":\"https:\/\/schema.org\",\"@graph\":[{\"@type\":\"WebPage\",\"@id\":\"https:\/\/guide-gnss.com\/fr\/rejeux-signaux-gnss\/\",\"url\":\"https:\/\/guide-gnss.com\/fr\/rejeux-signaux-gnss\/\",\"name\":\"Ing\u00e9nierie des Moyens d'Essais - Rejeux signaux GNSS - GUIDE GNSS\",\"isPartOf\":{\"@id\":\"https:\/\/guide-gnss.com\/#website\"},\"datePublished\":\"2020-12-21T10:13:36+00:00\",\"dateModified\":\"2024-03-28T12:26:35+00:00\",\"description\":\"Le syst\u00e8me de rejeux de signaux GNSS de GUIDE vous permet d'\u00e9valuer la qualit\u00e9 des mesures de position de vos terminaux GNSS.\",\"breadcrumb\":{\"@id\":\"https:\/\/guide-gnss.com\/fr\/rejeux-signaux-gnss\/#breadcrumb\"},\"inLanguage\":\"fr-FR\",\"potentialAction\":[{\"@type\":\"ReadAction\",\"target\":[\"https:\/\/guide-gnss.com\/fr\/rejeux-signaux-gnss\/\"]}]},{\"@type\":\"BreadcrumbList\",\"@id\":\"https:\/\/guide-gnss.com\/fr\/rejeux-signaux-gnss\/#breadcrumb\",\"itemListElement\":[{\"@type\":\"ListItem\",\"position\":1,\"name\":\"Accueil\",\"item\":\"https:\/\/guide-gnss.com\/fr\/\"},{\"@type\":\"ListItem\",\"position\":2,\"name\":\"Services > Ing\u00e9nierie des moyens d'essais > Rejeux singaux GNSS\"}]},{\"@type\":\"WebSite\",\"@id\":\"https:\/\/guide-gnss.com\/#website\",\"url\":\"https:\/\/guide-gnss.com\/\",\"name\":\"GUIDE GNSS\",\"description\":\"Laboratoire d&#039;Essais en G\u00e9olocalisation GNSS \/ GPS\",\"publisher\":{\"@id\":\"https:\/\/guide-gnss.com\/#organization\"},\"potentialAction\":[{\"@type\":\"SearchAction\",\"target\":{\"@type\":\"EntryPoint\",\"urlTemplate\":\"https:\/\/guide-gnss.com\/?s={search_term_string}\"},\"query-input\":\"required name=search_term_string\"}],\"inLanguage\":\"fr-FR\"},{\"@type\":\"Organization\",\"@id\":\"https:\/\/guide-gnss.com\/#organization\",\"name\":\"GUIDE GNSS\",\"url\":\"https:\/\/guide-gnss.com\/\",\"logo\":{\"@type\":\"ImageObject\",\"inLanguage\":\"fr-FR\",\"@id\":\"https:\/\/guide-gnss.com\/#\/schema\/logo\/image\/\",\"url\":\"https:\/\/guide-gnss.com\/wp-content\/uploads\/2019\/06\/LogoGUIDE-300dpi-2.png\",\"contentUrl\":\"https:\/\/guide-gnss.com\/wp-content\/uploads\/2019\/06\/LogoGUIDE-300dpi-2.png\",\"width\":1181,\"height\":897,\"caption\":\"GUIDE GNSS\"},\"image\":{\"@id\":\"https:\/\/guide-gnss.com\/#\/schema\/logo\/image\/\"},\"sameAs\":[\"https:\/\/www.linkedin.com\/company\/guide-gnss\/\",\"https:\/\/www.youtube.com\/channel\/UCkgddF2NHnrQ9gf-cgTdVkA\"]}]}<\/script>\n<!-- \/ Yoast SEO plugin. -->","yoast_head_json":{"title":"Ing\u00e9nierie des Moyens d'Essais - Rejeux signaux GNSS - GUIDE GNSS","description":"Le syst\u00e8me de rejeux de signaux GNSS de GUIDE vous permet d'\u00e9valuer la qualit\u00e9 des mesures de position de vos terminaux GNSS.","robots":{"index":"index","follow":"follow","max-snippet":"max-snippet:-1","max-image-preview":"max-image-preview:large","max-video-preview":"max-video-preview:-1"},"canonical":"https:\/\/guide-gnss.com\/fr\/rejeux-signaux-gnss\/","og_locale":"fr_FR","og_type":"article","og_title":"Ing\u00e9nierie des Moyens d'Essais - Rejeux signaux GNSS - GUIDE GNSS","og_description":"Le syst\u00e8me de rejeux de signaux GNSS de GUIDE vous permet d'\u00e9valuer la qualit\u00e9 des mesures de position de vos terminaux GNSS.","og_url":"https:\/\/guide-gnss.com\/fr\/rejeux-signaux-gnss\/","og_site_name":"GUIDE GNSS","article_modified_time":"2024-03-28T12:26:35+00:00","twitter_card":"summary_large_image","twitter_misc":{"Dur\u00e9e de lecture estim\u00e9e":"4 minutes"},"schema":{"@context":"https:\/\/schema.org","@graph":[{"@type":"WebPage","@id":"https:\/\/guide-gnss.com\/fr\/rejeux-signaux-gnss\/","url":"https:\/\/guide-gnss.com\/fr\/rejeux-signaux-gnss\/","name":"Ing\u00e9nierie des Moyens d'Essais - Rejeux signaux GNSS - GUIDE GNSS","isPartOf":{"@id":"https:\/\/guide-gnss.com\/#website"},"datePublished":"2020-12-21T10:13:36+00:00","dateModified":"2024-03-28T12:26:35+00:00","description":"Le syst\u00e8me de rejeux de signaux GNSS de GUIDE vous permet d'\u00e9valuer la qualit\u00e9 des mesures de position de vos terminaux GNSS.","breadcrumb":{"@id":"https:\/\/guide-gnss.com\/fr\/rejeux-signaux-gnss\/#breadcrumb"},"inLanguage":"fr-FR","potentialAction":[{"@type":"ReadAction","target":["https:\/\/guide-gnss.com\/fr\/rejeux-signaux-gnss\/"]}]},{"@type":"BreadcrumbList","@id":"https:\/\/guide-gnss.com\/fr\/rejeux-signaux-gnss\/#breadcrumb","itemListElement":[{"@type":"ListItem","position":1,"name":"Accueil","item":"https:\/\/guide-gnss.com\/fr\/"},{"@type":"ListItem","position":2,"name":"Services > Ing\u00e9nierie des moyens d'essais > Rejeux singaux GNSS"}]},{"@type":"WebSite","@id":"https:\/\/guide-gnss.com\/#website","url":"https:\/\/guide-gnss.com\/","name":"GUIDE GNSS","description":"Laboratoire d&#039;Essais en G\u00e9olocalisation GNSS \/ GPS","publisher":{"@id":"https:\/\/guide-gnss.com\/#organization"},"potentialAction":[{"@type":"SearchAction","target":{"@type":"EntryPoint","urlTemplate":"https:\/\/guide-gnss.com\/?s={search_term_string}"},"query-input":"required name=search_term_string"}],"inLanguage":"fr-FR"},{"@type":"Organization","@id":"https:\/\/guide-gnss.com\/#organization","name":"GUIDE GNSS","url":"https:\/\/guide-gnss.com\/","logo":{"@type":"ImageObject","inLanguage":"fr-FR","@id":"https:\/\/guide-gnss.com\/#\/schema\/logo\/image\/","url":"https:\/\/guide-gnss.com\/wp-content\/uploads\/2019\/06\/LogoGUIDE-300dpi-2.png","contentUrl":"https:\/\/guide-gnss.com\/wp-content\/uploads\/2019\/06\/LogoGUIDE-300dpi-2.png","width":1181,"height":897,"caption":"GUIDE GNSS"},"image":{"@id":"https:\/\/guide-gnss.com\/#\/schema\/logo\/image\/"},"sameAs":["https:\/\/www.linkedin.com\/company\/guide-gnss\/","https:\/\/www.youtube.com\/channel\/UCkgddF2NHnrQ9gf-cgTdVkA"]}]}},"_links":{"self":[{"href":"https:\/\/guide-gnss.com\/fr\/wp-json\/wp\/v2\/pages\/6076"}],"collection":[{"href":"https:\/\/guide-gnss.com\/fr\/wp-json\/wp\/v2\/pages"}],"about":[{"href":"https:\/\/guide-gnss.com\/fr\/wp-json\/wp\/v2\/types\/page"}],"author":[{"embeddable":true,"href":"https:\/\/guide-gnss.com\/fr\/wp-json\/wp\/v2\/users\/5"}],"replies":[{"embeddable":true,"href":"https:\/\/guide-gnss.com\/fr\/wp-json\/wp\/v2\/comments?post=6076"}],"version-history":[{"count":54,"href":"https:\/\/guide-gnss.com\/fr\/wp-json\/wp\/v2\/pages\/6076\/revisions"}],"predecessor-version":[{"id":9515,"href":"https:\/\/guide-gnss.com\/fr\/wp-json\/wp\/v2\/pages\/6076\/revisions\/9515"}],"wp:attachment":[{"href":"https:\/\/guide-gnss.com\/fr\/wp-json\/wp\/v2\/media?parent=6076"}],"curies":[{"name":"wp","href":"https:\/\/api.w.org\/{rel}","templated":true}]}}