{"id":6204,"date":"2021-01-07T11:16:05","date_gmt":"2021-01-07T10:16:05","guid":{"rendered":"https:\/\/guide-gnss.com\/?page_id=6204"},"modified":"2024-04-11T15:48:07","modified_gmt":"2024-04-11T13:48:07","slug":"rejeux-donnees-pvt-reel","status":"publish","type":"page","link":"https:\/\/guide-gnss.com\/fr\/rejeux-donnees-pvt-reel\/","title":{"rendered":"Ing\u00e9nierie des Moyens d&rsquo;Essais &#8211; Rejeux PVT\/RINEX"},"content":{"rendered":"\n[et_pb_section fb_built=\u00a0\u00bb1&Prime; fullwidth=\u00a0\u00bbon\u00a0\u00bb _builder_version=\u00a0\u00bb4.16&Prime; saved_tabs=\u00a0\u00bball\u00a0\u00bb global_colors_info=\u00a0\u00bb{}\u00a0\u00bb][et_pb_fullwidth_header title=\u00a0\u00bbRejeux de mesures de position GNSS PVT\/RINEX\u00a0\u00bb _builder_version=\u00a0\u00bb4.16&Prime; title_font=\u00a0\u00bbMontserrat|700|||||||\u00a0\u00bb title_text_align=\u00a0\u00bbcenter\u00a0\u00bb title_font_size=\u00a0\u00bb32px\u00a0\u00bb title_letter_spacing=\u00a0\u00bb3px\u00a0\u00bb subhead_font=\u00a0\u00bbMontserrat|600|||||||\u00a0\u00bb subhead_text_align=\u00a0\u00bbcenter\u00a0\u00bb subhead_font_size=\u00a0\u00bb20px\u00a0\u00bb use_background_color_gradient=\u00a0\u00bbon\u00a0\u00bb background_color_gradient_stops=\u00a0\u00bb#375882 0%|#4370a0 100%\u00a0\u00bb background_color_gradient_start=\u00a0\u00bb#375882&Prime; background_color_gradient_end=\u00a0\u00bb#4370a0&Prime; global_colors_info=\u00a0\u00bb{}\u00a0\u00bb]<h2 style=\"text-align: center; font-size: 20px;\">Evaluer la robustesse de vos algorithmes applicatifs avec des donn\u00e9es repr\u00e9sentatives<\/h2>[\/et_pb_fullwidth_header][\/et_pb_section][et_pb_section fb_built=\u00a0\u00bb1&Prime; _builder_version=\u00a0\u00bb4.16&Prime; _module_preset=\u00a0\u00bbdefault\u00a0\u00bb global_colors_info=\u00a0\u00bb{}\u00a0\u00bb][et_pb_row _builder_version=\u00a0\u00bb4.16&Prime; _module_preset=\u00a0\u00bbdefault\u00a0\u00bb global_colors_info=\u00a0\u00bb{}\u00a0\u00bb][et_pb_column type=\u00a0\u00bb4_4&Prime; _builder_version=\u00a0\u00bb4.16&Prime; _module_preset=\u00a0\u00bbdefault\u00a0\u00bb global_colors_info=\u00a0\u00bb{}\u00a0\u00bb][et_pb_text _builder_version=\u00a0\u00bb4.21.0&Prime; _module_preset=\u00a0\u00bbdefault\u00a0\u00bb global_colors_info=\u00a0\u00bb{}\u00a0\u00bb]<h2>GNSS PVT\/RINEX<\/h2>\n<p style=\"text-align: justify;\"><span id=\"p0\">Les r\u00e9cepteurs<span>\u00a0<\/span><span id=\"11\">GNSS<\/span><span> (PVT\/RINEX) <\/span>sont susceptibles de mesurer des positions avec des erreurs plus ou moins cons\u00e9quentes en fonction, de l\u2019environnement local, du mod\u00e8le de r\u00e9cepteur et du service de corrections utilis\u00e9.<\/span><\/p>\n<p style=\"text-align: justify;\"><span id=\"p24\">Les positions g\u00e9olocalis\u00e9es par un r\u00e9cepteur se traduisent notamment par des donn\u00e9es de Positions<span>\u00a0<\/span><span id=\"p23\">(<span id=\"26\" class=\"s-or-t\">Latitude<\/span>, Longitude, Altitude)<\/span>, de Vitesses et de Temps<span>\u00a0<\/span><span id=\"p22\">(<span id=\"25\" class=\"s-or-t\">Datation<\/span><span>\u00a0<\/span>pr\u00e9cise)<\/span>.<\/span><span id=\"p4\"><span>\u00a0<\/span>Elles sont transmises, en continu, \u00e0 un syst\u00e8me embarqu\u00e9 exploitant ces donn\u00e9es pour fournir le service attendu.<\/span><span id=\"p5\">\u00a0A titre d&rsquo;exemple, l\u2019algorithme de traitement du syst\u00e8me d\u00e9terminera le franchissement d\u2019un zone<span>\u00a0<\/span><span id=\"19\">g\u00e9o<\/span><span>\u00a0<\/span>sensible pour d\u00e9clencher des actions, comme l&rsquo;ouverture d&rsquo;une barri\u00e8re.<\/span><span id=\"p6\"><\/span><\/p>\n<p style=\"text-align: justify;\"><span id=\"p7\">En fonction des erreurs commises par le r\u00e9cepteur, les algorithmes de traitement des applications h\u00f4tes doivent v\u00e9rifier la coh\u00e9rence des trajectoires de positions communiqu\u00e9es et pr\u00e9venir les effets impond\u00e9rables.<\/span><span id=\"p8\"><\/span><\/p>\n<p style=\"text-align: justify;\"><span id=\"p9\"><span id=\"21\" class=\"s-rg-t\">A<\/span><span>\u00a0<\/span>dessein, GUIDE fournit un logiciel ex\u00e9cutable sur un PC Windows pour rejouer des jeux de trajectoires issues d\u2019une m\u00eame collecte.<\/span><span id=\"p10\"><span>\u00a0<\/span><span id=\"13\">Ainsi, un<\/span><span>\u00a0<\/span><span id=\"14\">sc\u00e9nario <\/span>propose un ensemble de trajectoires obtenues avec un m\u00eame mod\u00e8le de r\u00e9cepteur soumis aux<span>\u00a0<\/span><span id=\"15\">m\u00eames<\/span><span>\u00a0<\/span>signaux<span>\u00a0<\/span><span id=\"16\">GNSS<\/span>.<\/span><\/p>\n<p style=\"text-align: justify;\">Cette technique de m\u00e9trologie vous permet de :<\/p>\n<ul style=\"text-align: justify;\">\n<li><strong>Disposer de sc\u00e9narios fiables, collect\u00e9s par un laboratoire d\u2019essais sp\u00e9cialis\u00e9 sur cette technique ;<\/strong><\/li>\n<li><strong>Tester vos algorithmes avec des mesures de positions GNSS r\u00e9alistes, si possible, issues du monde r\u00e9el ;<\/strong><\/li>\n<li><strong>Gagner du temps dans la mise en \u0153uvre rapide et facile des essais reproductibles ;<\/strong><\/li>\n<li><strong>Limiter vos investissements \u00e0 l\u2019ex\u00e9cution de sc\u00e9narios sur un simple PC ;<\/strong><\/li>\n<li><strong style=\"font-size: 15px;\">G\u00e9rer le risque avec des essais repr\u00e9sentatifs et toujours r\u00e9ussis ;<\/strong><\/li>\n<\/ul>[\/et_pb_text][\/et_pb_column][\/et_pb_row][\/et_pb_section][et_pb_section fb_built=\u00a0\u00bb1&Prime; _builder_version=\u00a0\u00bb4.16&Prime; custom_padding=\u00a0\u00bb5px||0px||false|false\u00a0\u00bb global_colors_info=\u00a0\u00bb{}\u00a0\u00bb][et_pb_row column_structure=\u00a0\u00bb1_2,1_2&Prime; _builder_version=\u00a0\u00bb4.16&Prime; _module_preset=\u00a0\u00bbdefault\u00a0\u00bb custom_padding=\u00a0\u00bb0px||17px|||\u00a0\u00bb global_colors_info=\u00a0\u00bb{}\u00a0\u00bb][et_pb_column type=\u00a0\u00bb1_2&Prime; _builder_version=\u00a0\u00bb4.16&Prime; _module_preset=\u00a0\u00bbdefault\u00a0\u00bb global_colors_info=\u00a0\u00bb{}\u00a0\u00bb][et_pb_text _builder_version=\u00a0\u00bb4.16&Prime; _module_preset=\u00a0\u00bbdefault\u00a0\u00bb global_colors_info=\u00a0\u00bb{}\u00a0\u00bb]<p>Ce syst\u00e8me de m\u00e9trologie est constitu\u00e9 des services suivants\u00a0:<\/p>[\/et_pb_text][\/et_pb_column][et_pb_column type=\u00a0\u00bb1_2&Prime; _builder_version=\u00a0\u00bb4.16&Prime; _module_preset=\u00a0\u00bbdefault\u00a0\u00bb global_colors_info=\u00a0\u00bb{}\u00a0\u00bb][et_pb_button button_url=\u00a0\u00bbhttps:\/\/guide-gnss.com\/wp-content\/uploads\/2021\/01\/infographie-web-pvt-reel-full-1-scaled.jpg\u00a0\u00bb button_text=\u00a0\u00bbVisualiser l&rsquo;infographie\u00a0\u00bb _builder_version=\u00a0\u00bb4.16&Prime; _module_preset=\u00a0\u00bbdefault\u00a0\u00bb global_colors_info=\u00a0\u00bb{}\u00a0\u00bb][\/et_pb_button][\/et_pb_column][\/et_pb_row][et_pb_row column_structure=\u00a0\u00bb1_2,1_2&Prime; _builder_version=\u00a0\u00bb4.16&Prime; width=\u00a0\u00bb86.7%\u00a0\u00bb custom_padding=\u00a0\u00bb0px||0px||false|false\u00a0\u00bb global_colors_info=\u00a0\u00bb{}\u00a0\u00bb][et_pb_column type=\u00a0\u00bb1_2&Prime; _builder_version=\u00a0\u00bb4.16&Prime; global_colors_info=\u00a0\u00bb{}\u00a0\u00bb][et_pb_text _builder_version=\u00a0\u00bb4.21.0&Prime; _module_preset=\u00a0\u00bbdefault\u00a0\u00bb custom_padding=\u00a0\u00bb0px|||||\u00a0\u00bb global_colors_info=\u00a0\u00bb{}\u00a0\u00bb]<h2>PRODUCTION de sc\u00e9narios<\/h2>\n<p style=\"text-align: justify;\"><span style=\"color: #57585a;\">Apr\u00e8s une planification \u00e9tudi\u00e9e des donn\u00e9es \u00e0 collecter, GUIDE installe son instrumentation \u00e0 bord d\u2019un v\u00e9hicule typique du cas d&rsquo;usage vis\u00e9.<\/span><\/p>\n<p style=\"text-align: justify;\"><span style=\"color: #57585a;\">Ains, les campagnes d&rsquo;essais consistent alors \u00e0 num\u00e9riser les signaux GNSS, enregistrer les messages des services de correction et les mesures des capteurs contribuant \u00e0 l\u2019am\u00e9lioration les positions.<\/span><\/p>\n<p style=\"text-align: justify;\"><span style=\"color: #57585a;\">Le sc\u00e9nario est constitu\u00e9 des donn\u00e9es suivantes :<\/span><\/p>\n<ul>\n<li style=\"text-align: left;\"><span style=\"color: #57585a;\">Trajectoires de positions calcul\u00e9es par un r\u00e9cepteur GNSS, hybrid\u00e9 ou non, avec ou sans services de corrections ;<\/span><\/li>\n<li style=\"text-align: left;\"><span style=\"color: #57585a;\">V\u00e9rit\u00e9 terrain avec ses incertitudes de mesures ;<\/span><\/li>\n<li style=\"text-align: left;\"><span style=\"color: #57585a;\">Vid\u00e9os du parcours et des masquages a\u00e9riens (Fish-eye) ;<\/span><\/li>\n<li style=\"text-align: left;\"><span style=\"color: #57585a;\">Trajectoires de positions calcul\u00e9es par d&rsquo;autres types de r\u00e9cepteurs (comparaisons rapides).<\/span><\/li>\n<\/ul>[\/et_pb_text][\/et_pb_column][et_pb_column type=\u00a0\u00bb1_2&Prime; _builder_version=\u00a0\u00bb4.16&Prime; global_colors_info=\u00a0\u00bb{}\u00a0\u00bb][et_pb_image src=\u00a0\u00bbhttps:\/\/guide-gnss.com\/wp-content\/uploads\/2021\/01\/info-web-reel-1-1.png\u00a0\u00bb title_text=\u00a0\u00bbinfo-web-reel-1&Prime; _builder_version=\u00a0\u00bb4.16&Prime; _module_preset=\u00a0\u00bbdefault\u00a0\u00bb global_colors_info=\u00a0\u00bb{}\u00a0\u00bb][\/et_pb_image][\/et_pb_column][\/et_pb_row][et_pb_row column_structure=\u00a0\u00bb1_2,1_2&Prime; _builder_version=\u00a0\u00bb4.16&Prime; custom_padding=\u00a0\u00bb0px||30px||false|false\u00a0\u00bb global_colors_info=\u00a0\u00bb{}\u00a0\u00bb][et_pb_column type=\u00a0\u00bb1_2&Prime; _builder_version=\u00a0\u00bb4.16&Prime; global_colors_info=\u00a0\u00bb{}\u00a0\u00bb][et_pb_text _builder_version=\u00a0\u00bb4.16&Prime; _module_preset=\u00a0\u00bbdefault\u00a0\u00bb global_colors_info=\u00a0\u00bb{}\u00a0\u00bb]<h2>Distribution de sc\u00e9narios<\/h2>\n<p>Les sc\u00e9narios sont document\u00e9s et mis en ligne pour \u00eatre t\u00e9l\u00e9charg\u00e9s sur un site marchand d\u00e9di\u00e9.<\/p>\n<p>Une biblioth\u00e8que de sc\u00e9narios est ainsi offerte avec :<\/p>\n<ul>\n<li>Configurations vari\u00e9es ;<\/li>\n<li>Disponibilit\u00e9 imm\u00e9diate ;<\/li>\n<li>Utilisable \u00e0 un co\u00fbt tr\u00e8s abordable ;<\/li>\n<\/ul>[\/et_pb_text][\/et_pb_column][et_pb_column type=\u00a0\u00bb1_2&Prime; _builder_version=\u00a0\u00bb4.16&Prime; global_colors_info=\u00a0\u00bb{}\u00a0\u00bb][et_pb_image src=\u00a0\u00bbhttps:\/\/guide-gnss.com\/wp-content\/uploads\/2021\/01\/info-web-reel-2-1.png\u00a0\u00bb title_text=\u00a0\u00bbinfo-web-reel-2&Prime; _builder_version=\u00a0\u00bb4.16&Prime; _module_preset=\u00a0\u00bbdefault\u00a0\u00bb global_colors_info=\u00a0\u00bb{}\u00a0\u00bb][\/et_pb_image][\/et_pb_column][\/et_pb_row][et_pb_row column_structure=\u00a0\u00bb1_2,1_2&Prime; _builder_version=\u00a0\u00bb4.16&Prime; custom_padding=\u00a0\u00bb0px||30px||false|false\u00a0\u00bb global_colors_info=\u00a0\u00bb{}\u00a0\u00bb][et_pb_column type=\u00a0\u00bb1_2&Prime; _builder_version=\u00a0\u00bb4.16&Prime; global_colors_info=\u00a0\u00bb{}\u00a0\u00bb][et_pb_text _builder_version=\u00a0\u00bb4.16&Prime; _module_preset=\u00a0\u00bbdefault\u00a0\u00bb global_colors_info=\u00a0\u00bb{}\u00a0\u00bb]<h2>Rejeux des donnees de position, de vitesse et de temps<\/h2>\n<p>Sur un simple PC :<\/p>\n<ul>\n<li>Rejeux des donn\u00e9es de \u00ab\u00a0Position\u00a0\u00bb, de \u00ab\u00a0Vitesse\u00a0\u00bb et de \u00ab\u00a0Temps\u00a0\u00bb (PVT) ;<\/li>\n<li>Rejeux de donn\u00e9es brutes propres aux r\u00e9cepteurs &#8211; exemple fichiers binaires (SBF, UBX,&#8230;) ;<\/li>\n<li>RINEX, RTCM,&#8230;<\/li>\n<\/ul>[\/et_pb_text][\/et_pb_column][et_pb_column type=\u00a0\u00bb1_2&Prime; _builder_version=\u00a0\u00bb4.16&Prime; global_colors_info=\u00a0\u00bb{}\u00a0\u00bb][et_pb_image src=\u00a0\u00bbhttps:\/\/guide-gnss.com\/wp-content\/uploads\/2021\/01\/info-web-reel-3-1.png\u00a0\u00bb title_text=\u00a0\u00bbinfo-web-reel-3&Prime; _builder_version=\u00a0\u00bb4.16&Prime; _module_preset=\u00a0\u00bbdefault\u00a0\u00bb global_colors_info=\u00a0\u00bb{}\u00a0\u00bb][\/et_pb_image][\/et_pb_column][\/et_pb_row][et_pb_row column_structure=\u00a0\u00bb1_2,1_2&Prime; _builder_version=\u00a0\u00bb4.16&Prime; custom_padding=\u00a0\u00bb0px||0px||false|false\u00a0\u00bb global_colors_info=\u00a0\u00bb{}\u00a0\u00bb][et_pb_column type=\u00a0\u00bb1_2&Prime; _builder_version=\u00a0\u00bb4.16&Prime; global_colors_info=\u00a0\u00bb{}\u00a0\u00bb][et_pb_text _builder_version=\u00a0\u00bb4.21.0&Prime; _module_preset=\u00a0\u00bbdefault\u00a0\u00bb custom_padding=\u00a0\u00bb||13px|||\u00a0\u00bb global_colors_info=\u00a0\u00bb{}\u00a0\u00bb]<h2><span style=\"color: #375882;\">Software-in-the-loop testing<\/span><\/h2>\n<p style=\"text-align: justify;\">Les mesures de positions GNSS constituant les trajectoires sont susceptibles d&rsquo;\u00eatre encha\u00een\u00e9es\u00a0sur le syst\u00e8me embarqu\u00e9 \u00e0 \u00e9valuer pour simuler les cas de tests.<\/p>\n<p style=\"text-align: justify;\"><span style=\"font-size: 15px;\">Enfin, les choix successifs des trajectoires sont d\u00e9cid\u00e9s en amont ou en temps r\u00e9el. Ils offrent des conditions r\u00e9alistes d&rsquo;utilisation pour faciliter les mises au point et valider des algorithmes utilisant des donn\u00e9es de g\u00e9olocalisation.<\/span><\/p>[\/et_pb_text][\/et_pb_column][et_pb_column type=\u00a0\u00bb1_2&Prime; _builder_version=\u00a0\u00bb4.16&Prime; global_colors_info=\u00a0\u00bb{}\u00a0\u00bb][et_pb_image src=\u00a0\u00bbhttps:\/\/guide-gnss.com\/wp-content\/uploads\/2021\/01\/info-web-reel-4-2.png\u00a0\u00bb title_text=\u00a0\u00bbinfo-web-reel-4&Prime; _builder_version=\u00a0\u00bb4.16&Prime; _module_preset=\u00a0\u00bbdefault\u00a0\u00bb custom_margin=\u00a0\u00bb||16px|||\u00a0\u00bb global_colors_info=\u00a0\u00bb{}\u00a0\u00bb][\/et_pb_image][\/et_pb_column][\/et_pb_row][\/et_pb_section][et_pb_section fb_built=\u00a0\u00bb1&Prime; specialty=\u00a0\u00bbon\u00a0\u00bb _builder_version=\u00a0\u00bb4.16&Prime; _module_preset=\u00a0\u00bbdefault\u00a0\u00bb custom_padding=\u00a0\u00bb0px||3px|||\u00a0\u00bb global_colors_info=\u00a0\u00bb{}\u00a0\u00bb][et_pb_column type=\u00a0\u00bb1_2&Prime; _builder_version=\u00a0\u00bb4.16&Prime; custom_padding=\u00a0\u00bb|||\u00a0\u00bb global_colors_info=\u00a0\u00bb{}\u00a0\u00bb custom_padding__hover=\u00a0\u00bb|||\u00a0\u00bb][\/et_pb_column][et_pb_column type=\u00a0\u00bb1_2&Prime; specialty_columns=\u00a0\u00bb2&Prime; _builder_version=\u00a0\u00bb4.16&Prime; custom_padding=\u00a0\u00bb|||\u00a0\u00bb global_colors_info=\u00a0\u00bb{}\u00a0\u00bb custom_padding__hover=\u00a0\u00bb|||\u00a0\u00bb][et_pb_row_inner column_structure=\u00a0\u00bb1_2,1_2&Prime; _builder_version=\u00a0\u00bb4.16&Prime; _module_preset=\u00a0\u00bbdefault\u00a0\u00bb custom_padding=\u00a0\u00bb0px|||||\u00a0\u00bb global_colors_info=\u00a0\u00bb{}\u00a0\u00bb][et_pb_column_inner type=\u00a0\u00bb1_2&Prime; saved_specialty_column_type=\u00a0\u00bb1_2&Prime; _builder_version=\u00a0\u00bb4.16&Prime; _module_preset=\u00a0\u00bbdefault\u00a0\u00bb global_colors_info=\u00a0\u00bb{}\u00a0\u00bb][et_pb_text _builder_version=\u00a0\u00bb4.16&Prime; _module_preset=\u00a0\u00bbdefault\u00a0\u00bb global_colors_info=\u00a0\u00bb{}\u00a0\u00bb]<p><em>Exemples d&rsquo;applications :<\/em><\/p>\n<ul>\n<li><em>T\u00e9l\u00e9p\u00e9age<\/em><\/li>\n<li><em>Tramway<\/em><\/li>\n<li><em>Contr\u00f4le d&rsquo;acc\u00e8s<\/em><\/li>\n<li><em>Positionnement<\/em><\/li>\n<\/ul>[\/et_pb_text][\/et_pb_column_inner][et_pb_column_inner type=\u00a0\u00bb1_2&Prime; saved_specialty_column_type=\u00a0\u00bb1_2&Prime; _builder_version=\u00a0\u00bb4.16&Prime; _module_preset=\u00a0\u00bbdefault\u00a0\u00bb global_colors_info=\u00a0\u00bb{}\u00a0\u00bb][et_pb_text _builder_version=\u00a0\u00bb4.16&Prime; _module_preset=\u00a0\u00bbdefault\u00a0\u00bb global_colors_info=\u00a0\u00bb{}\u00a0\u00bb]<p><em>Exemples de fonctions :<\/em><\/p>\n<ul>\n<li><i>Paiement<\/i><\/li>\n<li><i>Recalage<\/i><\/li>\n<li><i>Ouverture barri\u00e8re<\/i><\/li>\n<li><i>&#8230;<\/i><\/li>\n<\/ul>[\/et_pb_text][\/et_pb_column_inner][\/et_pb_row_inner][\/et_pb_column][\/et_pb_section]\n","protected":false},"excerpt":{"rendered":"<p>Evaluer la robustesse de vos algorithmes applicatifs avec des donn\u00e9es repr\u00e9sentativesGNSS PVT\/RINEX Les r\u00e9cepteurs\u00a0GNSS (PVT\/RINEX) sont susceptibles de mesurer des positions avec des erreurs plus ou moins cons\u00e9quentes en fonction, de l\u2019environnement local, du mod\u00e8le de r\u00e9cepteur et du service de corrections utilis\u00e9. Les positions g\u00e9olocalis\u00e9es par un r\u00e9cepteur se traduisent notamment par des donn\u00e9es [&hellip;]<\/p>\n","protected":false},"author":5,"featured_media":7459,"parent":0,"menu_order":0,"comment_status":"closed","ping_status":"closed","template":"","meta":{"_et_pb_use_builder":"on","_et_pb_old_content":"","_et_gb_content_width":""},"yoast_head":"<!-- This site is optimized with the Yoast SEO plugin v20.11 - https:\/\/yoast.com\/wordpress\/plugins\/seo\/ -->\n<title>Ing\u00e9nierie des Moyens d&#039;Essais - Rejeux PVT\/RINEX - GUIDE GNSS<\/title>\n<meta name=\"description\" content=\"Rejeux PVT\/RINEX: le syst\u00e8me de rejeux de donn\u00e9es PVT de GUIDE vous permet d&#039;\u00e9valuer la qualit\u00e9 des mesures de position de vos terminaux GNSS.\" \/>\n<meta name=\"robots\" content=\"index, follow, max-snippet:-1, max-image-preview:large, max-video-preview:-1\" \/>\n<link rel=\"canonical\" href=\"https:\/\/guide-gnss.com\/fr\/rejeux-donnees-pvt-reel\/\" \/>\n<meta property=\"og:locale\" content=\"fr_FR\" \/>\n<meta property=\"og:type\" content=\"article\" \/>\n<meta property=\"og:title\" content=\"Ing\u00e9nierie des Moyens d&#039;Essais - Rejeux PVT\/RINEX - GUIDE GNSS\" \/>\n<meta property=\"og:description\" content=\"Rejeux PVT\/RINEX: le syst\u00e8me de rejeux de donn\u00e9es PVT de GUIDE vous permet d&#039;\u00e9valuer la qualit\u00e9 des mesures de position de vos terminaux GNSS.\" \/>\n<meta property=\"og:url\" content=\"https:\/\/guide-gnss.com\/fr\/rejeux-donnees-pvt-reel\/\" \/>\n<meta property=\"og:site_name\" content=\"GUIDE GNSS\" \/>\n<meta property=\"article:modified_time\" content=\"2024-04-11T13:48:07+00:00\" \/>\n<meta property=\"og:image\" content=\"https:\/\/guide-gnss.com\/wp-content\/uploads\/2022\/01\/170710-Logo-Guide-SCIC.png\" \/>\n\t<meta property=\"og:image:width\" content=\"1181\" \/>\n\t<meta property=\"og:image:height\" content=\"1004\" \/>\n\t<meta property=\"og:image:type\" content=\"image\/png\" \/>\n<meta name=\"twitter:card\" content=\"summary_large_image\" \/>\n<meta name=\"twitter:label1\" content=\"Dur\u00e9e de lecture estim\u00e9e\" \/>\n\t<meta name=\"twitter:data1\" content=\"4 minutes\" \/>\n<script type=\"application\/ld+json\" class=\"yoast-schema-graph\">{\"@context\":\"https:\/\/schema.org\",\"@graph\":[{\"@type\":\"WebPage\",\"@id\":\"https:\/\/guide-gnss.com\/fr\/rejeux-donnees-pvt-reel\/\",\"url\":\"https:\/\/guide-gnss.com\/fr\/rejeux-donnees-pvt-reel\/\",\"name\":\"Ing\u00e9nierie des Moyens d'Essais - Rejeux PVT\/RINEX - GUIDE GNSS\",\"isPartOf\":{\"@id\":\"https:\/\/guide-gnss.com\/#website\"},\"datePublished\":\"2021-01-07T10:16:05+00:00\",\"dateModified\":\"2024-04-11T13:48:07+00:00\",\"description\":\"Rejeux PVT\/RINEX: le syst\u00e8me de rejeux de donn\u00e9es PVT de GUIDE vous permet d'\u00e9valuer la qualit\u00e9 des mesures de position de vos terminaux GNSS.\",\"breadcrumb\":{\"@id\":\"https:\/\/guide-gnss.com\/fr\/rejeux-donnees-pvt-reel\/#breadcrumb\"},\"inLanguage\":\"fr-FR\",\"potentialAction\":[{\"@type\":\"ReadAction\",\"target\":[\"https:\/\/guide-gnss.com\/fr\/rejeux-donnees-pvt-reel\/\"]}]},{\"@type\":\"BreadcrumbList\",\"@id\":\"https:\/\/guide-gnss.com\/fr\/rejeux-donnees-pvt-reel\/#breadcrumb\",\"itemListElement\":[{\"@type\":\"ListItem\",\"position\":1,\"name\":\"Accueil\",\"item\":\"https:\/\/guide-gnss.com\/fr\/\"},{\"@type\":\"ListItem\",\"position\":2,\"name\":\"Services > Ing\u00e9nierie des moyens d'essais > Rejeux PVT\/RINEX\"}]},{\"@type\":\"WebSite\",\"@id\":\"https:\/\/guide-gnss.com\/#website\",\"url\":\"https:\/\/guide-gnss.com\/\",\"name\":\"GUIDE GNSS\",\"description\":\"Laboratoire d&#039;Essais en G\u00e9olocalisation GNSS \/ GPS\",\"publisher\":{\"@id\":\"https:\/\/guide-gnss.com\/#organization\"},\"potentialAction\":[{\"@type\":\"SearchAction\",\"target\":{\"@type\":\"EntryPoint\",\"urlTemplate\":\"https:\/\/guide-gnss.com\/?s={search_term_string}\"},\"query-input\":\"required name=search_term_string\"}],\"inLanguage\":\"fr-FR\"},{\"@type\":\"Organization\",\"@id\":\"https:\/\/guide-gnss.com\/#organization\",\"name\":\"GUIDE GNSS\",\"url\":\"https:\/\/guide-gnss.com\/\",\"logo\":{\"@type\":\"ImageObject\",\"inLanguage\":\"fr-FR\",\"@id\":\"https:\/\/guide-gnss.com\/#\/schema\/logo\/image\/\",\"url\":\"https:\/\/guide-gnss.com\/wp-content\/uploads\/2019\/06\/LogoGUIDE-300dpi-2.png\",\"contentUrl\":\"https:\/\/guide-gnss.com\/wp-content\/uploads\/2019\/06\/LogoGUIDE-300dpi-2.png\",\"width\":1181,\"height\":897,\"caption\":\"GUIDE GNSS\"},\"image\":{\"@id\":\"https:\/\/guide-gnss.com\/#\/schema\/logo\/image\/\"},\"sameAs\":[\"https:\/\/www.linkedin.com\/company\/guide-gnss\/\",\"https:\/\/www.youtube.com\/channel\/UCkgddF2NHnrQ9gf-cgTdVkA\"]}]}<\/script>\n<!-- \/ Yoast SEO plugin. -->","yoast_head_json":{"title":"Ing\u00e9nierie des Moyens d'Essais - Rejeux PVT\/RINEX - GUIDE GNSS","description":"Rejeux PVT\/RINEX: le syst\u00e8me de rejeux de donn\u00e9es PVT de GUIDE vous permet d'\u00e9valuer la qualit\u00e9 des mesures de position de vos terminaux GNSS.","robots":{"index":"index","follow":"follow","max-snippet":"max-snippet:-1","max-image-preview":"max-image-preview:large","max-video-preview":"max-video-preview:-1"},"canonical":"https:\/\/guide-gnss.com\/fr\/rejeux-donnees-pvt-reel\/","og_locale":"fr_FR","og_type":"article","og_title":"Ing\u00e9nierie des Moyens d'Essais - Rejeux PVT\/RINEX - GUIDE GNSS","og_description":"Rejeux PVT\/RINEX: le syst\u00e8me de rejeux de donn\u00e9es PVT de GUIDE vous permet d'\u00e9valuer la qualit\u00e9 des mesures de position de vos terminaux GNSS.","og_url":"https:\/\/guide-gnss.com\/fr\/rejeux-donnees-pvt-reel\/","og_site_name":"GUIDE GNSS","article_modified_time":"2024-04-11T13:48:07+00:00","og_image":[{"width":1181,"height":1004,"url":"https:\/\/guide-gnss.com\/wp-content\/uploads\/2022\/01\/170710-Logo-Guide-SCIC.png","type":"image\/png"}],"twitter_card":"summary_large_image","twitter_misc":{"Dur\u00e9e de lecture estim\u00e9e":"4 minutes"},"schema":{"@context":"https:\/\/schema.org","@graph":[{"@type":"WebPage","@id":"https:\/\/guide-gnss.com\/fr\/rejeux-donnees-pvt-reel\/","url":"https:\/\/guide-gnss.com\/fr\/rejeux-donnees-pvt-reel\/","name":"Ing\u00e9nierie des Moyens d'Essais - Rejeux PVT\/RINEX - GUIDE GNSS","isPartOf":{"@id":"https:\/\/guide-gnss.com\/#website"},"datePublished":"2021-01-07T10:16:05+00:00","dateModified":"2024-04-11T13:48:07+00:00","description":"Rejeux PVT\/RINEX: le syst\u00e8me de rejeux de donn\u00e9es PVT de GUIDE vous permet d'\u00e9valuer la qualit\u00e9 des mesures de position de vos terminaux GNSS.","breadcrumb":{"@id":"https:\/\/guide-gnss.com\/fr\/rejeux-donnees-pvt-reel\/#breadcrumb"},"inLanguage":"fr-FR","potentialAction":[{"@type":"ReadAction","target":["https:\/\/guide-gnss.com\/fr\/rejeux-donnees-pvt-reel\/"]}]},{"@type":"BreadcrumbList","@id":"https:\/\/guide-gnss.com\/fr\/rejeux-donnees-pvt-reel\/#breadcrumb","itemListElement":[{"@type":"ListItem","position":1,"name":"Accueil","item":"https:\/\/guide-gnss.com\/fr\/"},{"@type":"ListItem","position":2,"name":"Services > Ing\u00e9nierie des moyens d'essais > Rejeux PVT\/RINEX"}]},{"@type":"WebSite","@id":"https:\/\/guide-gnss.com\/#website","url":"https:\/\/guide-gnss.com\/","name":"GUIDE GNSS","description":"Laboratoire d&#039;Essais en G\u00e9olocalisation GNSS \/ GPS","publisher":{"@id":"https:\/\/guide-gnss.com\/#organization"},"potentialAction":[{"@type":"SearchAction","target":{"@type":"EntryPoint","urlTemplate":"https:\/\/guide-gnss.com\/?s={search_term_string}"},"query-input":"required name=search_term_string"}],"inLanguage":"fr-FR"},{"@type":"Organization","@id":"https:\/\/guide-gnss.com\/#organization","name":"GUIDE GNSS","url":"https:\/\/guide-gnss.com\/","logo":{"@type":"ImageObject","inLanguage":"fr-FR","@id":"https:\/\/guide-gnss.com\/#\/schema\/logo\/image\/","url":"https:\/\/guide-gnss.com\/wp-content\/uploads\/2019\/06\/LogoGUIDE-300dpi-2.png","contentUrl":"https:\/\/guide-gnss.com\/wp-content\/uploads\/2019\/06\/LogoGUIDE-300dpi-2.png","width":1181,"height":897,"caption":"GUIDE GNSS"},"image":{"@id":"https:\/\/guide-gnss.com\/#\/schema\/logo\/image\/"},"sameAs":["https:\/\/www.linkedin.com\/company\/guide-gnss\/","https:\/\/www.youtube.com\/channel\/UCkgddF2NHnrQ9gf-cgTdVkA"]}]}},"_links":{"self":[{"href":"https:\/\/guide-gnss.com\/fr\/wp-json\/wp\/v2\/pages\/6204"}],"collection":[{"href":"https:\/\/guide-gnss.com\/fr\/wp-json\/wp\/v2\/pages"}],"about":[{"href":"https:\/\/guide-gnss.com\/fr\/wp-json\/wp\/v2\/types\/page"}],"author":[{"embeddable":true,"href":"https:\/\/guide-gnss.com\/fr\/wp-json\/wp\/v2\/users\/5"}],"replies":[{"embeddable":true,"href":"https:\/\/guide-gnss.com\/fr\/wp-json\/wp\/v2\/comments?post=6204"}],"version-history":[{"count":47,"href":"https:\/\/guide-gnss.com\/fr\/wp-json\/wp\/v2\/pages\/6204\/revisions"}],"predecessor-version":[{"id":9607,"href":"https:\/\/guide-gnss.com\/fr\/wp-json\/wp\/v2\/pages\/6204\/revisions\/9607"}],"wp:featuredmedia":[{"embeddable":true,"href":"https:\/\/guide-gnss.com\/fr\/wp-json\/wp\/v2\/media\/7459"}],"wp:attachment":[{"href":"https:\/\/guide-gnss.com\/fr\/wp-json\/wp\/v2\/media?parent=6204"}],"curies":[{"name":"wp","href":"https:\/\/api.w.org\/{rel}","templated":true}]}}