{"id":7621,"date":"2022-05-02T10:23:08","date_gmt":"2022-05-02T08:23:08","guid":{"rendered":"https:\/\/guide-gnss.com\/?page_id=7621"},"modified":"2024-03-21T16:12:34","modified_gmt":"2024-03-21T15:12:34","slug":"conditions-ambiance","status":"publish","type":"page","link":"https:\/\/guide-gnss.com\/fr\/conditions-ambiance\/","title":{"rendered":"Conditions d&rsquo;ambiance"},"content":{"rendered":"<p>[et_pb_section fb_built=\u00a0\u00bb1&Prime; fullwidth=\u00a0\u00bbon\u00a0\u00bb _builder_version=\u00a0\u00bb4.16&Prime; saved_tabs=\u00a0\u00bball\u00a0\u00bb global_colors_info=\u00a0\u00bb{}\u00a0\u00bb][et_pb_fullwidth_header title=\u00a0\u00bbTest GNSS selon les conditions d&rsquo;ambiance\u00a0\u00bb _builder_version=\u00a0\u00bb4.21.0&Prime; title_font=\u00a0\u00bbMontserrat|700|||||||\u00a0\u00bb title_text_align=\u00a0\u00bbcenter\u00a0\u00bb title_font_size=\u00a0\u00bb32px\u00a0\u00bb title_letter_spacing=\u00a0\u00bb3px\u00a0\u00bb subhead_font=\u00a0\u00bbMontserrat|600|||||||\u00a0\u00bb subhead_text_align=\u00a0\u00bbcenter\u00a0\u00bb subhead_font_size=\u00a0\u00bb20px\u00a0\u00bb use_background_color_gradient=\u00a0\u00bbon\u00a0\u00bb background_color_gradient_stops=\u00a0\u00bb#375882 0%|#4370a0 100%\u00a0\u00bb background_color_gradient_start=\u00a0\u00bb#375882&Prime; background_color_gradient_end=\u00a0\u00bb#4370a0&Prime; hover_enabled=\u00a0\u00bb0&Prime; global_colors_info=\u00a0\u00bb{}\u00a0\u00bb subhead=\u00a0\u00bbAnticiper et tester dans des conditions extr\u00eames\u00a0\u00bb sticky_enabled=\u00a0\u00bb0&Prime;][\/et_pb_fullwidth_header][\/et_pb_section][et_pb_section fb_built=\u00a0\u00bb1&Prime; _builder_version=\u00a0\u00bb4.16&Prime; _module_preset=\u00a0\u00bbdefault\u00a0\u00bb global_colors_info=\u00a0\u00bb{}\u00a0\u00bb][et_pb_row _builder_version=\u00a0\u00bb4.16&Prime; _module_preset=\u00a0\u00bbdefault\u00a0\u00bb min_height=\u00a0\u00bb313.4px\u00a0\u00bb custom_margin=\u00a0\u00bb-13px|auto||auto||\u00a0\u00bb custom_padding=\u00a0\u00bb21px||0px|||\u00a0\u00bb global_colors_info=\u00a0\u00bb{}\u00a0\u00bb column_structure=\u00a0\u00bb1_2,1_2&Prime;][et_pb_column type=\u00a0\u00bb1_2&Prime; _builder_version=\u00a0\u00bb4.16&Prime; _module_preset=\u00a0\u00bbdefault\u00a0\u00bb global_colors_info=\u00a0\u00bb{}\u00a0\u00bb][et_pb_text _builder_version=\u00a0\u00bb4.16&Prime; _module_preset=\u00a0\u00bbdefault\u00a0\u00bb global_colors_info=\u00a0\u00bb{}\u00a0\u00bb]<\/p>\n<h2 style=\"text-align: justify;\">climatiques<\/h2>\n<p style=\"text-align: justify;\">GUIDE a acc\u00e8s \u00e0 tous les \u00e9quipements n\u00e9cessaires (enceintes, capteurs, sondes, centrales d&rsquo;\u00e9talonnage et de m\u00e9trologie&#8230;) pour r\u00e9aliser vos campagnes d\u2019essais en reproduisant les conditions environnementales redout\u00e9es.<\/p>\n<p style=\"text-align: justify;\">Les essais climatiques consistent \u00e0 reproduire les conditions environnementales atmosph\u00e9riques rencontr\u00e9es sur terre et en altitude. Il s\u2019agit de simuler les m\u00eames conditions, le plus souvent extr\u00eames, afin de mesurer la r\u00e9action de mat\u00e9riels. La gamme des tests climatiques propos\u00e9e offre la possibilit\u00e9 de reproduire toutes ces conditions :<\/p>\n<p style=\"text-align: justify;\">\u00a0<strong style=\"font-size: 15px;\"><\/strong><\/p>\n<ul>\n<li style=\"text-align: justify;\"><strong>Temp\u00e9ratures extr\u00eames :<\/strong> combinaison simultan\u00e9e des conditions atmosph\u00e9riques essais chaud, essais froid, essais humidit\u00e9 (humidit\u00e9 relative ou humidit\u00e9 absolue), altitude, \u00e9chauffement solaire, tests de stabilit\u00e9 ou cyclique<\/li>\n<li style=\"text-align: justify;\"><strong>Variation rapide de temp\u00e9ratures (VRT) et chocs thermiques<\/strong><\/li>\n<\/ul>\n<p>[\/et_pb_text][\/et_pb_column][et_pb_column type=\u00a0\u00bb1_2&Prime; _builder_version=\u00a0\u00bb4.16&Prime; _module_preset=\u00a0\u00bbdefault\u00a0\u00bb global_colors_info=\u00a0\u00bb{}\u00a0\u00bb][et_pb_image src=\u00a0\u00bbhttps:\/\/guide-gnss.com\/wp-content\/uploads\/2023\/06\/thermometer-2-scaled_logo.jpg\u00a0\u00bb _builder_version=\u00a0\u00bb4.21.0&Prime; _module_preset=\u00a0\u00bbdefault\u00a0\u00bb title_text=\u00a0\u00bbgnss conditions ambiance climat\u00a0\u00bb alt=\u00a0\u00bbGNSS conditions d&rsquo;ambiance climat extr\u00eame\u00a0\u00bb hover_enabled=\u00a0\u00bb0&Prime; sticky_enabled=\u00a0\u00bb0&Prime;][\/et_pb_image][\/et_pb_column][\/et_pb_row][et_pb_row _builder_version=\u00a0\u00bb4.16&Prime; _module_preset=\u00a0\u00bbdefault\u00a0\u00bb min_height=\u00a0\u00bb291.4px\u00a0\u00bb custom_margin=\u00a0\u00bb-13px|auto||auto||\u00a0\u00bb custom_padding=\u00a0\u00bb21px||4px|||\u00a0\u00bb global_colors_info=\u00a0\u00bb{}\u00a0\u00bb column_structure=\u00a0\u00bb1_2,1_2&Prime;][et_pb_column type=\u00a0\u00bb1_2&Prime; _builder_version=\u00a0\u00bb4.16&Prime; _module_preset=\u00a0\u00bbdefault\u00a0\u00bb global_colors_info=\u00a0\u00bb{}\u00a0\u00bb][et_pb_text _builder_version=\u00a0\u00bb4.16&Prime; _module_preset=\u00a0\u00bbdefault\u00a0\u00bb global_colors_info=\u00a0\u00bb{}\u00a0\u00bb]<\/p>\n<h2 style=\"text-align: justify;\"><\/h2>\n<h2 style=\"text-align: justify;\"><\/h2>\n<h2 style=\"text-align: justify;\">m\u00e9caniques<span><\/span><\/h2>\n<p><span><\/span><\/p>\n<p style=\"text-align: justify;\">GUIDE a acc\u00e8s \u00e0 des moyens d&rsquo;essais m\u00e9caniques tels que des excitateurs \u00e9lectrodynamiques (aussi appel\u00e9s pots vibrants). Nous sommes capables de vous proposer des solutions sur-mesure selon votre secteur d&rsquo;activit\u00e9.<\/p>\n<p style=\"text-align: justify;\">Les essais m\u00e9caniques \u00e9valuent le comportement d\u2019un \u00e9quipement dans les conditions r\u00e9elles d\u2019utilisation en lui appliquant des contraintes m\u00e9caniques\u00a0:<\/p>\n<p style=\"text-align: justify;\">\n<ul>\n<li style=\"text-align: justify;\"><strong>Essais de vibrations : <\/strong>sinus, al\u00e9atoire<\/li>\n<li style=\"text-align: justify;\"><strong>Essais de chocs<\/strong><\/li>\n<li style=\"text-align: justify;\"><strong>Essais avec des acc\u00e9l\u00e9rations constantes<\/strong><\/li>\n<\/ul>\n<ul style=\"text-align: justify;\"><\/ul>\n<p>[\/et_pb_text][\/et_pb_column][et_pb_column type=\u00a0\u00bb1_2&Prime; _builder_version=\u00a0\u00bb4.16&Prime; _module_preset=\u00a0\u00bbdefault\u00a0\u00bb global_colors_info=\u00a0\u00bb{}\u00a0\u00bb][et_pb_image src=\u00a0\u00bbhttps:\/\/guide-gnss.com\/wp-content\/uploads\/2023\/06\/Carte-brisee-2-scaled-logo.jpg\u00a0\u00bb _builder_version=\u00a0\u00bb4.21.0&Prime; _module_preset=\u00a0\u00bbdefault\u00a0\u00bb alt=\u00a0\u00bbGNSS conditions ambiance m\u00e9canique\u00a0\u00bb title_text=\u00a0\u00bbTest GNSS conditions m\u00e9caniques\u00a0\u00bb hover_enabled=\u00a0\u00bb0&Prime; sticky_enabled=\u00a0\u00bb0&Prime;][\/et_pb_image][\/et_pb_column][\/et_pb_row][et_pb_row _builder_version=\u00a0\u00bb4.16&Prime; _module_preset=\u00a0\u00bbdefault\u00a0\u00bb custom_margin=\u00a0\u00bb-12px|auto||auto||\u00a0\u00bb global_colors_info=\u00a0\u00bb{}\u00a0\u00bb column_structure=\u00a0\u00bb1_2,1_2&Prime;][et_pb_column type=\u00a0\u00bb1_2&Prime; _builder_version=\u00a0\u00bb4.16&Prime; _module_preset=\u00a0\u00bbdefault\u00a0\u00bb global_colors_info=\u00a0\u00bb{}\u00a0\u00bb][et_pb_text _builder_version=\u00a0\u00bb4.16&Prime; _module_preset=\u00a0\u00bbdefault\u00a0\u00bb global_colors_info=\u00a0\u00bb{}\u00a0\u00bb]<\/p>\n<h2 style=\"text-align: justify;\"><strong>Radio\u00e9lectriques<\/strong><\/h2>\n<p style=\"text-align: justify;\">GUIDE a acc\u00e8s \u00e0 des moyens d\u2019essais pour \u00e9valuer la compatibilit\u00e9 \u00e9lectromagn\u00e9tique (CEM) de vos r\u00e9cepteurs GNSS. \u00a0<\/p>\n<p style=\"text-align: justify;\">La CEM consiste \u00e0 v\u00e9rifier la capacit\u00e9 d\u2019un mat\u00e9riel \u00e9lectronique \u00e0 fonctionner sans \u00eatre susceptible aux interf\u00e9rences de son environnement et sans provoquer lui-m\u00eame des perturbations \u00e9lectromagn\u00e9tiques g\u00eanantes.<\/p>\n<p style=\"text-align: justify;\">La gamme d&rsquo;essais CEM propos\u00e9e par GUIDE permet de tester la compatibilit\u00e9 ou la r\u00e9sistance aux ondes sur une antenne ou un r\u00e9cepteur GNSS :\u00a0<\/p>\n<p style=\"text-align: justify;\">\n<ul style=\"text-align: justify;\">\n<li><strong>Essais d\u2019\u00e9mission :<\/strong> les perturbations g\u00e9n\u00e9r\u00e9es par le mat\u00e9riel sous test sont mesur\u00e9es et compar\u00e9es aux limites normatives ou sp\u00e9cifications constructeurs<\/li>\n<li><strong>Essais d\u2019immunit\u00e9 :<\/strong> le comportement de l\u2019\u00e9quipement sous test est analys\u00e9 lorsqu\u2019il est soumis \u00e0 des perturbations dont le type et les niveaux sont d\u00e9finis dans les normes ou les sp\u00e9cifications constructeurs<\/li>\n<\/ul>\n<p style=\"text-align: justify;\">La gamme des essais propos\u00e9e est la suivante :<\/p>\n<p style=\"text-align: justify;\">\n<ul>\n<li style=\"text-align: justify;\"><strong>\u00c9missions rayonn\u00e9es :<\/strong> champ magn\u00e9tique entre 0 Hz et 30 MHz et champ \u00e9lectrique entre 10 kHz et 40 GHz (chambre an\u00e9cho\u00efque et CRBM)<\/li>\n<li style=\"text-align: justify;\"><strong>Susceptibilit\u00e9 conduite<\/strong> (BCI : 10 kHz \u2013 500 MHz) jusqu\u2019\u00e0 3 A<\/li>\n<li style=\"text-align: justify;\"><strong>Susceptibilit\u00e9 rayonn\u00e9e<\/strong> (10 kHz \u2013 40 GHz) jusqu\u2019\u00e0 30 kV\/m<\/li>\n<li style=\"text-align: justify;\"><strong>Essais Radio<\/strong><\/li>\n<li style=\"text-align: justify;\"><strong>Essais \u00e9lectriques<\/strong> sur les r\u00e9seaux d\u2019alimentation<\/li>\n<li style=\"text-align: justify;\"><strong>Essais de d\u00e9charges \u00e9lectrostatiques<\/strong><\/li>\n<li style=\"text-align: justify;\"><strong>Essais de foudre<\/strong><\/li>\n<\/ul>\n<p>[\/et_pb_text][\/et_pb_column][et_pb_column type=\u00a0\u00bb1_2&Prime; _builder_version=\u00a0\u00bb4.16&Prime; _module_preset=\u00a0\u00bbdefault\u00a0\u00bb global_colors_info=\u00a0\u00bb{}\u00a0\u00bb][et_pb_image src=\u00a0\u00bbhttps:\/\/guide-gnss.com\/wp-content\/uploads\/2023\/06\/Ondes_logo.jpg\u00a0\u00bb _builder_version=\u00a0\u00bb4.21.0&Prime; _module_preset=\u00a0\u00bbdefault\u00a0\u00bb alt=\u00a0\u00bbGNSS conditions ambiance radio\u00e9lectrique\u00a0\u00bb title_text=\u00a0\u00bbTest GNSS ondes radio\u00e9lectriques\u00a0\u00bb hover_enabled=\u00a0\u00bb0&Prime; sticky_enabled=\u00a0\u00bb0&Prime;][\/et_pb_image][\/et_pb_column][\/et_pb_row][\/et_pb_section]<\/p>\n","protected":false},"excerpt":{"rendered":"<p>climatiques GUIDE a acc\u00e8s \u00e0 tous les \u00e9quipements n\u00e9cessaires (enceintes, capteurs, sondes, centrales d&rsquo;\u00e9talonnage et de m\u00e9trologie&#8230;) pour r\u00e9aliser vos campagnes d\u2019essais en reproduisant les conditions environnementales redout\u00e9es. Les essais climatiques consistent \u00e0 reproduire les conditions environnementales atmosph\u00e9riques rencontr\u00e9es sur terre et en altitude. Il s\u2019agit de simuler les m\u00eames conditions, le plus souvent extr\u00eames, [&hellip;]<\/p>\n","protected":false},"author":5,"featured_media":0,"parent":0,"menu_order":0,"comment_status":"closed","ping_status":"closed","template":"","meta":{"_et_pb_use_builder":"on","_et_pb_old_content":"","_et_gb_content_width":""},"yoast_head":"<!-- This site is optimized with the Yoast SEO plugin v20.11 - https:\/\/yoast.com\/wordpress\/plugins\/seo\/ -->\n<title>Conditions d&#039;ambiance<\/title>\n<meta name=\"description\" content=\"GUIDE a l&#039;\u00e9quipement n\u00e9cessaire pour effectuer le test des r\u00e9cepteurs GNSS dans des conditions environnementales extr\u00eames.\" \/>\n<meta name=\"robots\" content=\"index, follow, max-snippet:-1, max-image-preview:large, max-video-preview:-1\" \/>\n<link rel=\"canonical\" href=\"https:\/\/guide-gnss.com\/fr\/test-des-recepteurs-gnss-dans-des-conditions-environnementales-extremes\/\" \/>\n<meta property=\"og:locale\" content=\"fr_FR\" \/>\n<meta property=\"og:type\" content=\"article\" \/>\n<meta property=\"og:title\" content=\"Conditions d&#039;ambiance\" \/>\n<meta property=\"og:description\" content=\"GUIDE a l&#039;\u00e9quipement n\u00e9cessaire pour effectuer le test des r\u00e9cepteurs GNSS dans des conditions environnementales extr\u00eames.\" \/>\n<meta property=\"og:url\" content=\"https:\/\/guide-gnss.com\/fr\/test-des-recepteurs-gnss-dans-des-conditions-environnementales-extremes\/\" \/>\n<meta property=\"og:site_name\" content=\"GUIDE GNSS\" \/>\n<meta property=\"article:modified_time\" content=\"2024-03-21T15:12:34+00:00\" \/>\n<meta name=\"twitter:card\" content=\"summary_large_image\" \/>\n<meta name=\"twitter:label1\" content=\"Dur\u00e9e de lecture estim\u00e9e\" \/>\n\t<meta name=\"twitter:data1\" content=\"3 minutes\" \/>\n<script type=\"application\/ld+json\" class=\"yoast-schema-graph\">{\"@context\":\"https:\/\/schema.org\",\"@graph\":[{\"@type\":\"WebPage\",\"@id\":\"https:\/\/guide-gnss.com\/fr\/conditions-ambiance\/\",\"url\":\"https:\/\/guide-gnss.com\/fr\/test-des-recepteurs-gnss-dans-des-conditions-environnementales-extremes\/\",\"name\":\"Conditions d'ambiance\",\"isPartOf\":{\"@id\":\"https:\/\/guide-gnss.com\/#website\"},\"datePublished\":\"2022-05-02T08:23:08+00:00\",\"dateModified\":\"2024-03-21T15:12:34+00:00\",\"description\":\"GUIDE a l'\u00e9quipement n\u00e9cessaire pour effectuer le test des r\u00e9cepteurs GNSS dans des conditions environnementales extr\u00eames.\",\"breadcrumb\":{\"@id\":\"https:\/\/guide-gnss.com\/fr\/test-des-recepteurs-gnss-dans-des-conditions-environnementales-extremes\/#breadcrumb\"},\"inLanguage\":\"fr-FR\",\"potentialAction\":[{\"@type\":\"ReadAction\",\"target\":[\"https:\/\/guide-gnss.com\/fr\/test-des-recepteurs-gnss-dans-des-conditions-environnementales-extremes\/\"]}]},{\"@type\":\"BreadcrumbList\",\"@id\":\"https:\/\/guide-gnss.com\/fr\/test-des-recepteurs-gnss-dans-des-conditions-environnementales-extremes\/#breadcrumb\",\"itemListElement\":[{\"@type\":\"ListItem\",\"position\":1,\"name\":\"Accueil\",\"item\":\"https:\/\/guide-gnss.com\/fr\/\"},{\"@type\":\"ListItem\",\"position\":2,\"name\":\"Services > Ing\u00e9nierie d'Essais > Conditions d'ambiance\"}]},{\"@type\":\"WebSite\",\"@id\":\"https:\/\/guide-gnss.com\/#website\",\"url\":\"https:\/\/guide-gnss.com\/\",\"name\":\"GUIDE GNSS\",\"description\":\"Laboratoire d&#039;Essais en G\u00e9olocalisation GNSS \/ GPS\",\"publisher\":{\"@id\":\"https:\/\/guide-gnss.com\/#organization\"},\"potentialAction\":[{\"@type\":\"SearchAction\",\"target\":{\"@type\":\"EntryPoint\",\"urlTemplate\":\"https:\/\/guide-gnss.com\/?s={search_term_string}\"},\"query-input\":\"required name=search_term_string\"}],\"inLanguage\":\"fr-FR\"},{\"@type\":\"Organization\",\"@id\":\"https:\/\/guide-gnss.com\/#organization\",\"name\":\"GUIDE GNSS\",\"url\":\"https:\/\/guide-gnss.com\/\",\"logo\":{\"@type\":\"ImageObject\",\"inLanguage\":\"fr-FR\",\"@id\":\"https:\/\/guide-gnss.com\/#\/schema\/logo\/image\/\",\"url\":\"https:\/\/guide-gnss.com\/wp-content\/uploads\/2019\/06\/LogoGUIDE-300dpi-2.png\",\"contentUrl\":\"https:\/\/guide-gnss.com\/wp-content\/uploads\/2019\/06\/LogoGUIDE-300dpi-2.png\",\"width\":1181,\"height\":897,\"caption\":\"GUIDE GNSS\"},\"image\":{\"@id\":\"https:\/\/guide-gnss.com\/#\/schema\/logo\/image\/\"},\"sameAs\":[\"https:\/\/www.linkedin.com\/company\/guide-gnss\/\",\"https:\/\/www.youtube.com\/channel\/UCkgddF2NHnrQ9gf-cgTdVkA\"]}]}<\/script>\n<!-- \/ Yoast SEO plugin. -->","yoast_head_json":{"title":"Conditions d'ambiance","description":"GUIDE a l'\u00e9quipement n\u00e9cessaire pour effectuer le test des r\u00e9cepteurs GNSS dans des conditions environnementales extr\u00eames.","robots":{"index":"index","follow":"follow","max-snippet":"max-snippet:-1","max-image-preview":"max-image-preview:large","max-video-preview":"max-video-preview:-1"},"canonical":"https:\/\/guide-gnss.com\/fr\/test-des-recepteurs-gnss-dans-des-conditions-environnementales-extremes\/","og_locale":"fr_FR","og_type":"article","og_title":"Conditions d'ambiance","og_description":"GUIDE a l'\u00e9quipement n\u00e9cessaire pour effectuer le test des r\u00e9cepteurs GNSS dans des conditions environnementales extr\u00eames.","og_url":"https:\/\/guide-gnss.com\/fr\/test-des-recepteurs-gnss-dans-des-conditions-environnementales-extremes\/","og_site_name":"GUIDE GNSS","article_modified_time":"2024-03-21T15:12:34+00:00","twitter_card":"summary_large_image","twitter_misc":{"Dur\u00e9e de lecture estim\u00e9e":"3 minutes"},"schema":{"@context":"https:\/\/schema.org","@graph":[{"@type":"WebPage","@id":"https:\/\/guide-gnss.com\/fr\/conditions-ambiance\/","url":"https:\/\/guide-gnss.com\/fr\/test-des-recepteurs-gnss-dans-des-conditions-environnementales-extremes\/","name":"Conditions d'ambiance","isPartOf":{"@id":"https:\/\/guide-gnss.com\/#website"},"datePublished":"2022-05-02T08:23:08+00:00","dateModified":"2024-03-21T15:12:34+00:00","description":"GUIDE a l'\u00e9quipement n\u00e9cessaire pour effectuer le test des r\u00e9cepteurs GNSS dans des conditions environnementales extr\u00eames.","breadcrumb":{"@id":"https:\/\/guide-gnss.com\/fr\/test-des-recepteurs-gnss-dans-des-conditions-environnementales-extremes\/#breadcrumb"},"inLanguage":"fr-FR","potentialAction":[{"@type":"ReadAction","target":["https:\/\/guide-gnss.com\/fr\/test-des-recepteurs-gnss-dans-des-conditions-environnementales-extremes\/"]}]},{"@type":"BreadcrumbList","@id":"https:\/\/guide-gnss.com\/fr\/test-des-recepteurs-gnss-dans-des-conditions-environnementales-extremes\/#breadcrumb","itemListElement":[{"@type":"ListItem","position":1,"name":"Accueil","item":"https:\/\/guide-gnss.com\/fr\/"},{"@type":"ListItem","position":2,"name":"Services > Ing\u00e9nierie d'Essais > Conditions d'ambiance"}]},{"@type":"WebSite","@id":"https:\/\/guide-gnss.com\/#website","url":"https:\/\/guide-gnss.com\/","name":"GUIDE GNSS","description":"Laboratoire d&#039;Essais en G\u00e9olocalisation GNSS \/ GPS","publisher":{"@id":"https:\/\/guide-gnss.com\/#organization"},"potentialAction":[{"@type":"SearchAction","target":{"@type":"EntryPoint","urlTemplate":"https:\/\/guide-gnss.com\/?s={search_term_string}"},"query-input":"required name=search_term_string"}],"inLanguage":"fr-FR"},{"@type":"Organization","@id":"https:\/\/guide-gnss.com\/#organization","name":"GUIDE GNSS","url":"https:\/\/guide-gnss.com\/","logo":{"@type":"ImageObject","inLanguage":"fr-FR","@id":"https:\/\/guide-gnss.com\/#\/schema\/logo\/image\/","url":"https:\/\/guide-gnss.com\/wp-content\/uploads\/2019\/06\/LogoGUIDE-300dpi-2.png","contentUrl":"https:\/\/guide-gnss.com\/wp-content\/uploads\/2019\/06\/LogoGUIDE-300dpi-2.png","width":1181,"height":897,"caption":"GUIDE GNSS"},"image":{"@id":"https:\/\/guide-gnss.com\/#\/schema\/logo\/image\/"},"sameAs":["https:\/\/www.linkedin.com\/company\/guide-gnss\/","https:\/\/www.youtube.com\/channel\/UCkgddF2NHnrQ9gf-cgTdVkA"]}]}},"_links":{"self":[{"href":"https:\/\/guide-gnss.com\/fr\/wp-json\/wp\/v2\/pages\/7621"}],"collection":[{"href":"https:\/\/guide-gnss.com\/fr\/wp-json\/wp\/v2\/pages"}],"about":[{"href":"https:\/\/guide-gnss.com\/fr\/wp-json\/wp\/v2\/types\/page"}],"author":[{"embeddable":true,"href":"https:\/\/guide-gnss.com\/fr\/wp-json\/wp\/v2\/users\/5"}],"replies":[{"embeddable":true,"href":"https:\/\/guide-gnss.com\/fr\/wp-json\/wp\/v2\/comments?post=7621"}],"version-history":[{"count":16,"href":"https:\/\/guide-gnss.com\/fr\/wp-json\/wp\/v2\/pages\/7621\/revisions"}],"predecessor-version":[{"id":9447,"href":"https:\/\/guide-gnss.com\/fr\/wp-json\/wp\/v2\/pages\/7621\/revisions\/9447"}],"wp:attachment":[{"href":"https:\/\/guide-gnss.com\/fr\/wp-json\/wp\/v2\/media?parent=7621"}],"curies":[{"name":"wp","href":"https:\/\/api.w.org\/{rel}","templated":true}]}}