{"id":8238,"date":"2023-04-07T14:06:15","date_gmt":"2023-04-07T12:06:15","guid":{"rendered":"https:\/\/guide-gnss.com\/?page_id=8238"},"modified":"2024-03-21T14:58:27","modified_gmt":"2024-03-21T13:58:27","slug":"etalonnage-guide-gnss","status":"publish","type":"page","link":"https:\/\/guide-gnss.com\/fr\/etalonnage-guide-gnss\/","title":{"rendered":"\u00c9talonnage"},"content":{"rendered":"<p>[et_pb_section fb_built=\u00a0\u00bb1&Prime; fullwidth=\u00a0\u00bbon\u00a0\u00bb _builder_version=\u00a0\u00bb4.16&Prime; saved_tabs=\u00a0\u00bball\u00a0\u00bb global_colors_info=\u00a0\u00bb{}\u00a0\u00bb][et_pb_fullwidth_header title=\u00a0\u00bbContr\u00f4le d&rsquo;\u00e9talonnage sur site des syst\u00e8mes de navigation inertielle (INS) d\u00e9di\u00e9s \u00e0 la m\u00e9trologie\u00a0\u00bb subhead=\u00a0\u00bbQuelle est l&rsquo;exactitude de vos mesures de position, de vitesse et d\u2019orientation en fonction du temps ?\u00a0\u00bb _builder_version=\u00a0\u00bb4.16&Prime; title_font=\u00a0\u00bbMontserrat|700|||||||\u00a0\u00bb title_text_align=\u00a0\u00bbcenter\u00a0\u00bb title_font_size=\u00a0\u00bb32px\u00a0\u00bb title_letter_spacing=\u00a0\u00bb3px\u00a0\u00bb subhead_font=\u00a0\u00bbMontserrat|600|||||||\u00a0\u00bb subhead_text_align=\u00a0\u00bbcenter\u00a0\u00bb subhead_font_size=\u00a0\u00bb20px\u00a0\u00bb use_background_color_gradient=\u00a0\u00bbon\u00a0\u00bb background_color_gradient_stops=\u00a0\u00bb#375882 0%|#4370a0 100%\u00a0\u00bb background_color_gradient_start=\u00a0\u00bb#375882&Prime; background_color_gradient_end=\u00a0\u00bb#4370a0&Prime; global_colors_info=\u00a0\u00bb{}\u00a0\u00bb][\/et_pb_fullwidth_header][\/et_pb_section][et_pb_section fb_built=\u00a0\u00bb1&Prime; _builder_version=\u00a0\u00bb4.16&Prime; _module_preset=\u00a0\u00bbdefault\u00a0\u00bb width=\u00a0\u00bb100%\u00a0\u00bb global_colors_info=\u00a0\u00bb{}\u00a0\u00bb][et_pb_row column_structure=\u00a0\u00bb1_2,1_2&Prime; _builder_version=\u00a0\u00bb4.16&Prime; _module_preset=\u00a0\u00bbdefault\u00a0\u00bb min_height=\u00a0\u00bb375.5px\u00a0\u00bb custom_margin=\u00a0\u00bb-12px|auto||auto||\u00a0\u00bb custom_padding=\u00a0\u00bb0px|||||\u00a0\u00bb global_colors_info=\u00a0\u00bb{}\u00a0\u00bb][et_pb_column type=\u00a0\u00bb1_2&Prime; _builder_version=\u00a0\u00bb4.16&Prime; _module_preset=\u00a0\u00bbdefault\u00a0\u00bb global_colors_info=\u00a0\u00bb{}\u00a0\u00bb][et_pb_text _builder_version=\u00a0\u00bb4.16&Prime; _module_preset=\u00a0\u00bbdefault\u00a0\u00bb global_colors_info=\u00a0\u00bb{}\u00a0\u00bb]<\/p>\n<h2 style=\"text-align: left;\"><span>POURQUOI UN ETALONNAGE GNSS\/INS\u00a0?<\/span><br \/><span><\/span><\/h2>\n<p style=\"text-align: justify;\">Les syst\u00e8mes de navigation inertielle\u00a0(<span>INS<\/span>)\u00a0utilis\u00e9s comme r\u00e9f\u00e9rence pour \u00e9tablir la vraie trajectoire suivie par les v\u00e9hicules d\u2019essais doivent \u00eatre v\u00e9rifi\u00e9s r\u00e9guli\u00e8rement pour contr\u00f4ler la pr\u00e9cision de leurs mesures sur les zones d\u2019essais habituelles ou \u00e9quivalentes.<\/p>\n<p style=\"text-align: justify;\">Ce suivi m\u00e9trologique est indispensable pour pr\u00e9senter des r\u00e9sultats d\u2019essais conformes aux exigences de la <a href=\"https:\/\/www.en-standard.eu\/iso-iec-17025-general-requirements-for-the-competence-of-testing-and-calibration-laboratories\/\"><span style=\"color: #0073d1;\">norme ISO ISO17025<\/span>.<\/a><\/p>\n<p style=\"text-align: justify;\">En effet, au fil du temps, les performances des capteurs inertiels peuvent se d\u00e9grader. Les acc\u00e9l\u00e9rom\u00e8tres et les gyroscopes peuvent se d\u00e9saligner lorsqu&rsquo;ils sont utilis\u00e9s dans des conditions d\u2019ambiance difficiles en particulier sur le plan m\u00e9canique et thermodynamique. Ces contraintes peuvent \u00e9galement <a href=\"https:\/\/guide-gnss.com\/fr\/test-des-recepteurs-gnss-dans-des-conditions-environnementales-extremes\/\"><span style=\"color: #0073d1;\">alt\u00e9rer l\u2019horloge du r\u00e9cepteur GNSS<\/span>.<\/a><\/p>\n<p style=\"text-align: justify;\">\n<p style=\"text-align: justify;\"><strong><\/strong><\/p>\n<p><strong><\/strong><strong><\/strong><\/p>\n<ul><\/ul>\n<p>[\/et_pb_text][\/et_pb_column][et_pb_column type=\u00a0\u00bb1_2&Prime; _builder_version=\u00a0\u00bb4.16&Prime; _module_preset=\u00a0\u00bbdefault\u00a0\u00bb global_colors_info=\u00a0\u00bb{}\u00a0\u00bb][et_pb_image src=\u00a0\u00bbhttps:\/\/guide-gnss.com\/wp-content\/uploads\/2023\/04\/shutterstock_1628733139-light-1.jpg\u00a0\u00bb alt=\u00a0\u00bbGNSS calibration\u00a0\u00bb title_text=\u00a0\u00bbGNSS INS calibration on test tracks\u00a0\u00bb _builder_version=\u00a0\u00bb4.21.0&Prime; _module_preset=\u00a0\u00bbdefault\u00a0\u00bb global_colors_info=\u00a0\u00bb{}\u00a0\u00bb][\/et_pb_image][et_pb_text _builder_version=\u00a0\u00bb4.16&Prime; text_font_size=\u00a0\u00bb10px\u00a0\u00bb locked=\u00a0\u00bboff\u00a0\u00bb global_colors_info=\u00a0\u00bb{}\u00a0\u00bb]<\/p>\n<p style=\"text-align: center;\"><em>Figure 1 &#8211; Etalonnage GNSS\/INS sur les pistes d&rsquo;essais<br \/><\/em><\/p>\n<p>[\/et_pb_text][\/et_pb_column][\/et_pb_row][et_pb_row column_structure=\u00a0\u00bb1_2,1_2&Prime; _builder_version=\u00a0\u00bb4.16&Prime; _module_preset=\u00a0\u00bbdefault\u00a0\u00bb min_height=\u00a0\u00bb375.5px\u00a0\u00bb custom_margin=\u00a0\u00bb-12px|auto||auto||\u00a0\u00bb custom_padding=\u00a0\u00bb0px|||||\u00a0\u00bb global_colors_info=\u00a0\u00bb{}\u00a0\u00bb][et_pb_column type=\u00a0\u00bb1_2&Prime; _builder_version=\u00a0\u00bb4.16&Prime; _module_preset=\u00a0\u00bbdefault\u00a0\u00bb global_colors_info=\u00a0\u00bb{}\u00a0\u00bb][et_pb_text _builder_version=\u00a0\u00bb4.16&Prime; _module_preset=\u00a0\u00bbdefault\u00a0\u00bb global_colors_info=\u00a0\u00bb{}\u00a0\u00bb]<\/p>\n<h2><span>CONTROLES sur l\u2019\u00c9TALONNAGE GNSS\/INS<\/span><\/h2>\n<p style=\"text-align: justify;\">En r\u00e9f\u00e9rence aux normes <span style=\"color: #0073d1;\"><a href=\"https:\/\/www.en-standard.eu\/bs-en-16803-1-2020-space-use-of-gnss-based-positioning-for-road-intelligent-transport-systems-its-definitions-and-system-engineering-procedures-for-the-establishment-and-assessment-of-performances\/\" style=\"color: #0073d1;\">EN16803<\/a><\/span>,\u00a0<span>GUIDE-GNSS<\/span> propose de confirmer, <a href=\"https:\/\/guide-gnss.com\/fr\/geolocation-accredited-test-lab\/\"><span style=\"color: #0073d1;\">sous accr\u00e9ditation<\/span>**<\/a>, le bon \u00e9talonnage de vos \u00e9quipements dans des conditions d\u2019utilisation r\u00e9elles et typiques afin d\u2019\u00e9prouver sa pr\u00e9cision sur plusieurs mesurandes-clefs (ex. : Position, Vitesse, Acc\u00e9l\u00e9ration, Orientation, \u2026).<\/p>\n<p style=\"text-align: justify;\">Les travaux sont men\u00e9s par notre laboratoire avec une instrumentation de pointe d\u00fbment \u00e9talonn\u00e9e et servie par une \u00e9quipe habilit\u00e9e, appliquant des m\u00e9thodes accr\u00e9dit\u00e9es**.<\/p>\n<p style=\"text-align: justify;\">Par ailleurs, toutes les dispositions sont mises en \u0153uvre pour maintenir le meilleur niveau de disponibilit\u00e9 des produits \u00e0 tester. Le cas \u00e9ch\u00e9ant, les interventions peuvent \u00eatre planifi\u00e9es sur vos pistes.<\/p>\n<p style=\"text-align: justify;\">\n<ul><\/ul>\n<p>[\/et_pb_text][\/et_pb_column][et_pb_column type=\u00a0\u00bb1_2&Prime; _builder_version=\u00a0\u00bb4.16&Prime; _module_preset=\u00a0\u00bbdefault\u00a0\u00bb global_colors_info=\u00a0\u00bb{}\u00a0\u00bb][et_pb_image src=\u00a0\u00bbhttps:\/\/guide-gnss.com\/wp-content\/uploads\/2023\/05\/Etalonnage-fig2.jpg\u00a0\u00bb alt=\u00a0\u00bbInertial Navigation Systems \u2013 INS : SBG Systems, IXBLUE, OxTS, NovAtel, VectorNav , RACELOGIC, GeneSys Elektronik GmbH, Inertial Labs\u00a0\u00bb title_text=\u00a0\u00bbGNSS INS calibration by accredited test labs\u00a0\u00bb _builder_version=\u00a0\u00bb4.16&Prime; _module_preset=\u00a0\u00bbdefault\u00a0\u00bb global_colors_info=\u00a0\u00bb{}\u00a0\u00bb][\/et_pb_image][et_pb_text _builder_version=\u00a0\u00bb4.16&Prime; text_font_size=\u00a0\u00bb10px\u00a0\u00bb locked=\u00a0\u00bboff\u00a0\u00bb global_colors_info=\u00a0\u00bb{}\u00a0\u00bb]<\/p>\n<p style=\"text-align: center;\"><em>Figure 2 &#8211; Plateforme instrumentale pour contr\u00f4ler l&rsquo;\u00e9talonnage GNSS\/INS<br \/><\/em><\/p>\n<p>[\/et_pb_text][\/et_pb_column][\/et_pb_row][et_pb_row column_structure=\u00a0\u00bb1_2,1_2&Prime; _builder_version=\u00a0\u00bb4.16&Prime; _module_preset=\u00a0\u00bbdefault\u00a0\u00bb min_height=\u00a0\u00bb375.5px\u00a0\u00bb custom_margin=\u00a0\u00bb-12px|auto||auto||\u00a0\u00bb custom_padding=\u00a0\u00bb0px|||||\u00a0\u00bb global_colors_info=\u00a0\u00bb{}\u00a0\u00bb][et_pb_column type=\u00a0\u00bb1_2&Prime; _builder_version=\u00a0\u00bb4.16&Prime; _module_preset=\u00a0\u00bbdefault\u00a0\u00bb global_colors_info=\u00a0\u00bb{}\u00a0\u00bb][et_pb_text _builder_version=\u00a0\u00bb4.16&Prime; _module_preset=\u00a0\u00bbdefault\u00a0\u00bb global_colors_info=\u00a0\u00bb{}\u00a0\u00bb]<\/p>\n<h2><strong><span>CERTIFICATS D\u2019ESSAIS SUR L\u2019ETALONNAGE GNSS\/INS<\/span><\/strong><\/h2>\n<p style=\"text-align: justify;\">\u00c0 l\u2019issue des mesurages, le laboratoire s\u2019engage vis-\u00e0-vis des parties prenantes sur la qualit\u00e9 m\u00e9trologique de l\u2019instrumentation contr\u00f4l\u00e9e en d\u00e9livrant un certificat d\u2019essais, <a href=\"https:\/\/guide-gnss.com\/geolocation-accredited-test-lab\/\">sous accr\u00e9ditation <span style=\"color: #0073d1;\">COFRAC<\/span>**<\/a>, attestant de ses performances dans des conditions op\u00e9rationnelles repr\u00e9sentatives des profils des missions vis\u00e9es.<\/p>\n<ul><\/ul>\n<p>[\/et_pb_text][\/et_pb_column][et_pb_column type=\u00a0\u00bb1_2&Prime; _builder_version=\u00a0\u00bb4.16&Prime; _module_preset=\u00a0\u00bbdefault\u00a0\u00bb global_colors_info=\u00a0\u00bb{}\u00a0\u00bb][et_pb_image src=\u00a0\u00bbhttps:\/\/guide-gnss.com\/wp-content\/uploads\/2023\/06\/GNSS-INS-Calibration-2023.png\u00a0\u00bb title_text=\u00a0\u00bbGNSS INS calibration by accredited test labs\u00a0\u00bb show_in_lightbox=\u00a0\u00bbon\u00a0\u00bb _builder_version=\u00a0\u00bb4.21.0&Prime; _module_preset=\u00a0\u00bbdefault\u00a0\u00bb hover_enabled=\u00a0\u00bb0&Prime; global_colors_info=\u00a0\u00bb{}\u00a0\u00bb sticky_enabled=\u00a0\u00bb0&Prime;][\/et_pb_image][et_pb_text _builder_version=\u00a0\u00bb4.16&Prime; text_font_size=\u00a0\u00bb10px\u00a0\u00bb locked=\u00a0\u00bboff\u00a0\u00bb global_colors_info=\u00a0\u00bb{}\u00a0\u00bb]<\/p>\n<p style=\"text-align: center;\"><em>Figure 3 &#8211; Certificat d&rsquo;essais pour d\u00e9clarer la conformit\u00e9 d&rsquo;un \u00e9talonnage GNSS\/INS<br \/><\/em><\/p>\n<p>[\/et_pb_text][\/et_pb_column][\/et_pb_row][\/et_pb_section]<\/p>\n","protected":false},"excerpt":{"rendered":"<p>POURQUOI UN ETALONNAGE GNSS\/INS\u00a0? Les syst\u00e8mes de navigation inertielle\u00a0(INS)\u00a0utilis\u00e9s comme r\u00e9f\u00e9rence pour \u00e9tablir la vraie trajectoire suivie par les v\u00e9hicules d\u2019essais doivent \u00eatre v\u00e9rifi\u00e9s r\u00e9guli\u00e8rement pour contr\u00f4ler la pr\u00e9cision de leurs mesures sur les zones d\u2019essais habituelles ou \u00e9quivalentes. Ce suivi m\u00e9trologique est indispensable pour pr\u00e9senter des r\u00e9sultats d\u2019essais conformes aux exigences de la norme [&hellip;]<\/p>\n","protected":false},"author":5,"featured_media":8256,"parent":0,"menu_order":0,"comment_status":"closed","ping_status":"closed","template":"","meta":{"_et_pb_use_builder":"on","_et_pb_old_content":"","_et_gb_content_width":""},"yoast_head":"<!-- This site is optimized with the Yoast SEO plugin v20.11 - https:\/\/yoast.com\/wordpress\/plugins\/seo\/ -->\n<title>\u00c9talonnage - GUIDE GNSS<\/title>\n<meta name=\"description\" content=\"Contr\u00f4le d&#039;\u00c9talonnage - Guide GNSS - sur site des syst\u00e8mes de navigation inertielle (INS) d\u00e9di\u00e9s \u00e0 la m\u00e9trologie.\" \/>\n<meta name=\"robots\" content=\"index, follow, max-snippet:-1, max-image-preview:large, max-video-preview:-1\" \/>\n<link rel=\"canonical\" href=\"https:\/\/guide-gnss.com\/fr\/etalonnage-guide-gnss\/\" \/>\n<meta property=\"og:locale\" content=\"fr_FR\" \/>\n<meta property=\"og:type\" content=\"article\" \/>\n<meta property=\"og:title\" content=\"\u00c9talonnage - GUIDE GNSS\" \/>\n<meta property=\"og:description\" content=\"Contr\u00f4le d&#039;\u00c9talonnage - Guide GNSS - sur site des syst\u00e8mes de navigation inertielle (INS) d\u00e9di\u00e9s \u00e0 la m\u00e9trologie.\" \/>\n<meta property=\"og:url\" content=\"https:\/\/guide-gnss.com\/fr\/etalonnage-guide-gnss\/\" \/>\n<meta property=\"og:site_name\" content=\"GUIDE GNSS\" \/>\n<meta property=\"article:modified_time\" content=\"2024-03-21T13:58:27+00:00\" \/>\n<meta property=\"og:image\" content=\"https:\/\/guide-gnss.com\/wp-content\/uploads\/2023\/04\/shutterstock_1628733139-light-1.jpg\" \/>\n\t<meta property=\"og:image:width\" content=\"1370\" \/>\n\t<meta property=\"og:image:height\" content=\"898\" \/>\n\t<meta property=\"og:image:type\" content=\"image\/jpeg\" \/>\n<meta name=\"twitter:card\" content=\"summary_large_image\" \/>\n<meta name=\"twitter:label1\" content=\"Dur\u00e9e de lecture estim\u00e9e\" \/>\n\t<meta name=\"twitter:data1\" content=\"3 minutes\" \/>\n<script type=\"application\/ld+json\" class=\"yoast-schema-graph\">{\"@context\":\"https:\/\/schema.org\",\"@graph\":[{\"@type\":\"WebPage\",\"@id\":\"https:\/\/guide-gnss.com\/fr\/etalonnage-guide-gnss\/\",\"url\":\"https:\/\/guide-gnss.com\/fr\/etalonnage-guide-gnss\/\",\"name\":\"\u00c9talonnage - GUIDE GNSS\",\"isPartOf\":{\"@id\":\"https:\/\/guide-gnss.com\/#website\"},\"datePublished\":\"2023-04-07T12:06:15+00:00\",\"dateModified\":\"2024-03-21T13:58:27+00:00\",\"description\":\"Contr\u00f4le d'\u00c9talonnage - Guide GNSS - sur site des syst\u00e8mes de navigation inertielle (INS) d\u00e9di\u00e9s \u00e0 la m\u00e9trologie.\",\"breadcrumb\":{\"@id\":\"https:\/\/guide-gnss.com\/fr\/etalonnage-guide-gnss\/#breadcrumb\"},\"inLanguage\":\"fr-FR\",\"potentialAction\":[{\"@type\":\"ReadAction\",\"target\":[\"https:\/\/guide-gnss.com\/fr\/etalonnage-guide-gnss\/\"]}]},{\"@type\":\"BreadcrumbList\",\"@id\":\"https:\/\/guide-gnss.com\/fr\/etalonnage-guide-gnss\/#breadcrumb\",\"itemListElement\":[{\"@type\":\"ListItem\",\"position\":1,\"name\":\"Accueil\",\"item\":\"https:\/\/guide-gnss.com\/fr\/\"},{\"@type\":\"ListItem\",\"position\":2,\"name\":\"Services > Ing\u00e9nierie d'essais > \u00c9talonnage\"}]},{\"@type\":\"WebSite\",\"@id\":\"https:\/\/guide-gnss.com\/#website\",\"url\":\"https:\/\/guide-gnss.com\/\",\"name\":\"GUIDE GNSS\",\"description\":\"Laboratoire d&#039;Essais en G\u00e9olocalisation GNSS \/ GPS\",\"publisher\":{\"@id\":\"https:\/\/guide-gnss.com\/#organization\"},\"potentialAction\":[{\"@type\":\"SearchAction\",\"target\":{\"@type\":\"EntryPoint\",\"urlTemplate\":\"https:\/\/guide-gnss.com\/?s={search_term_string}\"},\"query-input\":\"required name=search_term_string\"}],\"inLanguage\":\"fr-FR\"},{\"@type\":\"Organization\",\"@id\":\"https:\/\/guide-gnss.com\/#organization\",\"name\":\"GUIDE GNSS\",\"url\":\"https:\/\/guide-gnss.com\/\",\"logo\":{\"@type\":\"ImageObject\",\"inLanguage\":\"fr-FR\",\"@id\":\"https:\/\/guide-gnss.com\/#\/schema\/logo\/image\/\",\"url\":\"https:\/\/guide-gnss.com\/wp-content\/uploads\/2019\/06\/LogoGUIDE-300dpi-2.png\",\"contentUrl\":\"https:\/\/guide-gnss.com\/wp-content\/uploads\/2019\/06\/LogoGUIDE-300dpi-2.png\",\"width\":1181,\"height\":897,\"caption\":\"GUIDE GNSS\"},\"image\":{\"@id\":\"https:\/\/guide-gnss.com\/#\/schema\/logo\/image\/\"},\"sameAs\":[\"https:\/\/www.linkedin.com\/company\/guide-gnss\/\",\"https:\/\/www.youtube.com\/channel\/UCkgddF2NHnrQ9gf-cgTdVkA\"]}]}<\/script>\n<!-- \/ Yoast SEO plugin. -->","yoast_head_json":{"title":"\u00c9talonnage - GUIDE GNSS","description":"Contr\u00f4le d'\u00c9talonnage - Guide GNSS - sur site des syst\u00e8mes de navigation inertielle (INS) d\u00e9di\u00e9s \u00e0 la m\u00e9trologie.","robots":{"index":"index","follow":"follow","max-snippet":"max-snippet:-1","max-image-preview":"max-image-preview:large","max-video-preview":"max-video-preview:-1"},"canonical":"https:\/\/guide-gnss.com\/fr\/etalonnage-guide-gnss\/","og_locale":"fr_FR","og_type":"article","og_title":"\u00c9talonnage - GUIDE GNSS","og_description":"Contr\u00f4le d'\u00c9talonnage - Guide GNSS - sur site des syst\u00e8mes de navigation inertielle (INS) d\u00e9di\u00e9s \u00e0 la m\u00e9trologie.","og_url":"https:\/\/guide-gnss.com\/fr\/etalonnage-guide-gnss\/","og_site_name":"GUIDE GNSS","article_modified_time":"2024-03-21T13:58:27+00:00","og_image":[{"width":1370,"height":898,"url":"https:\/\/guide-gnss.com\/wp-content\/uploads\/2023\/04\/shutterstock_1628733139-light-1.jpg","type":"image\/jpeg"}],"twitter_card":"summary_large_image","twitter_misc":{"Dur\u00e9e de lecture estim\u00e9e":"3 minutes"},"schema":{"@context":"https:\/\/schema.org","@graph":[{"@type":"WebPage","@id":"https:\/\/guide-gnss.com\/fr\/etalonnage-guide-gnss\/","url":"https:\/\/guide-gnss.com\/fr\/etalonnage-guide-gnss\/","name":"\u00c9talonnage - GUIDE GNSS","isPartOf":{"@id":"https:\/\/guide-gnss.com\/#website"},"datePublished":"2023-04-07T12:06:15+00:00","dateModified":"2024-03-21T13:58:27+00:00","description":"Contr\u00f4le d'\u00c9talonnage - Guide GNSS - sur site des syst\u00e8mes de navigation inertielle (INS) d\u00e9di\u00e9s \u00e0 la m\u00e9trologie.","breadcrumb":{"@id":"https:\/\/guide-gnss.com\/fr\/etalonnage-guide-gnss\/#breadcrumb"},"inLanguage":"fr-FR","potentialAction":[{"@type":"ReadAction","target":["https:\/\/guide-gnss.com\/fr\/etalonnage-guide-gnss\/"]}]},{"@type":"BreadcrumbList","@id":"https:\/\/guide-gnss.com\/fr\/etalonnage-guide-gnss\/#breadcrumb","itemListElement":[{"@type":"ListItem","position":1,"name":"Accueil","item":"https:\/\/guide-gnss.com\/fr\/"},{"@type":"ListItem","position":2,"name":"Services > Ing\u00e9nierie d'essais > \u00c9talonnage"}]},{"@type":"WebSite","@id":"https:\/\/guide-gnss.com\/#website","url":"https:\/\/guide-gnss.com\/","name":"GUIDE GNSS","description":"Laboratoire d&#039;Essais en G\u00e9olocalisation GNSS \/ GPS","publisher":{"@id":"https:\/\/guide-gnss.com\/#organization"},"potentialAction":[{"@type":"SearchAction","target":{"@type":"EntryPoint","urlTemplate":"https:\/\/guide-gnss.com\/?s={search_term_string}"},"query-input":"required name=search_term_string"}],"inLanguage":"fr-FR"},{"@type":"Organization","@id":"https:\/\/guide-gnss.com\/#organization","name":"GUIDE GNSS","url":"https:\/\/guide-gnss.com\/","logo":{"@type":"ImageObject","inLanguage":"fr-FR","@id":"https:\/\/guide-gnss.com\/#\/schema\/logo\/image\/","url":"https:\/\/guide-gnss.com\/wp-content\/uploads\/2019\/06\/LogoGUIDE-300dpi-2.png","contentUrl":"https:\/\/guide-gnss.com\/wp-content\/uploads\/2019\/06\/LogoGUIDE-300dpi-2.png","width":1181,"height":897,"caption":"GUIDE GNSS"},"image":{"@id":"https:\/\/guide-gnss.com\/#\/schema\/logo\/image\/"},"sameAs":["https:\/\/www.linkedin.com\/company\/guide-gnss\/","https:\/\/www.youtube.com\/channel\/UCkgddF2NHnrQ9gf-cgTdVkA"]}]}},"_links":{"self":[{"href":"https:\/\/guide-gnss.com\/fr\/wp-json\/wp\/v2\/pages\/8238"}],"collection":[{"href":"https:\/\/guide-gnss.com\/fr\/wp-json\/wp\/v2\/pages"}],"about":[{"href":"https:\/\/guide-gnss.com\/fr\/wp-json\/wp\/v2\/types\/page"}],"author":[{"embeddable":true,"href":"https:\/\/guide-gnss.com\/fr\/wp-json\/wp\/v2\/users\/5"}],"replies":[{"embeddable":true,"href":"https:\/\/guide-gnss.com\/fr\/wp-json\/wp\/v2\/comments?post=8238"}],"version-history":[{"count":39,"href":"https:\/\/guide-gnss.com\/fr\/wp-json\/wp\/v2\/pages\/8238\/revisions"}],"predecessor-version":[{"id":9423,"href":"https:\/\/guide-gnss.com\/fr\/wp-json\/wp\/v2\/pages\/8238\/revisions\/9423"}],"wp:featuredmedia":[{"embeddable":true,"href":"https:\/\/guide-gnss.com\/fr\/wp-json\/wp\/v2\/media\/8256"}],"wp:attachment":[{"href":"https:\/\/guide-gnss.com\/fr\/wp-json\/wp\/v2\/media?parent=8238"}],"curies":[{"name":"wp","href":"https:\/\/api.w.org\/{rel}","templated":true}]}}