{"id":8359,"date":"2023-05-05T12:04:06","date_gmt":"2023-05-05T10:04:06","guid":{"rendered":"http:\/\/guide-gnss.com\/?page_id=8359"},"modified":"2024-10-15T13:18:52","modified_gmt":"2024-10-15T11:18:52","slug":"leurrage","status":"publish","type":"page","link":"https:\/\/guide-gnss.com\/fr\/leurrage\/","title":{"rendered":"Leurrage"},"content":{"rendered":"<p>[et_pb_section fb_built=\u00a0\u00bb1&Prime; fullwidth=\u00a0\u00bbon\u00a0\u00bb _builder_version=\u00a0\u00bb4.16&Prime; saved_tabs=\u00a0\u00bball\u00a0\u00bb global_colors_info=\u00a0\u00bb{}\u00a0\u00bb][et_pb_fullwidth_header title=\u00a0\u00bb\u00c9valuation de l\u2019int\u00e9grit\u00e9, de la d\u00e9tection et de la r\u00e9silience face au leurrage GNSS (Spoofing)\u00a0\u00bb subhead=\u00a0\u00bbQuelle est l\u2019exposition d\u2019un syst\u00e8me de positionnement aux risques de leurrage ?\u00a0\u00bb _builder_version=\u00a0\u00bb4.16&Prime; title_font=\u00a0\u00bbMontserrat|700|||||||\u00a0\u00bb title_text_align=\u00a0\u00bbcenter\u00a0\u00bb title_font_size=\u00a0\u00bb32px\u00a0\u00bb title_letter_spacing=\u00a0\u00bb3px\u00a0\u00bb subhead_font=\u00a0\u00bbMontserrat|600|||||||\u00a0\u00bb subhead_text_align=\u00a0\u00bbcenter\u00a0\u00bb subhead_font_size=\u00a0\u00bb20px\u00a0\u00bb use_background_color_gradient=\u00a0\u00bbon\u00a0\u00bb background_color_gradient_stops=\u00a0\u00bb#375882 0%|#4370a0 100%\u00a0\u00bb background_color_gradient_start=\u00a0\u00bb#375882&Prime; background_color_gradient_end=\u00a0\u00bb#4370a0&Prime; global_colors_info=\u00a0\u00bb{}\u00a0\u00bb][\/et_pb_fullwidth_header][\/et_pb_section][et_pb_section fb_built=\u00a0\u00bb1&Prime; _builder_version=\u00a0\u00bb4.16&Prime; _module_preset=\u00a0\u00bbdefault\u00a0\u00bb width=\u00a0\u00bb100%\u00a0\u00bb global_colors_info=\u00a0\u00bb{}\u00a0\u00bb][et_pb_row column_structure=\u00a0\u00bb1_2,1_2&Prime; _builder_version=\u00a0\u00bb4.16&Prime; _module_preset=\u00a0\u00bbdefault\u00a0\u00bb min_height=\u00a0\u00bb375.5px\u00a0\u00bb custom_margin=\u00a0\u00bb-12px|auto||auto||\u00a0\u00bb custom_padding=\u00a0\u00bb0px|||||\u00a0\u00bb global_colors_info=\u00a0\u00bb{}\u00a0\u00bb][et_pb_column type=\u00a0\u00bb1_2&Prime; _builder_version=\u00a0\u00bb4.16&Prime; _module_preset=\u00a0\u00bbdefault\u00a0\u00bb global_colors_info=\u00a0\u00bb{}\u00a0\u00bb][et_pb_text _builder_version=\u00a0\u00bb4.21.0&Prime; _module_preset=\u00a0\u00bbdefault\u00a0\u00bb global_colors_info=\u00a0\u00bb{}\u00a0\u00bb]<\/p>\n<h2 style=\"text-align: justify;\">QU&rsquo;EST CE QU&rsquo;UN LEURRAGE GNSS\u00a0 ?<span><\/span><\/h2>\n<p style=\"text-align: justify;\">Les technologies GNSS sont impl\u00e9ment\u00e9es dans de nombreuses applications telles que l&rsquo;aviation, la navigation maritime, les transports routiers ou ferroviaires. Elles utilisent les signaux satellitaires pour calculer des positions pr\u00e9cises en tout lieu et \u00e0 tout moment. Malheureusement, des acteurs malveillants sont susceptibles de les leurrer, en manipulant et en leur superposant de faux-signaux pour d\u00e9router ces moyens de transports des trajectoires attendues.<\/p>\n<p style=\"text-align: justify;\">Ces attaques GNSS peuvent entra\u00eener des cons\u00e9quences graves sur la navigation et la synchronisation pr\u00e9cise du temps.<\/p>\n<p style=\"text-align: justify;\">Le niveau de la menace ne cesse de progresser avec l\u2019apparition<span style=\"color: #000000;\"> sur le march\u00e9<\/span> de dispositifs portables de leurrage (spoofing) \u00e0 faible co\u00fbt.<\/p>\n<p style=\"text-align: justify;\">Pour faire face, les industriels con\u00e7oivent et int\u00e8grent dans leurs terminaux des dispositifs de contremesures pour d\u00e9tecter et att\u00e9nuer les effets de ces attaques GNSS. Quant aux autorit\u00e9s nationales et Europ\u00e9ennes comp\u00e9tentes, elles adoptent des r\u00e9glementations et des normes pour am\u00e9liorer la s\u00e9curit\u00e9 d\u2019emploi de ces syst\u00e8mes de positionnement.<\/p>\n<p style=\"text-align: justify;\">Les essais ont ici vocation \u00e0 \u00e9tablir le niveau de vuln\u00e9rabilit\u00e9 des solutions GNSS.<\/p>\n<p style=\"text-align: justify;\"><strong><\/strong><\/p>\n<p>[\/et_pb_text][\/et_pb_column][et_pb_column type=\u00a0\u00bb1_2&Prime; _builder_version=\u00a0\u00bb4.16&Prime; _module_preset=\u00a0\u00bbdefault\u00a0\u00bb global_colors_info=\u00a0\u00bb{}\u00a0\u00bb][et_pb_image src=\u00a0\u00bbhttps:\/\/guide-gnss.com\/wp-content\/uploads\/2024\/01\/240124-leurrage-2.jpg\u00a0\u00bb alt=\u00a0\u00bbGNSS leurrage\u00a0\u00bb title_text=\u00a0\u00bbTest leurrage GNSS\u00a0\u00bb _builder_version=\u00a0\u00bb4.21.0&Prime; _module_preset=\u00a0\u00bbdefault\u00a0\u00bb hover_enabled=\u00a0\u00bb0&Prime; global_colors_info=\u00a0\u00bb{}\u00a0\u00bb sticky_enabled=\u00a0\u00bb0&Prime;][\/et_pb_image][et_pb_text _builder_version=\u00a0\u00bb4.16&Prime; text_font_size=\u00a0\u00bb10px\u00a0\u00bb locked=\u00a0\u00bboff\u00a0\u00bb global_colors_info=\u00a0\u00bb{}\u00a0\u00bb]<\/p>\n<p style=\"text-align: center;\"><em>Figure 1 &#8211; Effet sur un r\u00e9cepteur \u2013 Essais de vuln\u00e9rabilit\u00e9 aux risques de leurrage GNSS<\/em><\/p>\n<p style=\"text-align: center;\"><em>\u00a0<\/em><\/p>\n<p>[\/et_pb_text][\/et_pb_column][\/et_pb_row][et_pb_row column_structure=\u00a0\u00bb1_2,1_2&Prime; _builder_version=\u00a0\u00bb4.16&Prime; _module_preset=\u00a0\u00bbdefault\u00a0\u00bb min_height=\u00a0\u00bb375.5px\u00a0\u00bb custom_margin=\u00a0\u00bb-12px|auto||auto||\u00a0\u00bb custom_padding=\u00a0\u00bb0px|||||\u00a0\u00bb global_colors_info=\u00a0\u00bb{}\u00a0\u00bb][et_pb_column type=\u00a0\u00bb1_2&Prime; _builder_version=\u00a0\u00bb4.16&Prime; _module_preset=\u00a0\u00bbdefault\u00a0\u00bb global_colors_info=\u00a0\u00bb{}\u00a0\u00bb][et_pb_text _builder_version=\u00a0\u00bb4.21.0&Prime; _module_preset=\u00a0\u00bbdefault\u00a0\u00bb global_colors_info=\u00a0\u00bb{}\u00a0\u00bb]<\/p>\n<h2><strong>detection et RESILIENCE face AU LEURRAGE GNSS<\/strong><\/h2>\n<p style=\"text-align: justify;\">Les techniques de leurrages sont nombreuses et certaines sont particuli\u00e8rement sophistiqu\u00e9es.<\/p>\n<p style=\"text-align: justify;\">Dans tous les cas, une analyse de s\u00e9curit\u00e9 est indispensable afin de se concentrer sur les attaques les plus probables et celles ayant les effets les plus dommageables pour vos activit\u00e9s.<\/p>\n<p style=\"text-align: justify;\">La plupart des dispositifs de contremesures cherchent \u00e0 d\u00e9tecter les ph\u00e9nom\u00e8nes de discontinuit\u00e9s temporelles et les \u00e9carts de positions irr\u00e9alistes.<\/p>\n<p style=\"text-align: justify;\">Une surveillance ultrasensible am\u00e9liorera les capacit\u00e9s de d\u00e9tection pour d\u00e9jouer les attaques. Cependant, un exc\u00e8s de susceptibilit\u00e9 entraine d\u2019un autre c\u00f4t\u00e9 de fausses alarmes ou des indisponibilit\u00e9s du syst\u00e8me d\u2019authentification (ex. <span style=\"color: #3366ff;\"><a href=\"https:\/\/www.gsc-europa.eu\/sites\/default\/files\/sites\/all\/files\/Galileo_OSNMA_Info_Note.pdf\" target=\"_blank\" rel=\"noopener\" style=\"color: #3366ff;\">OSNMA de GALILEO<\/a><\/span>) des signaux satellitaires originaux.<\/p>\n<p style=\"text-align: justify;\">Aussi, les crit\u00e8res de performances attendus doivent \u00eatre d\u00e9finis avec soin avant de proc\u00e9der \u00e0 des essais de vuln\u00e9rabilit\u00e9. En particulier, il est n\u00e9cessaire de bien s\u00e9lectionner les cas de leurrages retenus et de bien d\u00e9finir les conditions typiques d\u2019emploi (environnements, vitesses, ambiances).<\/p>\n<ul>\n<li style=\"text-align: justify;\">Rapidit\u00e9 et sensibilit\u00e9 des d\u00e9tections\u00a0;<\/li>\n<li style=\"text-align: justify;\">Fiabilit\u00e9 des d\u00e9tections en fonctions des cas d\u2019essais\u00a0;<\/li>\n<li style=\"text-align: justify;\">R\u00e9silience des calculs de position\u00a0;<\/li>\n<li style=\"text-align: justify;\">Robustesses aux signaux interf\u00e9rents, souvent concomitants aux attaques GNSS par le leurrage\u00a0;<\/li>\n<li style=\"text-align: justify;\">Compatibilit\u00e9 avec les services d\u2019authentification des signaux\u00a0;<\/li>\n<li style=\"text-align: justify;\">Maintenabilit\u00e9 et mise \u00e0 jour du dispositif de contremesures, \u00e0 l\u2019instar des syst\u00e8mes de protection contre la cybers\u00e9curit\u00e9.<\/li>\n<\/ul>\n<ul><\/ul>\n<p>[\/et_pb_text][\/et_pb_column][et_pb_column type=\u00a0\u00bb1_2&Prime; _builder_version=\u00a0\u00bb4.16&Prime; _module_preset=\u00a0\u00bbdefault\u00a0\u00bb global_colors_info=\u00a0\u00bb{}\u00a0\u00bb][et_pb_image src=\u00a0\u00bbhttps:\/\/guide-gnss.com\/wp-content\/uploads\/2024\/01\/240124-leurrage.jpg\u00a0\u00bb alt=\u00a0\u00bbdetection leurrage GNSS\u00a0\u00bb title_text=\u00a0\u00bbMenaces leurrage GNSS maritime\u00a0\u00bb _builder_version=\u00a0\u00bb4.21.0&Prime; _module_preset=\u00a0\u00bbdefault\u00a0\u00bb hover_enabled=\u00a0\u00bb0&Prime; global_colors_info=\u00a0\u00bb{}\u00a0\u00bb sticky_enabled=\u00a0\u00bb0&Prime;][\/et_pb_image][et_pb_text _builder_version=\u00a0\u00bb4.16&Prime; text_font_size=\u00a0\u00bb10px\u00a0\u00bb locked=\u00a0\u00bboff\u00a0\u00bb global_colors_info=\u00a0\u00bb{}\u00a0\u00bb]<\/p>\n<p style=\"text-align: center;\"><em>Figure 2 &#8211; Exemple &#8211; Menaces du leurrage GNSS dans les activit\u00e9s maritimes<br \/><\/em><\/p>\n<p>[\/et_pb_text][\/et_pb_column][\/et_pb_row][et_pb_row column_structure=\u00a0\u00bb1_2,1_2&Prime; _builder_version=\u00a0\u00bb4.16&Prime; _module_preset=\u00a0\u00bbdefault\u00a0\u00bb min_height=\u00a0\u00bb375.5px\u00a0\u00bb custom_margin=\u00a0\u00bb-12px|auto||auto||\u00a0\u00bb custom_padding=\u00a0\u00bb0px|||||\u00a0\u00bb global_colors_info=\u00a0\u00bb{}\u00a0\u00bb][et_pb_column type=\u00a0\u00bb1_2&Prime; _builder_version=\u00a0\u00bb4.16&Prime; _module_preset=\u00a0\u00bbdefault\u00a0\u00bb global_colors_info=\u00a0\u00bb{}\u00a0\u00bb][et_pb_text _builder_version=\u00a0\u00bb4.21.0&Prime; _module_preset=\u00a0\u00bbdefault\u00a0\u00bb global_colors_info=\u00a0\u00bb{}\u00a0\u00bb]<\/p>\n<h2><strong>CERTIFICATS D&rsquo;ESSAIS DES CONTREMESURES AU LEURRAGE GNSS<\/strong><\/h2>\n<p style=\"text-align: justify;\">Plusieurs m\u00e9thodes sont propos\u00e9es pour \u00e9valuer l\u2019efficacit\u00e9 des contremesures impl\u00e9ment\u00e9es.<\/p>\n<p style=\"text-align: justify;\">En premier lieu, il convient de s\u2019assurer de leurs bons fonctionnements, de leurs r\u00e9activit\u00e9s et de leurs parfaites compatibilit\u00e9s avec les services d\u2019authentification des signaux GNSS, comme celui de l\u2019<span style=\"color: #3366ff;\"><a href=\"https:\/\/www.gsc-europa.eu\/sites\/default\/files\/sites\/all\/files\/Galileo_OSNMA_Info_Note.pdf\" target=\"_blank\" rel=\"noopener\" style=\"color: #3366ff;\">OSNMA de GALILEO<\/a><\/span>.<\/p>\n<p style=\"text-align: justify;\">Ensuite, en absence de tout leurrage, il faut \u00e9prouver sa fiabilit\u00e9 et sa disponibilit\u00e9 en pr\u00e9sence de <span style=\"color: #0073d1;\"><a href=\"https:\/\/guide-gnss.com\/fr\/metrologie-essais-gnss\/\" style=\"color: #0073d1;\">perturbations typiques<\/a><\/span> du cas d\u2019usage consid\u00e9r\u00e9, c\u2019est-\u00e0-dire des d\u00e9gradations de la qualit\u00e9 du signal caus\u00e9es par l\u2019environnement local (ponts, feuillages, multitrajets, diffractions de la houle\u2026) ou encore provoqu\u00e9es par des interf\u00e9rences \u00e9lectromagn\u00e9tiques non-volontaires.<\/p>\n<p style=\"text-align: justify;\">Enfin, les cas de leurrage seront \u00e9tudi\u00e9s, un \u00e0 un, pour \u00e9tablir la robustesse du dispositif \u00e0 leurs effets, individuellement.<\/p>\n<p style=\"text-align: justify;\">Ce parcours d\u2019inspection des vuln\u00e9rabilit\u00e9s commencera par les attaques les plus courantes ou les plus faciles \u00e0 mettre en \u0153uvre, comme celle d\u00e9sign\u00e9e sous terme \u00ab\u00a0meaconing\u00a0\u00bb.<\/p>\n<ul><\/ul>\n<p>[\/et_pb_text][\/et_pb_column][et_pb_column type=\u00a0\u00bb1_2&Prime; _builder_version=\u00a0\u00bb4.16&Prime; _module_preset=\u00a0\u00bbdefault\u00a0\u00bb global_colors_info=\u00a0\u00bb{}\u00a0\u00bb][et_pb_image src=\u00a0\u00bbhttps:\/\/guide-gnss.com\/wp-content\/uploads\/2023\/05\/shutterstock_1842229708-scaled.jpg\u00a0\u00bb alt=\u00a0\u00bbmenaces cyber-attaque leurrage GNSS\u00a0\u00bb title_text=\u00a0\u00bbmenaces cyber-attaques leurrage GNSS\u00a0\u00bb show_in_lightbox=\u00a0\u00bbon\u00a0\u00bb _builder_version=\u00a0\u00bb4.21.0&Prime; _module_preset=\u00a0\u00bbdefault\u00a0\u00bb hover_enabled=\u00a0\u00bb0&Prime; global_colors_info=\u00a0\u00bb{}\u00a0\u00bb sticky_enabled=\u00a0\u00bb0&Prime;][\/et_pb_image][et_pb_text _builder_version=\u00a0\u00bb4.16&Prime; text_font_size=\u00a0\u00bb10px\u00a0\u00bb locked=\u00a0\u00bboff\u00a0\u00bb global_colors_info=\u00a0\u00bb{}\u00a0\u00bb]<\/p>\n<p style=\"text-align: center;\"><em>Figure 3 &#8211; Cyber Attaque GNSS &#8211; \u00c9valuation des risques du leurrage GNSS<br \/><\/em><\/p>\n<p>[\/et_pb_text][\/et_pb_column][\/et_pb_row][\/et_pb_section]<\/p>\n","protected":false},"excerpt":{"rendered":"<p>QU&rsquo;EST CE QU&rsquo;UN LEURRAGE GNSS\u00a0 ? Les technologies GNSS sont impl\u00e9ment\u00e9es dans de nombreuses applications telles que l&rsquo;aviation, la navigation maritime, les transports routiers ou ferroviaires. Elles utilisent les signaux satellitaires pour calculer des positions pr\u00e9cises en tout lieu et \u00e0 tout moment. Malheureusement, des acteurs malveillants sont susceptibles de les leurrer, en manipulant et [&hellip;]<\/p>\n","protected":false},"author":5,"featured_media":9293,"parent":0,"menu_order":0,"comment_status":"closed","ping_status":"closed","template":"","meta":{"_et_pb_use_builder":"on","_et_pb_old_content":"","_et_gb_content_width":""},"yoast_head":"<!-- This site is optimized with the Yoast SEO plugin v20.11 - https:\/\/yoast.com\/wordpress\/plugins\/seo\/ -->\n<title>Leurrage - GUIDE GNSS<\/title>\n<meta name=\"description\" content=\"\u00c9valuation des performances d\u2019int\u00e9grit\u00e9 des syst\u00e8mes de positionnement GNSS \u00e0 d\u00e9tecter et \u00e0 d\u00e9jouer les effets d\u2019une op\u00e9ration de leurrage.\" \/>\n<meta name=\"robots\" content=\"index, follow, max-snippet:-1, max-image-preview:large, max-video-preview:-1\" \/>\n<link rel=\"canonical\" href=\"https:\/\/guide-gnss.com\/fr\/leurrage\/\" \/>\n<meta property=\"og:locale\" content=\"fr_FR\" \/>\n<meta property=\"og:type\" content=\"article\" \/>\n<meta property=\"og:title\" content=\"Leurrage - GUIDE GNSS\" \/>\n<meta property=\"og:description\" content=\"\u00c9valuation des performances d\u2019int\u00e9grit\u00e9 des syst\u00e8mes de positionnement GNSS \u00e0 d\u00e9tecter et \u00e0 d\u00e9jouer les effets d\u2019une op\u00e9ration de leurrage.\" \/>\n<meta property=\"og:url\" content=\"https:\/\/guide-gnss.com\/fr\/leurrage\/\" \/>\n<meta property=\"og:site_name\" content=\"GUIDE GNSS\" \/>\n<meta property=\"article:modified_time\" content=\"2024-10-15T11:18:52+00:00\" \/>\n<meta property=\"og:image\" content=\"https:\/\/guide-gnss.com\/wp-content\/uploads\/2024\/01\/240124-leurrage-2.jpg\" \/>\n\t<meta property=\"og:image:width\" content=\"1800\" \/>\n\t<meta property=\"og:image:height\" content=\"1200\" \/>\n\t<meta property=\"og:image:type\" content=\"image\/jpeg\" \/>\n<meta name=\"twitter:card\" content=\"summary_large_image\" \/>\n<meta name=\"twitter:label1\" content=\"Dur\u00e9e de lecture estim\u00e9e\" \/>\n\t<meta name=\"twitter:data1\" content=\"4 minutes\" \/>\n<script type=\"application\/ld+json\" class=\"yoast-schema-graph\">{\"@context\":\"https:\/\/schema.org\",\"@graph\":[{\"@type\":\"WebPage\",\"@id\":\"https:\/\/guide-gnss.com\/fr\/leurrage\/\",\"url\":\"https:\/\/guide-gnss.com\/fr\/leurrage\/\",\"name\":\"Leurrage - GUIDE GNSS\",\"isPartOf\":{\"@id\":\"https:\/\/guide-gnss.com\/#website\"},\"datePublished\":\"2023-05-05T10:04:06+00:00\",\"dateModified\":\"2024-10-15T11:18:52+00:00\",\"description\":\"\u00c9valuation des performances d\u2019int\u00e9grit\u00e9 des syst\u00e8mes de positionnement GNSS \u00e0 d\u00e9tecter et \u00e0 d\u00e9jouer les effets d\u2019une op\u00e9ration de leurrage.\",\"breadcrumb\":{\"@id\":\"https:\/\/guide-gnss.com\/fr\/leurrage\/#breadcrumb\"},\"inLanguage\":\"fr-FR\",\"potentialAction\":[{\"@type\":\"ReadAction\",\"target\":[\"https:\/\/guide-gnss.com\/fr\/leurrage\/\"]}]},{\"@type\":\"BreadcrumbList\",\"@id\":\"https:\/\/guide-gnss.com\/fr\/leurrage\/#breadcrumb\",\"itemListElement\":[{\"@type\":\"ListItem\",\"position\":1,\"name\":\"Accueil\",\"item\":\"https:\/\/guide-gnss.com\/fr\/\"},{\"@type\":\"ListItem\",\"position\":2,\"name\":\"Services > Ing\u00e9nierie d'essais > Leurrage\"}]},{\"@type\":\"WebSite\",\"@id\":\"https:\/\/guide-gnss.com\/#website\",\"url\":\"https:\/\/guide-gnss.com\/\",\"name\":\"GUIDE GNSS\",\"description\":\"Laboratoire d&#039;Essais en G\u00e9olocalisation GNSS \/ GPS\",\"publisher\":{\"@id\":\"https:\/\/guide-gnss.com\/#organization\"},\"potentialAction\":[{\"@type\":\"SearchAction\",\"target\":{\"@type\":\"EntryPoint\",\"urlTemplate\":\"https:\/\/guide-gnss.com\/?s={search_term_string}\"},\"query-input\":\"required name=search_term_string\"}],\"inLanguage\":\"fr-FR\"},{\"@type\":\"Organization\",\"@id\":\"https:\/\/guide-gnss.com\/#organization\",\"name\":\"GUIDE GNSS\",\"url\":\"https:\/\/guide-gnss.com\/\",\"logo\":{\"@type\":\"ImageObject\",\"inLanguage\":\"fr-FR\",\"@id\":\"https:\/\/guide-gnss.com\/#\/schema\/logo\/image\/\",\"url\":\"https:\/\/guide-gnss.com\/wp-content\/uploads\/2019\/06\/LogoGUIDE-300dpi-2.png\",\"contentUrl\":\"https:\/\/guide-gnss.com\/wp-content\/uploads\/2019\/06\/LogoGUIDE-300dpi-2.png\",\"width\":1181,\"height\":897,\"caption\":\"GUIDE GNSS\"},\"image\":{\"@id\":\"https:\/\/guide-gnss.com\/#\/schema\/logo\/image\/\"},\"sameAs\":[\"https:\/\/www.linkedin.com\/company\/guide-gnss\/\",\"https:\/\/www.youtube.com\/channel\/UCkgddF2NHnrQ9gf-cgTdVkA\"]}]}<\/script>\n<!-- \/ Yoast SEO plugin. -->","yoast_head_json":{"title":"Leurrage - GUIDE GNSS","description":"\u00c9valuation des performances d\u2019int\u00e9grit\u00e9 des syst\u00e8mes de positionnement GNSS \u00e0 d\u00e9tecter et \u00e0 d\u00e9jouer les effets d\u2019une op\u00e9ration de leurrage.","robots":{"index":"index","follow":"follow","max-snippet":"max-snippet:-1","max-image-preview":"max-image-preview:large","max-video-preview":"max-video-preview:-1"},"canonical":"https:\/\/guide-gnss.com\/fr\/leurrage\/","og_locale":"fr_FR","og_type":"article","og_title":"Leurrage - GUIDE GNSS","og_description":"\u00c9valuation des performances d\u2019int\u00e9grit\u00e9 des syst\u00e8mes de positionnement GNSS \u00e0 d\u00e9tecter et \u00e0 d\u00e9jouer les effets d\u2019une op\u00e9ration de leurrage.","og_url":"https:\/\/guide-gnss.com\/fr\/leurrage\/","og_site_name":"GUIDE GNSS","article_modified_time":"2024-10-15T11:18:52+00:00","og_image":[{"width":1800,"height":1200,"url":"https:\/\/guide-gnss.com\/wp-content\/uploads\/2024\/01\/240124-leurrage-2.jpg","type":"image\/jpeg"}],"twitter_card":"summary_large_image","twitter_misc":{"Dur\u00e9e de lecture estim\u00e9e":"4 minutes"},"schema":{"@context":"https:\/\/schema.org","@graph":[{"@type":"WebPage","@id":"https:\/\/guide-gnss.com\/fr\/leurrage\/","url":"https:\/\/guide-gnss.com\/fr\/leurrage\/","name":"Leurrage - GUIDE GNSS","isPartOf":{"@id":"https:\/\/guide-gnss.com\/#website"},"datePublished":"2023-05-05T10:04:06+00:00","dateModified":"2024-10-15T11:18:52+00:00","description":"\u00c9valuation des performances d\u2019int\u00e9grit\u00e9 des syst\u00e8mes de positionnement GNSS \u00e0 d\u00e9tecter et \u00e0 d\u00e9jouer les effets d\u2019une op\u00e9ration de leurrage.","breadcrumb":{"@id":"https:\/\/guide-gnss.com\/fr\/leurrage\/#breadcrumb"},"inLanguage":"fr-FR","potentialAction":[{"@type":"ReadAction","target":["https:\/\/guide-gnss.com\/fr\/leurrage\/"]}]},{"@type":"BreadcrumbList","@id":"https:\/\/guide-gnss.com\/fr\/leurrage\/#breadcrumb","itemListElement":[{"@type":"ListItem","position":1,"name":"Accueil","item":"https:\/\/guide-gnss.com\/fr\/"},{"@type":"ListItem","position":2,"name":"Services > Ing\u00e9nierie d'essais > Leurrage"}]},{"@type":"WebSite","@id":"https:\/\/guide-gnss.com\/#website","url":"https:\/\/guide-gnss.com\/","name":"GUIDE GNSS","description":"Laboratoire d&#039;Essais en G\u00e9olocalisation GNSS \/ GPS","publisher":{"@id":"https:\/\/guide-gnss.com\/#organization"},"potentialAction":[{"@type":"SearchAction","target":{"@type":"EntryPoint","urlTemplate":"https:\/\/guide-gnss.com\/?s={search_term_string}"},"query-input":"required name=search_term_string"}],"inLanguage":"fr-FR"},{"@type":"Organization","@id":"https:\/\/guide-gnss.com\/#organization","name":"GUIDE GNSS","url":"https:\/\/guide-gnss.com\/","logo":{"@type":"ImageObject","inLanguage":"fr-FR","@id":"https:\/\/guide-gnss.com\/#\/schema\/logo\/image\/","url":"https:\/\/guide-gnss.com\/wp-content\/uploads\/2019\/06\/LogoGUIDE-300dpi-2.png","contentUrl":"https:\/\/guide-gnss.com\/wp-content\/uploads\/2019\/06\/LogoGUIDE-300dpi-2.png","width":1181,"height":897,"caption":"GUIDE GNSS"},"image":{"@id":"https:\/\/guide-gnss.com\/#\/schema\/logo\/image\/"},"sameAs":["https:\/\/www.linkedin.com\/company\/guide-gnss\/","https:\/\/www.youtube.com\/channel\/UCkgddF2NHnrQ9gf-cgTdVkA"]}]}},"_links":{"self":[{"href":"https:\/\/guide-gnss.com\/fr\/wp-json\/wp\/v2\/pages\/8359"}],"collection":[{"href":"https:\/\/guide-gnss.com\/fr\/wp-json\/wp\/v2\/pages"}],"about":[{"href":"https:\/\/guide-gnss.com\/fr\/wp-json\/wp\/v2\/types\/page"}],"author":[{"embeddable":true,"href":"https:\/\/guide-gnss.com\/fr\/wp-json\/wp\/v2\/users\/5"}],"replies":[{"embeddable":true,"href":"https:\/\/guide-gnss.com\/fr\/wp-json\/wp\/v2\/comments?post=8359"}],"version-history":[{"count":29,"href":"https:\/\/guide-gnss.com\/fr\/wp-json\/wp\/v2\/pages\/8359\/revisions"}],"predecessor-version":[{"id":9993,"href":"https:\/\/guide-gnss.com\/fr\/wp-json\/wp\/v2\/pages\/8359\/revisions\/9993"}],"wp:featuredmedia":[{"embeddable":true,"href":"https:\/\/guide-gnss.com\/fr\/wp-json\/wp\/v2\/media\/9293"}],"wp:attachment":[{"href":"https:\/\/guide-gnss.com\/fr\/wp-json\/wp\/v2\/media?parent=8359"}],"curies":[{"name":"wp","href":"https:\/\/api.w.org\/{rel}","templated":true}]}}